{"id":18562,"date":"2026-02-27T00:40:29","date_gmt":"2026-02-27T00:40:29","guid":{"rendered":"https:\/\/nordicmart.andreevmaster.com\/product\/feandrea-gra-valphage\/"},"modified":"2026-02-27T08:28:55","modified_gmt":"2026-02-27T08:28:55","slug":"feandrea-gra-valphage","status":"publish","type":"product","link":"https:\/\/nordicmart.andreevmaster.com\/sv\/produkt\/feandrea-gra-valphage\/","title":{"rendered":"Feandrea Gr\u00e5 valphage"},"content":{"rendered":"<p>Med valpgrinden fr\u00e5n FEANDREA k\u00e4nner sig ditt djur som mest bekv\u00e4mt utomhus! Tack vare den genomt\u00e4nkta konstruktionen kan valpgrinden monteras och demonteras snabbt utan verktyg. Utomhusinh\u00e4gnaden best\u00e5r av fyra sidopaneler, varav en \u00e4r f\u00f6rsedd med en d\u00f6rr. D\u00f6rren \u00e4r stor och m\u00f6jligg\u00f6r snabb och enkel \u00e5tkomst till djuren. Tv\u00e5 l\u00e5sbultar p\u00e5 d\u00f6rren ger extra s\u00e4kerhet. Det finns inga vassa h\u00f6rn och kanter, vilket skyddar dina djur. Valpst\u00e4ngslet erbjuder tillr\u00e4ckligt med utrymme f\u00f6r att dina valpar ska kunna leka, sova eller mysa d\u00e4r. Det \u00e4r visuellt tilltalande och h\u00e5llbart, dessutom \u00e4r det v\u00e4l ventilerat och erbjuder obegr\u00e4nsad sikt \u00f6ver djuret. Produktdetaljer: &#8211; Material: metall &#8211; F\u00e4rg: gr\u00e5 (PPK04GY) &#8211; M\u00e5tt: 122 x 70 x 80 cm (B x H x D) &#8211; Maskstorlek: 4,2 x 14 cm &#8211; D\u00f6rrens m\u00e5tt: 57 x 54 cm (B x H) &#8211; Vikt: 11 kg Leveransomfattning: &#8211; 1 x valphage (3 x gallerelement utan d\u00f6rr, 1 x gallerelement med d\u00f6rr) &#8211; 1 x bruksanvisning (EN, DE, FR, IT, ES) FEANDREA Anm\u00e4rkningar: &#8211; Husdjur f\u00e5r endast vistas i valphagen utan halsband och koppel. Annars finns risk f\u00f6r kv\u00e4vning! &#8211; M\u00e4t ditt husdjur innan du best\u00e4ller denna produkt f\u00f6r att undvika att k\u00f6pa en bur i fel storlek. &#8211; Denna produkt \u00e4r inte en leksak. L\u00e5t inte barn anv\u00e4nda den som s\u00e5dan. &#8211; Placera produkten p\u00e5 en plan yta.<\/p>\n","protected":false},"excerpt":{"rendered":"<p>Feandrea valphage, valpgaller, valpstaket, utomhushage, valpbur, djurbur f\u00f6r hundar, 122 x 80 x 70 cm, svart PPK04BK<\/p>\n","protected":false},"featured_media":45567,"comment_status":"open","ping_status":"closed","template":"","meta":[],"product_brand":[],"product_cat":[33],"product_tag":[],"class_list":{"0":"post-18562","1":"product","2":"type-product","3":"status-publish","4":"has-post-thumbnail","6":"product_cat-okategoriserad","8":"first","9":"instock","10":"shipping-taxable","11":"purchasable","12":"product-type-simple"},"_links":{"self":[{"href":"https:\/\/nordicmart.andreevmaster.com\/sv\/wp-json\/wp\/v2\/product\/18562","targetHints":{"allow":["GET"]}}],"collection":[{"href":"https:\/\/nordicmart.andreevmaster.com\/sv\/wp-json\/wp\/v2\/product"}],"about":[{"href":"https:\/\/nordicmart.andreevmaster.com\/sv\/wp-json\/wp\/v2\/types\/product"}],"replies":[{"embeddable":true,"href":"https:\/\/nordicmart.andreevmaster.com\/sv\/wp-json\/wp\/v2\/comments?post=18562"}],"wp:featuredmedia":[{"embeddable":true,"href":"https:\/\/nordicmart.andreevmaster.com\/sv\/wp-json\/wp\/v2\/media\/45567"}],"wp:attachment":[{"href":"https:\/\/nordicmart.andreevmaster.com\/sv\/wp-json\/wp\/v2\/media?parent=18562"}],"wp:term":[{"taxonomy":"product_brand","embeddable":true,"href":"https:\/\/nordicmart.andreevmaster.com\/sv\/wp-json\/wp\/v2\/product_brand?post=18562"},{"taxonomy":"product_cat","embeddable":true,"href":"https:\/\/nordicmart.andreevmaster.com\/sv\/wp-json\/wp\/v2\/product_cat?post=18562"},{"taxonomy":"product_tag","embeddable":true,"href":"https:\/\/nordicmart.andreevmaster.com\/sv\/wp-json\/wp\/v2\/product_tag?post=18562"}],"curies":[{"name":"wp","href":"https:\/\/api.w.org\/{rel}","templated":true}]}}