{"id":18559,"date":"2026-02-27T00:40:28","date_gmt":"2026-02-27T00:40:28","guid":{"rendered":"https:\/\/nordicmart.andreevmaster.com\/product\/feandrea-utomhusbur-med-stalgaller\/"},"modified":"2026-02-27T08:28:54","modified_gmt":"2026-02-27T08:28:54","slug":"feandrea-utomhusbur-med-stalgaller","status":"publish","type":"product","link":"https:\/\/nordicmart.andreevmaster.com\/sv\/produkt\/feandrea-utomhusbur-med-stalgaller\/","title":{"rendered":"Feandrea utomhusbur med st\u00e5lgaller"},"content":{"rendered":"<p>Feandrea valphage, utomhushage, st\u00e5lgaller, valphage, skjutd\u00f6rr med 2 sp\u00e4rrar, storlek XXL, 122 x 80 x 70 cm, h\u00e4gn f\u00f6r hundar, kaniner, valn\u00f6tbrun-svart PPK006T41<br \/>\nF\u00e4rg: valn\u00f6tbrun-svart<br \/>\nMaterial: Sp\u00e5nskiva, st\u00e5l<br \/>\nStorlek: 122 x 80 x 70 cm (L x B x H)<br \/>\nVikt: 12,5 kg<br \/>\nRekommenderas f\u00f6r hundar med en vikt upp till 42 kg<\/p>\n","protected":false},"excerpt":{"rendered":"<p>Feandrea valphage, utomhushage, st\u00e5lgaller, valphage, skjutd\u00f6rr med 2 sp\u00e4rrar, storlek XXL, 122 x 80 x 70 cm, h\u00e4gn f\u00f6r hundar, kaniner, valn\u00f6tbrun-svart PPK006T41<\/p>\n","protected":false},"featured_media":45564,"comment_status":"open","ping_status":"closed","template":"","meta":[],"product_brand":[],"product_cat":[33],"product_tag":[],"class_list":{"0":"post-18559","1":"product","2":"type-product","3":"status-publish","4":"has-post-thumbnail","6":"product_cat-okategoriserad","8":"first","9":"instock","10":"shipping-taxable","11":"purchasable","12":"product-type-simple"},"_links":{"self":[{"href":"https:\/\/nordicmart.andreevmaster.com\/sv\/wp-json\/wp\/v2\/product\/18559","targetHints":{"allow":["GET"]}}],"collection":[{"href":"https:\/\/nordicmart.andreevmaster.com\/sv\/wp-json\/wp\/v2\/product"}],"about":[{"href":"https:\/\/nordicmart.andreevmaster.com\/sv\/wp-json\/wp\/v2\/types\/product"}],"replies":[{"embeddable":true,"href":"https:\/\/nordicmart.andreevmaster.com\/sv\/wp-json\/wp\/v2\/comments?post=18559"}],"wp:featuredmedia":[{"embeddable":true,"href":"https:\/\/nordicmart.andreevmaster.com\/sv\/wp-json\/wp\/v2\/media\/45564"}],"wp:attachment":[{"href":"https:\/\/nordicmart.andreevmaster.com\/sv\/wp-json\/wp\/v2\/media?parent=18559"}],"wp:term":[{"taxonomy":"product_brand","embeddable":true,"href":"https:\/\/nordicmart.andreevmaster.com\/sv\/wp-json\/wp\/v2\/product_brand?post=18559"},{"taxonomy":"product_cat","embeddable":true,"href":"https:\/\/nordicmart.andreevmaster.com\/sv\/wp-json\/wp\/v2\/product_cat?post=18559"},{"taxonomy":"product_tag","embeddable":true,"href":"https:\/\/nordicmart.andreevmaster.com\/sv\/wp-json\/wp\/v2\/product_tag?post=18559"}],"curies":[{"name":"wp","href":"https:\/\/api.w.org\/{rel}","templated":true}]}}