{"id":18557,"date":"2026-02-27T00:40:28","date_gmt":"2026-02-27T00:40:28","guid":{"rendered":"https:\/\/nordicmart.andreevmaster.com\/product\/feandrea-valphage-4-delar-for-inomhusbruk-svart\/"},"modified":"2026-02-27T08:28:53","modified_gmt":"2026-02-27T08:28:53","slug":"feandrea-valphage-4-delar-for-inomhusbruk-svart","status":"publish","type":"product","link":"https:\/\/nordicmart.andreevmaster.com\/sv\/produkt\/feandrea-valphage-4-delar-for-inomhusbruk-svart\/","title":{"rendered":"Feandrea valphage 4 delar f\u00f6r inomhusbruk svart"},"content":{"rendered":"<p>FEANDREA Valphage, inomhusbur, valphage 4 delar, rektangul\u00e4r, skjutd\u00f6rr med 2 sp\u00e4rrar, 122 x 80 x 70 cm, bur f\u00f6r inomhusbruk, f\u00f6r hundar, kaniner, mintgr\u00f6n PPK003C01<br \/>\nF\u00e4rg: Svart<br \/>\nMaterial: St\u00e5l<br \/>\nStorlek: 122 x 80 x 70 cm (L x B x H)<br \/>\nVikt: 14 kg<\/p>\n","protected":false},"excerpt":{"rendered":"<p>FEANDREA Valphage, inomhusbur, valphage 4 delar, rektangul\u00e4r, skjutd\u00f6rr med 2 sp\u00e4rrar, 122 x 80 x 70 cm, bur f\u00f6r inomhusbruk, f\u00f6r hundar, kaniner, mintgr\u00f6n PPK003C01<\/p>\n","protected":false},"featured_media":45562,"comment_status":"open","ping_status":"closed","template":"","meta":[],"product_brand":[],"product_cat":[33],"product_tag":[],"class_list":{"0":"post-18557","1":"product","2":"type-product","3":"status-publish","4":"has-post-thumbnail","6":"product_cat-okategoriserad","8":"first","9":"instock","10":"shipping-taxable","11":"purchasable","12":"product-type-simple"},"_links":{"self":[{"href":"https:\/\/nordicmart.andreevmaster.com\/sv\/wp-json\/wp\/v2\/product\/18557","targetHints":{"allow":["GET"]}}],"collection":[{"href":"https:\/\/nordicmart.andreevmaster.com\/sv\/wp-json\/wp\/v2\/product"}],"about":[{"href":"https:\/\/nordicmart.andreevmaster.com\/sv\/wp-json\/wp\/v2\/types\/product"}],"replies":[{"embeddable":true,"href":"https:\/\/nordicmart.andreevmaster.com\/sv\/wp-json\/wp\/v2\/comments?post=18557"}],"wp:featuredmedia":[{"embeddable":true,"href":"https:\/\/nordicmart.andreevmaster.com\/sv\/wp-json\/wp\/v2\/media\/45562"}],"wp:attachment":[{"href":"https:\/\/nordicmart.andreevmaster.com\/sv\/wp-json\/wp\/v2\/media?parent=18557"}],"wp:term":[{"taxonomy":"product_brand","embeddable":true,"href":"https:\/\/nordicmart.andreevmaster.com\/sv\/wp-json\/wp\/v2\/product_brand?post=18557"},{"taxonomy":"product_cat","embeddable":true,"href":"https:\/\/nordicmart.andreevmaster.com\/sv\/wp-json\/wp\/v2\/product_cat?post=18557"},{"taxonomy":"product_tag","embeddable":true,"href":"https:\/\/nordicmart.andreevmaster.com\/sv\/wp-json\/wp\/v2\/product_tag?post=18557"}],"curies":[{"name":"wp","href":"https:\/\/api.w.org\/{rel}","templated":true}]}}