{"id":18556,"date":"2026-02-27T00:40:28","date_gmt":"2026-02-27T00:40:28","guid":{"rendered":"https:\/\/nordicmart.andreevmaster.com\/product\/feandrea-valphage-i-metall\/"},"modified":"2026-02-27T08:28:53","modified_gmt":"2026-02-27T08:28:53","slug":"feandrea-valphage-i-metall","status":"publish","type":"product","link":"https:\/\/nordicmart.andreevmaster.com\/sv\/produkt\/feandrea-valphage-i-metall\/","title":{"rendered":"Feandrea valphage i metall"},"content":{"rendered":"<p>H\u00f6jdpunkterna i FEANDREA kaninbur i korthet: &#8211; Hopf\u00e4llbar: N\u00e4r buren inte anv\u00e4nds kan den f\u00e4llas ihop genom att helt enkelt \u00f6ppna sp\u00e4rren, vilket g\u00f6r att den tar upp mycket lite plats. &#8211; S\u00e4krare: Avst\u00e5ndet p\u00e5 3,5 cm mellan tr\u00e5darna f\u00f6rhindrar att husdjur rymmer och fastnar med tassarna. &#8211; Rymlig: De 8 st\u00e4ngselelementen (storlek: 61 x 61 cm) ger ditt husdjur tillr\u00e4ckligt med utrymme f\u00f6r att leka och r\u00f6ra sig. &#8211; Multifunktionell: Den \u00e4r inte bara l\u00e4mplig f\u00f6r sm\u00e5 djur som hundar, kaniner och h\u00f6ns, utan kan ocks\u00e5 anv\u00e4ndas som barri\u00e4r f\u00f6r en k\u00f6kstr\u00e4dg\u00e5rd i tr\u00e4dg\u00e5rden. Produktdetaljer: &#8211; F\u00e4rg: Silver &#8211; Material: St\u00e5l &#8211; Storlek p\u00e5 de enskilda st\u00e4ngselelementen: 61 x 61 cm (L x B) &#8211; M\u00e5tt vid kvadratisk form: 122 x 122 x 61 cm (L x B x D) &#8211; M\u00e5tt vid \u00e5ttkantig form: 159 x 159 x 61 cm (diagonal x diagonal x D) &#8211; Vikt: 5,9 kg Leveransomfattning:- 1 x djurh\u00e4gn med 8 st\u00e4ngselelement &#8211; 4 x l\u00e5skl\u00e4mma &#8211; 8 x markpinne &#8211; 1 x bruksanvisning FEANDREA Anm\u00e4rkningar: &#8211; M\u00e4t ditt husdjur innan du best\u00e4ller denna produkt f\u00f6r att undvika att k\u00f6pa en bur i fel storlek. &#8211; Denna produkt \u00e4r inte en leksak. L\u00e5t inte barn anv\u00e4nda den som leksak. &#8211; F\u00f6lj bruksanvisningen. Anv\u00e4nd arbetshandskar vid montering och demontering f\u00f6r att undvika att kl\u00e4mma fingrarna. &#8211; Husdjur f\u00e5r endast vistas i valphagen utan halsband och koppel. Annars finns det risk f\u00f6r kv\u00e4vning! &#8211; Denna produkt b\u00f6r inte anv\u00e4ndas f\u00f6r aggressiva eller farliga djur f\u00f6r att undvika att den bitas eller repas. &#8211; Vid anv\u00e4ndning utomhus, kontrollera att markpinnarna \u00e4r ordentligt fastsatta. &#8211; Vid anv\u00e4ndning inomhus ska en matta l\u00e4ggas under produkten.<\/p>\n","protected":false},"excerpt":{"rendered":"<p>Feandrea valphage, frittg\u00e5ende hage f\u00f6r kaniner, hopf\u00e4llbar, f\u00f6r hundar, silverf\u00e4rgad<\/p>\n","protected":false},"featured_media":45561,"comment_status":"open","ping_status":"closed","template":"","meta":[],"product_brand":[],"product_cat":[33],"product_tag":[],"class_list":{"0":"post-18556","1":"product","2":"type-product","3":"status-publish","4":"has-post-thumbnail","6":"product_cat-okategoriserad","8":"first","9":"instock","10":"shipping-taxable","11":"purchasable","12":"product-type-simple"},"_links":{"self":[{"href":"https:\/\/nordicmart.andreevmaster.com\/sv\/wp-json\/wp\/v2\/product\/18556","targetHints":{"allow":["GET"]}}],"collection":[{"href":"https:\/\/nordicmart.andreevmaster.com\/sv\/wp-json\/wp\/v2\/product"}],"about":[{"href":"https:\/\/nordicmart.andreevmaster.com\/sv\/wp-json\/wp\/v2\/types\/product"}],"replies":[{"embeddable":true,"href":"https:\/\/nordicmart.andreevmaster.com\/sv\/wp-json\/wp\/v2\/comments?post=18556"}],"wp:featuredmedia":[{"embeddable":true,"href":"https:\/\/nordicmart.andreevmaster.com\/sv\/wp-json\/wp\/v2\/media\/45561"}],"wp:attachment":[{"href":"https:\/\/nordicmart.andreevmaster.com\/sv\/wp-json\/wp\/v2\/media?parent=18556"}],"wp:term":[{"taxonomy":"product_brand","embeddable":true,"href":"https:\/\/nordicmart.andreevmaster.com\/sv\/wp-json\/wp\/v2\/product_brand?post=18556"},{"taxonomy":"product_cat","embeddable":true,"href":"https:\/\/nordicmart.andreevmaster.com\/sv\/wp-json\/wp\/v2\/product_cat?post=18556"},{"taxonomy":"product_tag","embeddable":true,"href":"https:\/\/nordicmart.andreevmaster.com\/sv\/wp-json\/wp\/v2\/product_tag?post=18556"}],"curies":[{"name":"wp","href":"https:\/\/api.w.org\/{rel}","templated":true}]}}