{"id":18553,"date":"2026-02-27T00:40:27","date_gmt":"2026-02-27T00:40:27","guid":{"rendered":"https:\/\/nordicmart.andreevmaster.com\/product\/feandrea-hundbur-hopfallbar-hundbox-med-2-dorrar\/"},"modified":"2026-02-27T08:28:53","modified_gmt":"2026-02-27T08:28:53","slug":"feandrea-hundbur-hopfallbar-hundbox-med-2-dorrar","status":"publish","type":"product","link":"https:\/\/nordicmart.andreevmaster.com\/sv\/produkt\/feandrea-hundbur-hopfallbar-hundbox-med-2-dorrar\/","title":{"rendered":"Feandrea hundbur, hopf\u00e4llbar hundbox, med 2 d\u00f6rrar"},"content":{"rendered":"<p>Hundbur, hopf\u00e4llbar hundbox, med 2 d\u00f6rrar, utdragbar plastsk\u00e5l, 122 x 74,5 x 80,5 cm, XXL, svart<br \/>\nProduktdetaljer:<br \/>\n&#8211; F\u00e4rg: Svart<br \/>\n&#8211; Material: st\u00e5l, plast<br \/>\n&#8211; Storlek: 92,5 x 57,5 x 64 cm (L x B x H)<br \/>\n&#8211; Storlek hopf\u00e4lld: 92,5 x 57,5 x 8 cm (L x B x H)<br \/>\n&#8211; Vikt: 10 kg<\/p>\n<p>Leveransomfattning:<br \/>\n&#8211; 1 x transportbox f\u00f6r hundar<br \/>\n&#8211; 1 x plastsk\u00e5l<br \/>\n&#8211; 1 x bruksanvisning<\/p>\n<p>Anm\u00e4rkningar:<br \/>\n&#8211; Tips f\u00f6r att v\u00e4lja r\u00e4tt hundbur: L\u00e5t din hund st\u00e5 uppr\u00e4tt och m\u00e4t dess l\u00e4ngd fr\u00e5n svansroten till nosen; l\u00e5t din hund sitta uppr\u00e4tt och m\u00e4t dess h\u00f6jd fr\u00e5n toppen av huvudet till golvet. L\u00e4gg sedan till 10 cm till den uppm\u00e4tta l\u00e4ngden och h\u00f6jden f\u00f6r att v\u00e4lja r\u00e4tt m\u00e5tt f\u00f6r din hund.<br \/>\n&#8211; M\u00e5tt p\u00e5 hundtransportburen kan variera med 1-2 cm p\u00e5 grund av olika m\u00e4tmetoder.<br \/>\n&#8211; Om du vill anv\u00e4nda eller transportera valpboxen i din bil, se till att produktens storlek passar din bil.<br \/>\n&#8211; L\u00e5t inte din hund g\u00e5 in i buren med halsband eller koppel.<br \/>\n&#8211; N\u00e4r du anv\u00e4nder boxen f\u00f6r f\u00f6rsta g\u00e5ngen, l\u00e5t d\u00f6rren vara \u00f6ppen och l\u00e5t din hund vara i den bara en kort stund. Denna box rekommenderas inte f\u00f6r otr\u00e4nade eller aggressiva hundar.<\/p>\n","protected":false},"excerpt":{"rendered":"<p>Hundbur, hopf\u00e4llbar hundbox, med 2 d\u00f6rrar, utdragbar plastsk\u00e5l, 122 x 74,5 x 80,5 cm, XXL, svart<\/p>\n","protected":false},"featured_media":45558,"comment_status":"open","ping_status":"closed","template":"","meta":[],"product_brand":[],"product_cat":[33],"product_tag":[],"class_list":{"0":"post-18553","1":"product","2":"type-product","3":"status-publish","4":"has-post-thumbnail","6":"product_cat-okategoriserad","8":"first","9":"instock","10":"shipping-taxable","11":"purchasable","12":"product-type-simple"},"_links":{"self":[{"href":"https:\/\/nordicmart.andreevmaster.com\/sv\/wp-json\/wp\/v2\/product\/18553","targetHints":{"allow":["GET"]}}],"collection":[{"href":"https:\/\/nordicmart.andreevmaster.com\/sv\/wp-json\/wp\/v2\/product"}],"about":[{"href":"https:\/\/nordicmart.andreevmaster.com\/sv\/wp-json\/wp\/v2\/types\/product"}],"replies":[{"embeddable":true,"href":"https:\/\/nordicmart.andreevmaster.com\/sv\/wp-json\/wp\/v2\/comments?post=18553"}],"wp:featuredmedia":[{"embeddable":true,"href":"https:\/\/nordicmart.andreevmaster.com\/sv\/wp-json\/wp\/v2\/media\/45558"}],"wp:attachment":[{"href":"https:\/\/nordicmart.andreevmaster.com\/sv\/wp-json\/wp\/v2\/media?parent=18553"}],"wp:term":[{"taxonomy":"product_brand","embeddable":true,"href":"https:\/\/nordicmart.andreevmaster.com\/sv\/wp-json\/wp\/v2\/product_brand?post=18553"},{"taxonomy":"product_cat","embeddable":true,"href":"https:\/\/nordicmart.andreevmaster.com\/sv\/wp-json\/wp\/v2\/product_cat?post=18553"},{"taxonomy":"product_tag","embeddable":true,"href":"https:\/\/nordicmart.andreevmaster.com\/sv\/wp-json\/wp\/v2\/product_tag?post=18553"}],"curies":[{"name":"wp","href":"https:\/\/api.w.org\/{rel}","templated":true}]}}