{"id":18549,"date":"2026-02-27T00:40:26","date_gmt":"2026-02-27T00:40:26","guid":{"rendered":"https:\/\/nordicmart.andreevmaster.com\/product\/feandrea-hundbur-xl-med-2-dorrar\/"},"modified":"2026-02-27T08:28:52","modified_gmt":"2026-02-27T08:28:52","slug":"feandrea-hundbur-xl-med-2-dorrar","status":"publish","type":"product","link":"https:\/\/nordicmart.andreevmaster.com\/sv\/produkt\/feandrea-hundbur-xl-med-2-dorrar\/","title":{"rendered":"Feandrea hundbur XL med 2 d\u00f6rrar"},"content":{"rendered":"<p>Hundburen av j\u00e4rntr\u00e5dar \u00e4r m\u00e5ngsidig och l\u00e4mpar sig t.ex. f\u00f6r tr\u00e4ning eller f\u00f6r att din valp ska kunna leka, sova eller mysa d\u00e4r. Med denna hundbur k\u00e4nner sig ditt djur som hemma under bar himmel!  Anvisningar:  &#8211; St\u00e5 eller sitt inte p\u00e5 buren och placera inte heller n\u00e5gra f\u00f6rem\u00e5l p\u00e5 den. &#8211; Buren \u00e4r inte en leksak, se till att barn inte kl\u00e4ttrar in i hundburen eller leker i den. &#8211; Se till att husdjurets halsband inte trasslar sig eller fastnar i burens insida under transport. &#8211; Vid manuell m\u00e4tning kan avvikelser p\u00e5 ca 1-2 cm f\u00f6rekomma. Innan du k\u00f6per, m\u00e4t noggrant storleken, br\u00f6stvidd och midjevidd p\u00e5 ditt husdjur. &#8211; \u00c4ven om Songmics hundtransportbox \u00e4r tillverkad av mycket robust metalltr\u00e5d, kan den inte motst\u00e5 rivning, bitande och repning i evighet. Det viktigaste \u00e4r att du f\u00f6ljer med din hund och tr\u00e4nar den s\u00e5 att den v\u00e4njer sig vid att vara ensam i boxen och k\u00e4nner sig hemma d\u00e4r. Produktdetaljer: &#8211; Material: j\u00e4rntr\u00e5d + ABS-plast  &#8211; M\u00e5tt: 106 x 77,5 x 70 cm (B x H x D)   &#8211; M\u00e5tt p\u00e5 framd\u00f6rren: 40 x 58 cm (B x H) &#8211; M\u00e5tt p\u00e5 sidod\u00f6rren: 52 x 58 cm (B x H) &#8211; Horisontell tr\u00e5ddiameter: 4 mm &#8211; Vertikal tr\u00e5ddiameter: 3 mm &#8211; F\u00e4rg: svart  Leveransomfattning:  &#8211; 1 x hundbur &#8211; 1 x bruksanvisning (DE, FR, EN, IT, ES) <\/p>\n","protected":false},"excerpt":{"rendered":"<p>Feandrea Hundbur 2 d\u00f6rrar Hundbox Gallerbur Transportbox hopf\u00e4llbar Tr\u00e5dbur Katter Kaniner Gnagare Kaniner Fj\u00e4derf\u00e4bur Svart XXXL 122 x 81 x 76 cm PPD48H<\/p>\n","protected":false},"featured_media":45554,"comment_status":"open","ping_status":"closed","template":"","meta":[],"product_brand":[],"product_cat":[33],"product_tag":[],"class_list":{"0":"post-18549","1":"product","2":"type-product","3":"status-publish","4":"has-post-thumbnail","6":"product_cat-okategoriserad","8":"first","9":"instock","10":"shipping-taxable","11":"purchasable","12":"product-type-simple"},"_links":{"self":[{"href":"https:\/\/nordicmart.andreevmaster.com\/sv\/wp-json\/wp\/v2\/product\/18549","targetHints":{"allow":["GET"]}}],"collection":[{"href":"https:\/\/nordicmart.andreevmaster.com\/sv\/wp-json\/wp\/v2\/product"}],"about":[{"href":"https:\/\/nordicmart.andreevmaster.com\/sv\/wp-json\/wp\/v2\/types\/product"}],"replies":[{"embeddable":true,"href":"https:\/\/nordicmart.andreevmaster.com\/sv\/wp-json\/wp\/v2\/comments?post=18549"}],"wp:featuredmedia":[{"embeddable":true,"href":"https:\/\/nordicmart.andreevmaster.com\/sv\/wp-json\/wp\/v2\/media\/45554"}],"wp:attachment":[{"href":"https:\/\/nordicmart.andreevmaster.com\/sv\/wp-json\/wp\/v2\/media?parent=18549"}],"wp:term":[{"taxonomy":"product_brand","embeddable":true,"href":"https:\/\/nordicmart.andreevmaster.com\/sv\/wp-json\/wp\/v2\/product_brand?post=18549"},{"taxonomy":"product_cat","embeddable":true,"href":"https:\/\/nordicmart.andreevmaster.com\/sv\/wp-json\/wp\/v2\/product_cat?post=18549"},{"taxonomy":"product_tag","embeddable":true,"href":"https:\/\/nordicmart.andreevmaster.com\/sv\/wp-json\/wp\/v2\/product_tag?post=18549"}],"curies":[{"name":"wp","href":"https:\/\/api.w.org\/{rel}","templated":true}]}}