{"id":18548,"date":"2026-02-27T00:40:26","date_gmt":"2026-02-27T00:40:26","guid":{"rendered":"https:\/\/nordicmart.andreevmaster.com\/product\/feandrea-hundbur-107-x-70-x-775-cm-med-dorrar\/"},"modified":"2026-02-27T08:28:52","modified_gmt":"2026-02-27T08:28:52","slug":"feandrea-hundbur-107-x-70-x-775-cm-med-dorrar","status":"publish","type":"product","link":"https:\/\/nordicmart.andreevmaster.com\/sv\/produkt\/feandrea-hundbur-107-x-70-x-775-cm-med-dorrar\/","title":{"rendered":"Feandrea hundbur 107 x 70 x 77,5 cm med d\u00f6rrar"},"content":{"rendered":"<p>Produktbeskrivning: Normalt sett ska hundar naturligtvis f\u00e5 springa fritt i din l\u00e4genhet. I vissa situationer kan det dock vara l\u00e4mpligt att anv\u00e4nda denna  107 x 70 x 77,5 cm stora bur f\u00f6r husdjur. Djurv\u00e4nner kan dessutom f\u00f6rv\u00e4nta sig f\u00f6ljande f\u00f6rdelar:- Enkel montering utan verktyg &#8211; Hopf\u00e4llbar; l\u00e4tt att transportera; kan f\u00f6rvaras p\u00e5 ett utrymmesbesparande s\u00e4tt &#8211; 2 l\u00e5sbara d\u00f6rrar &#8211; Tillverkad av pulverlackerad j\u00e4rntr\u00e5d utan vassa kanter; stabil, rostbest\u00e4ndig, s\u00e4ker &#8211; Plast\u00f6verdrag f\u00f6r att skydda ditt golv &#8211; Utdragbar plastsk\u00e5l; underl\u00e4ttar reng\u00f6ringen av buren &#8211; Avtagbar skiljev\u00e4gg Produktdetaljer:- F\u00e4rg: Svart &#8211; Material: J\u00e4rntr\u00e5d &#8211; Storlek: 107 x 70 x 77,5 cm (L x B x H) &#8211; Vikt: 14,9 kg Leveransomfattning: &#8211; 1 x hundbur &#8211; 1 x bruksanvisning (DE, EN, FR, IT, ES) FEANDREA Anm\u00e4rkningar:- Vid anv\u00e4ndning utomhus, skydda mot regn. &#8211; St\u00e4ll dig inte p\u00e5 buren och s\u00e4tt dig inte p\u00e5 den. Placera inte heller n\u00e5gra f\u00f6rem\u00e5l p\u00e5 buren. &#8211; Buren \u00e4r inte en leksak. Barn f\u00e5r inte kl\u00e4ttra in i buren eller leka i den. &#8211; Se till att ditt husdjurs halsband inte fastnar eller hakar sig i burens galler under transport.- Vid efterm\u00e4tning kan avvikelser p\u00e5 1-2 cm fr\u00e5n v\u00e5ra angivna m\u00e5tt f\u00f6rekomma. &#8211; M\u00e4t din hunds l\u00e4ngd, storlek och bredd f\u00f6re k\u00f6pet och j\u00e4mf\u00f6r resultatet med m\u00e5tten p\u00e5 v\u00e5r bur. &#8211; \u00c4ven om FEANDREAs transportbur f\u00f6r hundar \u00e4r tillverkad av mycket robust metalltr\u00e5d kan den vid upprepad &#038;<\/p>\n","protected":false},"excerpt":{"rendered":"<p>Feandrea Hundbur 2 d\u00f6rrar Hundbox Gallerbur Transportbox hopf\u00e4llbar Tr\u00e5dbur Katter Kaniner Gnagare Kaniner Fj\u00e4derf\u00e4bur Svart XXXL 122 x 81 x 76 cm PPD48H<\/p>\n","protected":false},"featured_media":45553,"comment_status":"open","ping_status":"closed","template":"","meta":[],"product_brand":[],"product_cat":[33],"product_tag":[],"class_list":{"0":"post-18548","1":"product","2":"type-product","3":"status-publish","4":"has-post-thumbnail","6":"product_cat-okategoriserad","8":"first","9":"instock","10":"shipping-taxable","11":"purchasable","12":"product-type-simple"},"_links":{"self":[{"href":"https:\/\/nordicmart.andreevmaster.com\/sv\/wp-json\/wp\/v2\/product\/18548","targetHints":{"allow":["GET"]}}],"collection":[{"href":"https:\/\/nordicmart.andreevmaster.com\/sv\/wp-json\/wp\/v2\/product"}],"about":[{"href":"https:\/\/nordicmart.andreevmaster.com\/sv\/wp-json\/wp\/v2\/types\/product"}],"replies":[{"embeddable":true,"href":"https:\/\/nordicmart.andreevmaster.com\/sv\/wp-json\/wp\/v2\/comments?post=18548"}],"wp:featuredmedia":[{"embeddable":true,"href":"https:\/\/nordicmart.andreevmaster.com\/sv\/wp-json\/wp\/v2\/media\/45553"}],"wp:attachment":[{"href":"https:\/\/nordicmart.andreevmaster.com\/sv\/wp-json\/wp\/v2\/media?parent=18548"}],"wp:term":[{"taxonomy":"product_brand","embeddable":true,"href":"https:\/\/nordicmart.andreevmaster.com\/sv\/wp-json\/wp\/v2\/product_brand?post=18548"},{"taxonomy":"product_cat","embeddable":true,"href":"https:\/\/nordicmart.andreevmaster.com\/sv\/wp-json\/wp\/v2\/product_cat?post=18548"},{"taxonomy":"product_tag","embeddable":true,"href":"https:\/\/nordicmart.andreevmaster.com\/sv\/wp-json\/wp\/v2\/product_tag?post=18548"}],"curies":[{"name":"wp","href":"https:\/\/api.w.org\/{rel}","templated":true}]}}