{"id":18547,"date":"2026-02-27T00:40:25","date_gmt":"2026-02-27T00:40:25","guid":{"rendered":"https:\/\/nordicmart.andreevmaster.com\/product\/feandrea-hundbur-l-med-2-dorrar\/"},"modified":"2026-02-27T08:28:51","modified_gmt":"2026-02-27T08:28:51","slug":"feandrea-hundbur-l-med-2-dorrar","status":"publish","type":"product","link":"https:\/\/nordicmart.andreevmaster.com\/sv\/produkt\/feandrea-hundbur-l-med-2-dorrar\/","title":{"rendered":"Feandrea hundbur L med 2 d\u00f6rrar"},"content":{"rendered":"<p>Feandrea Hundbur 2 d\u00f6rrar Hundbox Gallerbur Transportbox hopf\u00e4llbar Tr\u00e5dbur Katter Kaniner Gnagare Kaniner Fj\u00e4derf\u00e4bur Svart XXXL 122 x 81 x 76 cm PPD48H<br \/>\nF\u00e4rg: Svart<br \/>\nMaterial: St\u00e5l, plast<br \/>\nStorlek: 92,5 x 57,5 x 64 cm (L x B x H)<br \/>\nIhopf\u00e4lld storlek: 92,5 x 57,5 x 8 cm (L x B x H)<br \/>\nVikt: 10 kg<\/p>\n","protected":false},"excerpt":{"rendered":"<p>Feandrea Hundbur 2 d\u00f6rrar Hundbox Gallerbur Transportbox hopf\u00e4llbar Tr\u00e5dbur Katter Kaniner Gnagare Kaniner Fj\u00e4derf\u00e4bur Svart XXXL 122 x 81 x 76 cm PPD48H<\/p>\n","protected":false},"featured_media":45552,"comment_status":"open","ping_status":"closed","template":"","meta":[],"product_brand":[],"product_cat":[33],"product_tag":[],"class_list":{"0":"post-18547","1":"product","2":"type-product","3":"status-publish","4":"has-post-thumbnail","6":"product_cat-okategoriserad","8":"first","9":"instock","10":"shipping-taxable","11":"purchasable","12":"product-type-simple"},"_links":{"self":[{"href":"https:\/\/nordicmart.andreevmaster.com\/sv\/wp-json\/wp\/v2\/product\/18547","targetHints":{"allow":["GET"]}}],"collection":[{"href":"https:\/\/nordicmart.andreevmaster.com\/sv\/wp-json\/wp\/v2\/product"}],"about":[{"href":"https:\/\/nordicmart.andreevmaster.com\/sv\/wp-json\/wp\/v2\/types\/product"}],"replies":[{"embeddable":true,"href":"https:\/\/nordicmart.andreevmaster.com\/sv\/wp-json\/wp\/v2\/comments?post=18547"}],"wp:featuredmedia":[{"embeddable":true,"href":"https:\/\/nordicmart.andreevmaster.com\/sv\/wp-json\/wp\/v2\/media\/45552"}],"wp:attachment":[{"href":"https:\/\/nordicmart.andreevmaster.com\/sv\/wp-json\/wp\/v2\/media?parent=18547"}],"wp:term":[{"taxonomy":"product_brand","embeddable":true,"href":"https:\/\/nordicmart.andreevmaster.com\/sv\/wp-json\/wp\/v2\/product_brand?post=18547"},{"taxonomy":"product_cat","embeddable":true,"href":"https:\/\/nordicmart.andreevmaster.com\/sv\/wp-json\/wp\/v2\/product_cat?post=18547"},{"taxonomy":"product_tag","embeddable":true,"href":"https:\/\/nordicmart.andreevmaster.com\/sv\/wp-json\/wp\/v2\/product_tag?post=18547"}],"curies":[{"name":"wp","href":"https:\/\/api.w.org\/{rel}","templated":true}]}}