{"id":18546,"date":"2026-02-27T00:40:25","date_gmt":"2026-02-27T00:40:25","guid":{"rendered":"https:\/\/nordicmart.andreevmaster.com\/product\/feandrea-hundbur-925-x-575-x-64-cm-med-dorrar\/"},"modified":"2026-02-27T08:28:51","modified_gmt":"2026-02-27T08:28:51","slug":"feandrea-hundbur-925-x-575-x-64-cm-med-dorrar","status":"publish","type":"product","link":"https:\/\/nordicmart.andreevmaster.com\/sv\/produkt\/feandrea-hundbur-925-x-575-x-64-cm-med-dorrar\/","title":{"rendered":"Feandrea hundbur 92,5 x 57,5 x 64 cm med d\u00f6rrar"},"content":{"rendered":"<p>Produktbeskrivning: Hundar och katter ska normalt sett naturligtvis f\u00e5 springa fritt i din l\u00e4genhet. I vissa situationer kan det dock vara l\u00e4mpligt att anv\u00e4nda denna 92,5 x 57,5 x 64 cm stora bur f\u00f6r husdjur. Varf\u00f6r anv\u00e4nda en hundbur? &#8211; Din hund tenderar att f\u00f6rst\u00f6ra din l\u00e4genhet n\u00e4r du inte \u00e4r hemma. &#8211; Din hund beh\u00f6ver en plats att dra sig tillbaka till f\u00f6r att vila. Utrusta transportboxen med mjuka filtar i detta fall. &#8211; Ditt husdjur \u00e4r r\u00e4dd f\u00f6r fr\u00e4mlingar och beh\u00f6ver en plats d\u00e4r det kan k\u00e4nna sig tryggt. Djurv\u00e4nner kan dessutom f\u00f6rv\u00e4nta sig f\u00f6ljande f\u00f6rdelar:- Enkel montering utan verktyg &#8211; Hopf\u00e4llbar; l\u00e4tt att transportera; kan f\u00f6rvaras p\u00e5 ett utrymmesbesparande s\u00e4tt &#8211; 2 l\u00e5sbara d\u00f6rrar &#8211; Tillverkad av pulverlackerad j\u00e4rntr\u00e5d utan vassa kanter; stabil, rostbest\u00e4ndig, s\u00e4ker &#8211; Plastbel\u00e4ggning f\u00f6r att skydda ditt golv &#8211; Utdragbar plastsk\u00e5l; underl\u00e4ttar reng\u00f6ringen av buren &#8211; Avtagbar skiljev\u00e4gg Produktdetaljer:- F\u00e4rg: Svart &#8211; Material: J\u00e4rntr\u00e5d &#8211; Storlek: 92,5 x 57,5 x 64 cm (L x B x H) &#8211; Vikt: 10,8 kg Anvisningar: &#8211; Vid anv\u00e4ndning utomhus, skydda mot regn. &#8211; St\u00e5 eller sitt inte p\u00e5 buren och placera inte f\u00f6rem\u00e5l p\u00e5 buren.- Boxen \u00e4r inte en leksak, undvik att barn kl\u00e4ttrar in i hundburen eller leker i den. &#8211; Se till att husdjurets halsband inte fastnar eller hakar fast i boxens insida under transport. &#8211; Vid manuell m\u00e4tning kan avvikelser p\u00e5 ca 1-2 cm f\u00f6rekomma. M\u00e4t noggrant storleken innan du k\u00f6per.<\/p>\n","protected":false},"excerpt":{"rendered":"<p>Feandrea Hundbur 2 d\u00f6rrar Hundbox Gallerbur Transportbox hopf\u00e4llbar Tr\u00e5dbur Katter Kaniner Gnagare Kaniner Fj\u00e4derf\u00e4bur Svart XXXL 122 x 81 x 76 cm PPD48H<\/p>\n","protected":false},"featured_media":45551,"comment_status":"open","ping_status":"closed","template":"","meta":[],"product_brand":[],"product_cat":[33],"product_tag":[],"class_list":{"0":"post-18546","1":"product","2":"type-product","3":"status-publish","4":"has-post-thumbnail","6":"product_cat-okategoriserad","8":"first","9":"instock","10":"shipping-taxable","11":"purchasable","12":"product-type-simple"},"_links":{"self":[{"href":"https:\/\/nordicmart.andreevmaster.com\/sv\/wp-json\/wp\/v2\/product\/18546","targetHints":{"allow":["GET"]}}],"collection":[{"href":"https:\/\/nordicmart.andreevmaster.com\/sv\/wp-json\/wp\/v2\/product"}],"about":[{"href":"https:\/\/nordicmart.andreevmaster.com\/sv\/wp-json\/wp\/v2\/types\/product"}],"replies":[{"embeddable":true,"href":"https:\/\/nordicmart.andreevmaster.com\/sv\/wp-json\/wp\/v2\/comments?post=18546"}],"wp:featuredmedia":[{"embeddable":true,"href":"https:\/\/nordicmart.andreevmaster.com\/sv\/wp-json\/wp\/v2\/media\/45551"}],"wp:attachment":[{"href":"https:\/\/nordicmart.andreevmaster.com\/sv\/wp-json\/wp\/v2\/media?parent=18546"}],"wp:term":[{"taxonomy":"product_brand","embeddable":true,"href":"https:\/\/nordicmart.andreevmaster.com\/sv\/wp-json\/wp\/v2\/product_brand?post=18546"},{"taxonomy":"product_cat","embeddable":true,"href":"https:\/\/nordicmart.andreevmaster.com\/sv\/wp-json\/wp\/v2\/product_cat?post=18546"},{"taxonomy":"product_tag","embeddable":true,"href":"https:\/\/nordicmart.andreevmaster.com\/sv\/wp-json\/wp\/v2\/product_tag?post=18546"}],"curies":[{"name":"wp","href":"https:\/\/api.w.org\/{rel}","templated":true}]}}