{"id":18545,"date":"2026-02-27T00:40:25","date_gmt":"2026-02-27T00:40:25","guid":{"rendered":"https:\/\/nordicmart.andreevmaster.com\/product\/feandrea-hundbur-med-2-dorrar\/"},"modified":"2026-02-27T08:28:51","modified_gmt":"2026-02-27T08:28:51","slug":"feandrea-hundbur-med-2-dorrar","status":"publish","type":"product","link":"https:\/\/nordicmart.andreevmaster.com\/sv\/produkt\/feandrea-hundbur-med-2-dorrar\/","title":{"rendered":"Feandrea hundbur med 2 d\u00f6rrar"},"content":{"rendered":"<p>H\u00f6jdpunkterna i FEANDREA hundbur i korthet: H\u00e5llbar: Tillverkad av metalltr\u00e5d utan vassa kanter och rostbest\u00e4ndig. S\u00e4ker: Dubbeld\u00f6rrar med dubbla l\u00e5s (varje d\u00f6rr har tv\u00e5 l\u00e5s). Enkel: Du beh\u00f6ver inte oroa dig f\u00f6r monteringen, inga verktyg beh\u00f6vs. Ren: Denna hundbur har en avtagbar plastsk\u00e5l f\u00f6r enkel reng\u00f6ring. L\u00e4tt att \u00f6vervaka: Tack vare gallerkonstruktionen har du alltid din hund i sikte. Hopf\u00e4llbar: I hopf\u00e4llt l\u00e4ge tar den liten plats och \u00e4r l\u00e4tt att f\u00f6rvara och transportera. Detaljer: Botten p\u00e5 transportburen f\u00f6r hundar \u00e4r f\u00f6rsedd med dynor f\u00f6r att skydda ditt golv. Produktdetaljer: F\u00e4rg: Svart Material: St\u00e5l, plast Storlek: 77,5 x 48,5 x 55,5 cm (L x B x H) Sammanf\u00e4lld storlek: 77,5 x 48,5 x 8 cm (L x B x H) Vikt: 6,9 kg Leveransomfattning: 1 x transportbur f\u00f6r hundar 1 x plastsk\u00e5l 1 x bruksanvisning FEANDREA Anm\u00e4rkningar:Tips f\u00f6r att v\u00e4lja r\u00e4tt hundbur: L\u00e5t din hund st\u00e5 uppr\u00e4tt och m\u00e4t dess l\u00e4ngd fr\u00e5n svansroten till nosen; l\u00e5t din hund sitta uppr\u00e4tt och m\u00e4t dess h\u00f6jd fr\u00e5n hj\u00e4ssan till golvet. L\u00e4gg sedan till 10 cm till den uppm\u00e4tta l\u00e4ngden och h\u00f6jden f\u00f6r att v\u00e4lja r\u00e4tt m\u00e5tt f\u00f6r din hund.M\u00e5tten p\u00e5 hundtransportburen kan variera med 1-2 cm p\u00e5 grund av olika m\u00e4tmetoder. Om du vill anv\u00e4nda eller transportera valpburen i din bil, se till att produktens storlek passar din bil. L\u00e5t inte din hund g\u00e5 in i buren med halsband eller koppel.<\/p>\n","protected":false},"excerpt":{"rendered":"<p>Feandrea hundbur, hopf\u00e4llbar, l\u00e4ngd 77,5 cm, transportabel, 2 d\u00f6rrar, M, svart PPD30H<\/p>\n","protected":false},"featured_media":45550,"comment_status":"open","ping_status":"closed","template":"","meta":[],"product_brand":[],"product_cat":[33],"product_tag":[],"class_list":{"0":"post-18545","1":"product","2":"type-product","3":"status-publish","4":"has-post-thumbnail","6":"product_cat-okategoriserad","8":"first","9":"instock","10":"shipping-taxable","11":"purchasable","12":"product-type-simple"},"_links":{"self":[{"href":"https:\/\/nordicmart.andreevmaster.com\/sv\/wp-json\/wp\/v2\/product\/18545","targetHints":{"allow":["GET"]}}],"collection":[{"href":"https:\/\/nordicmart.andreevmaster.com\/sv\/wp-json\/wp\/v2\/product"}],"about":[{"href":"https:\/\/nordicmart.andreevmaster.com\/sv\/wp-json\/wp\/v2\/types\/product"}],"replies":[{"embeddable":true,"href":"https:\/\/nordicmart.andreevmaster.com\/sv\/wp-json\/wp\/v2\/comments?post=18545"}],"wp:featuredmedia":[{"embeddable":true,"href":"https:\/\/nordicmart.andreevmaster.com\/sv\/wp-json\/wp\/v2\/media\/45550"}],"wp:attachment":[{"href":"https:\/\/nordicmart.andreevmaster.com\/sv\/wp-json\/wp\/v2\/media?parent=18545"}],"wp:term":[{"taxonomy":"product_brand","embeddable":true,"href":"https:\/\/nordicmart.andreevmaster.com\/sv\/wp-json\/wp\/v2\/product_brand?post=18545"},{"taxonomy":"product_cat","embeddable":true,"href":"https:\/\/nordicmart.andreevmaster.com\/sv\/wp-json\/wp\/v2\/product_cat?post=18545"},{"taxonomy":"product_tag","embeddable":true,"href":"https:\/\/nordicmart.andreevmaster.com\/sv\/wp-json\/wp\/v2\/product_tag?post=18545"}],"curies":[{"name":"wp","href":"https:\/\/api.w.org\/{rel}","templated":true}]}}