{"id":18544,"date":"2026-02-27T00:40:25","date_gmt":"2026-02-27T00:40:25","guid":{"rendered":"https:\/\/nordicmart.andreevmaster.com\/product\/feandrea-hundbur-med-dorrar-och-hopfallbar-plastskal\/"},"modified":"2026-02-27T08:28:51","modified_gmt":"2026-02-27T08:28:51","slug":"feandrea-hundbur-med-dorrar-och-hopfallbar-plastskal","status":"publish","type":"product","link":"https:\/\/nordicmart.andreevmaster.com\/sv\/produkt\/feandrea-hundbur-med-dorrar-och-hopfallbar-plastskal\/","title":{"rendered":"Feandrea hundbur med d\u00f6rrar och hopf\u00e4llbar plastskal"},"content":{"rendered":"<p>Feandrea hundbur, hopf\u00e4llbar, med 2 d\u00f6rrar, utdragbar plastsk\u00e5l, 61 x 43,5 x 50,5 cm, S, svart PPD024B01<br \/>\nF\u00e4rg: Svart<br \/>\nMaterial: st\u00e5l, plast<br \/>\nStorlek: 136 x 79 x 87 cm (L x B x H)<br \/>\nStorlek hopf\u00e4lld: 136 x 79 x 8 cm (L x B x H)<br \/>\nVikt: 19,8 kg<\/p>\n","protected":false},"excerpt":{"rendered":"<p>Feandrea hundbur, hopf\u00e4llbar, med 2 d\u00f6rrar, utdragbar plastsk\u00e5l, 61 x 43,5 x 50,5 cm, S, svart PPD024B01<\/p>\n","protected":false},"featured_media":45549,"comment_status":"open","ping_status":"closed","template":"","meta":[],"product_brand":[],"product_cat":[33],"product_tag":[],"class_list":{"0":"post-18544","1":"product","2":"type-product","3":"status-publish","4":"has-post-thumbnail","6":"product_cat-okategoriserad","8":"first","9":"instock","10":"shipping-taxable","11":"purchasable","12":"product-type-simple"},"_links":{"self":[{"href":"https:\/\/nordicmart.andreevmaster.com\/sv\/wp-json\/wp\/v2\/product\/18544","targetHints":{"allow":["GET"]}}],"collection":[{"href":"https:\/\/nordicmart.andreevmaster.com\/sv\/wp-json\/wp\/v2\/product"}],"about":[{"href":"https:\/\/nordicmart.andreevmaster.com\/sv\/wp-json\/wp\/v2\/types\/product"}],"replies":[{"embeddable":true,"href":"https:\/\/nordicmart.andreevmaster.com\/sv\/wp-json\/wp\/v2\/comments?post=18544"}],"wp:featuredmedia":[{"embeddable":true,"href":"https:\/\/nordicmart.andreevmaster.com\/sv\/wp-json\/wp\/v2\/media\/45549"}],"wp:attachment":[{"href":"https:\/\/nordicmart.andreevmaster.com\/sv\/wp-json\/wp\/v2\/media?parent=18544"}],"wp:term":[{"taxonomy":"product_brand","embeddable":true,"href":"https:\/\/nordicmart.andreevmaster.com\/sv\/wp-json\/wp\/v2\/product_brand?post=18544"},{"taxonomy":"product_cat","embeddable":true,"href":"https:\/\/nordicmart.andreevmaster.com\/sv\/wp-json\/wp\/v2\/product_cat?post=18544"},{"taxonomy":"product_tag","embeddable":true,"href":"https:\/\/nordicmart.andreevmaster.com\/sv\/wp-json\/wp\/v2\/product_tag?post=18544"}],"curies":[{"name":"wp","href":"https:\/\/api.w.org\/{rel}","templated":true}]}}