{"id":18541,"date":"2026-02-27T00:40:24","date_gmt":"2026-02-27T00:40:24","guid":{"rendered":"https:\/\/nordicmart.andreevmaster.com\/product\/feandrea-hopfallbar-hundbur-med-dubbeldorr-for-stora-hundar\/"},"modified":"2026-02-27T08:28:50","modified_gmt":"2026-02-27T08:28:50","slug":"feandrea-hopfallbar-hundbur-med-dubbeldorr-for-stora-hundar","status":"publish","type":"product","link":"https:\/\/nordicmart.andreevmaster.com\/sv\/produkt\/feandrea-hopfallbar-hundbur-med-dubbeldorr-for-stora-hundar\/","title":{"rendered":"Feandrea hopf\u00e4llbar hundbur med dubbeld\u00f6rr f\u00f6r stora hundar"},"content":{"rendered":"<p>Feandrea hundbur, hundbox, 120 x 72,5 x 109 cm, metall, hopf\u00e4llbar bur f\u00f6r husdjur, XXL, f\u00f6r stora hundar, med dubbeld\u00f6rr, l\u00e4tt att reng\u00f6ra, f\u00f6r hemmet, bilen, bl\u00e4ck svart PPD015B01<br \/>\nF\u00e4rg: Bl\u00e4ksvart<br \/>\nMaterial: st\u00e5l, plast<br \/>\nStorlek: 120 x 72,5 x 109 cm (L x B x H)<br \/>\nStorlek hopf\u00e4lld: 120 x 72,5 x 10 cm (L x B x H)<br \/>\nVikt: 16 kg<\/p>\n","protected":false},"excerpt":{"rendered":"<p>Feandrea hundbur, hundbox, 120 x 72,5 x 109 cm, metall, hopf\u00e4llbar bur f\u00f6r husdjur, XXL, f\u00f6r stora hundar, med dubbeld\u00f6rr, l\u00e4tt att reng\u00f6ra, f\u00f6r hemmet, bilen, bl\u00e4ck svart PPD015B01<\/p>\n","protected":false},"featured_media":45546,"comment_status":"open","ping_status":"closed","template":"","meta":[],"product_brand":[],"product_cat":[33],"product_tag":[],"class_list":{"0":"post-18541","1":"product","2":"type-product","3":"status-publish","4":"has-post-thumbnail","6":"product_cat-okategoriserad","8":"first","9":"instock","10":"shipping-taxable","11":"purchasable","12":"product-type-simple"},"_links":{"self":[{"href":"https:\/\/nordicmart.andreevmaster.com\/sv\/wp-json\/wp\/v2\/product\/18541","targetHints":{"allow":["GET"]}}],"collection":[{"href":"https:\/\/nordicmart.andreevmaster.com\/sv\/wp-json\/wp\/v2\/product"}],"about":[{"href":"https:\/\/nordicmart.andreevmaster.com\/sv\/wp-json\/wp\/v2\/types\/product"}],"replies":[{"embeddable":true,"href":"https:\/\/nordicmart.andreevmaster.com\/sv\/wp-json\/wp\/v2\/comments?post=18541"}],"wp:featuredmedia":[{"embeddable":true,"href":"https:\/\/nordicmart.andreevmaster.com\/sv\/wp-json\/wp\/v2\/media\/45546"}],"wp:attachment":[{"href":"https:\/\/nordicmart.andreevmaster.com\/sv\/wp-json\/wp\/v2\/media?parent=18541"}],"wp:term":[{"taxonomy":"product_brand","embeddable":true,"href":"https:\/\/nordicmart.andreevmaster.com\/sv\/wp-json\/wp\/v2\/product_brand?post=18541"},{"taxonomy":"product_cat","embeddable":true,"href":"https:\/\/nordicmart.andreevmaster.com\/sv\/wp-json\/wp\/v2\/product_cat?post=18541"},{"taxonomy":"product_tag","embeddable":true,"href":"https:\/\/nordicmart.andreevmaster.com\/sv\/wp-json\/wp\/v2\/product_tag?post=18541"}],"curies":[{"name":"wp","href":"https:\/\/api.w.org\/{rel}","templated":true}]}}