{"id":18536,"date":"2026-02-27T00:40:23","date_gmt":"2026-02-27T00:40:23","guid":{"rendered":"https:\/\/nordicmart.andreevmaster.com\/product\/feandrea-transportabel-bur-for-husdjur\/"},"modified":"2026-02-27T08:28:49","modified_gmt":"2026-02-27T08:28:49","slug":"feandrea-transportabel-bur-for-husdjur","status":"publish","type":"product","link":"https:\/\/nordicmart.andreevmaster.com\/sv\/produkt\/feandrea-transportabel-bur-for-husdjur\/","title":{"rendered":"Feandrea Transportabel bur f\u00f6r husdjur"},"content":{"rendered":"<p>Feandrea hundbur med h\u00f6g belastningskapacitet, gallerbur, husdjursbur, 107 x 70 x 74,9 cm, f\u00f6r stora och medelstora hundar, s\u00e4ker, 2 avtagbara d\u00f6rrar, enkel reng\u00f6ring, valpbur, XL, svart<br \/>\nF\u00e4rg: Svart<br \/>\nMaterial: St\u00e5l<br \/>\nProduktens storlek: 122 x 74,5 x 80,5 cm (L x B x H)<br \/>\nStorlek p\u00e5 den stora d\u00f6rren: 72,5 x 49,5 cm (L x B)<br \/>\nStorlek p\u00e5 den lilla d\u00f6rren: 45,5 x 26 cm (L x B)<br \/>\nStorlek p\u00e5 den \u00f6vre gallerplattan: 119 x 71,5 cm (L x B)<br \/>\nVikt: 21,4 kg<\/p>\n","protected":false},"excerpt":{"rendered":"<p>Feandrea hundbur med h\u00f6g belastningskapacitet, gallerbur, husdjursbur, 107 x 70 x 74,9 cm, f\u00f6r stora och medelstora hundar, s\u00e4ker, 2 avtagbara d\u00f6rrar, enkel reng\u00f6ring, valpbur, XL, svart<\/p>\n","protected":false},"featured_media":45541,"comment_status":"open","ping_status":"closed","template":"","meta":[],"product_brand":[],"product_cat":[33],"product_tag":[],"class_list":{"0":"post-18536","1":"product","2":"type-product","3":"status-publish","4":"has-post-thumbnail","6":"product_cat-okategoriserad","8":"first","9":"instock","10":"shipping-taxable","11":"purchasable","12":"product-type-simple"},"_links":{"self":[{"href":"https:\/\/nordicmart.andreevmaster.com\/sv\/wp-json\/wp\/v2\/product\/18536","targetHints":{"allow":["GET"]}}],"collection":[{"href":"https:\/\/nordicmart.andreevmaster.com\/sv\/wp-json\/wp\/v2\/product"}],"about":[{"href":"https:\/\/nordicmart.andreevmaster.com\/sv\/wp-json\/wp\/v2\/types\/product"}],"replies":[{"embeddable":true,"href":"https:\/\/nordicmart.andreevmaster.com\/sv\/wp-json\/wp\/v2\/comments?post=18536"}],"wp:featuredmedia":[{"embeddable":true,"href":"https:\/\/nordicmart.andreevmaster.com\/sv\/wp-json\/wp\/v2\/media\/45541"}],"wp:attachment":[{"href":"https:\/\/nordicmart.andreevmaster.com\/sv\/wp-json\/wp\/v2\/media?parent=18536"}],"wp:term":[{"taxonomy":"product_brand","embeddable":true,"href":"https:\/\/nordicmart.andreevmaster.com\/sv\/wp-json\/wp\/v2\/product_brand?post=18536"},{"taxonomy":"product_cat","embeddable":true,"href":"https:\/\/nordicmart.andreevmaster.com\/sv\/wp-json\/wp\/v2\/product_cat?post=18536"},{"taxonomy":"product_tag","embeddable":true,"href":"https:\/\/nordicmart.andreevmaster.com\/sv\/wp-json\/wp\/v2\/product_tag?post=18536"}],"curies":[{"name":"wp","href":"https:\/\/api.w.org\/{rel}","templated":true}]}}