{"id":18533,"date":"2026-02-27T00:40:22","date_gmt":"2026-02-27T00:40:22","guid":{"rendered":"https:\/\/nordicmart.andreevmaster.com\/product\/feandrea-hundbur-med-2-dorrar-107-x-70-x-749-cm\/"},"modified":"2026-02-27T08:28:49","modified_gmt":"2026-02-27T08:28:49","slug":"feandrea-hundbur-med-2-dorrar-107-x-70-x-749-cm","status":"publish","type":"product","link":"https:\/\/nordicmart.andreevmaster.com\/sv\/produkt\/feandrea-hundbur-med-2-dorrar-107-x-70-x-749-cm\/","title":{"rendered":"Feandrea hundbur med 2 d\u00f6rrar 107 x 70 x 74,9 cm"},"content":{"rendered":"<p>H\u00f6jdpunkterna i denna FEANDREA hundbur i korthet: &#8211; H\u00e5llbar: Tillverkad av f\u00f6rst\u00e4rkt metalltr\u00e5d och \u00e4r robust och rostbest\u00e4ndig. &#8211; Avtagbara delar: D\u00f6rren och den \u00f6vre gallerplattan \u00e4r avtagbara f\u00f6r att underl\u00e4tta interaktionen mellan husse\/matta och deras husdjur. &#8211; S\u00e4ker: Dubbeld\u00f6rr med 5 L-formade sp\u00e4rrar. &#8211; Enkel montering: Dra \u00e5t de 8 medf\u00f6ljande skruvarna f\u00f6r att montera metallburen. &#8211; Ren: Hundburen f\u00f6r hemmet har en plastsk\u00e5l som enkelt kan tas ut och reng\u00f6ras. &#8211; Luftigt: Tack vare gallerkonstruktionen erbjuder denna bur din hund ett luftigt utrymme, dessutom kan du alltid h\u00e5lla ett \u00f6ga p\u00e5 din hund. Produktdetaljer: &#8211; F\u00e4rg: Svart &#8211; Material: St\u00e5l &#8211; Produktens storlek: 107 x 70 x 74,9 cm (L x B x H) &#8211; Storlek p\u00e5 den stora d\u00f6rren: 47 x 67 cm (L x B) &#8211; Storlek p\u00e5 den lilla d\u00f6rren: 43,3 x 28,4 cm (L x B) &#8211; Storlek p\u00e5 den \u00f6vre gallerplattan: 104 x 67 cm (L x B) &#8211; Vikt: 18,8 kg Leveransomfattning: &#8211; 1 x hundbur &#8211; 1 x plastsk\u00e5l FEANDREA Tips: &#8211; Tips f\u00f6r att v\u00e4lja r\u00e4tt hundbur: L\u00e5t din hund st\u00e5 uppr\u00e4tt och m\u00e4t dess l\u00e4ngd fr\u00e5n svansroten till nosen. L\u00e5t din hund sitta uppr\u00e4tt och m\u00e4t dess h\u00f6jd fr\u00e5n toppen av huvudet till golvet. L\u00e4gg sedan till 10 cm till den uppm\u00e4tta l\u00e4ngden och h\u00f6jden f\u00f6r att v\u00e4lja r\u00e4tt m\u00e5tt f\u00f6r din hund. &#8211; M\u00e5ttangivelserna f\u00f6r hundtransportburen kan variera med 1-2 cm p\u00e5 grund av olika m\u00e4tmetoder. &#8211; L\u00e5t inte din hund g\u00e5 in i buren med halsband eller koppel.<\/p>\n","protected":false},"excerpt":{"rendered":"<p>Feandrea hundbur med h\u00f6g belastningskapacitet, gallerbur, husdjursbur, 107 x 70 x 74,9 cm, f\u00f6r stora och medelstora hundar, s\u00e4ker, 2 avtagbara d\u00f6rrar, enkel reng\u00f6ring, valpbur, XL, svart<\/p>\n","protected":false},"featured_media":45538,"comment_status":"open","ping_status":"closed","template":"","meta":[],"product_brand":[],"product_cat":[33],"product_tag":[],"class_list":{"0":"post-18533","1":"product","2":"type-product","3":"status-publish","4":"has-post-thumbnail","6":"product_cat-okategoriserad","8":"first","9":"instock","10":"shipping-taxable","11":"purchasable","12":"product-type-simple"},"_links":{"self":[{"href":"https:\/\/nordicmart.andreevmaster.com\/sv\/wp-json\/wp\/v2\/product\/18533","targetHints":{"allow":["GET"]}}],"collection":[{"href":"https:\/\/nordicmart.andreevmaster.com\/sv\/wp-json\/wp\/v2\/product"}],"about":[{"href":"https:\/\/nordicmart.andreevmaster.com\/sv\/wp-json\/wp\/v2\/types\/product"}],"replies":[{"embeddable":true,"href":"https:\/\/nordicmart.andreevmaster.com\/sv\/wp-json\/wp\/v2\/comments?post=18533"}],"wp:featuredmedia":[{"embeddable":true,"href":"https:\/\/nordicmart.andreevmaster.com\/sv\/wp-json\/wp\/v2\/media\/45538"}],"wp:attachment":[{"href":"https:\/\/nordicmart.andreevmaster.com\/sv\/wp-json\/wp\/v2\/media?parent=18533"}],"wp:term":[{"taxonomy":"product_brand","embeddable":true,"href":"https:\/\/nordicmart.andreevmaster.com\/sv\/wp-json\/wp\/v2\/product_brand?post=18533"},{"taxonomy":"product_cat","embeddable":true,"href":"https:\/\/nordicmart.andreevmaster.com\/sv\/wp-json\/wp\/v2\/product_cat?post=18533"},{"taxonomy":"product_tag","embeddable":true,"href":"https:\/\/nordicmart.andreevmaster.com\/sv\/wp-json\/wp\/v2\/product_tag?post=18533"}],"curies":[{"name":"wp","href":"https:\/\/api.w.org\/{rel}","templated":true}]}}