{"id":18525,"date":"2026-02-27T00:40:19","date_gmt":"2026-02-27T00:40:19","guid":{"rendered":"https:\/\/nordicmart.andreevmaster.com\/product\/feandrea-hundfilt-vattentat-152-x-127-cm\/"},"modified":"2026-02-27T08:28:47","modified_gmt":"2026-02-27T08:28:47","slug":"feandrea-hundfilt-vattentat-152-x-127-cm","status":"publish","type":"product","link":"https:\/\/nordicmart.andreevmaster.com\/sv\/produkt\/feandrea-hundfilt-vattentat-152-x-127-cm\/","title":{"rendered":"Feandrea hundfilt vattent\u00e4t 152 x 127 cm"},"content":{"rendered":"<p>Feandrea vattent\u00e4t hundfilt, Sherpa Fleece husdjursfilt f\u00f6r minihundar, katter, 73 x 63 cm, S, maskintv\u00e4ttbar, dubbelsidig soffskydds\u00f6verdrag, gr\u00e5 PPB029G01<br \/>\nF\u00e4rg: Gr\u00e5<br \/>\nMaterial: Sherpa, TPU-folie, flanell<br \/>\nStorlek: 152 x 127 cm (L x B)<br \/>\nVikt: 0,9 kg<\/p>\n","protected":false},"excerpt":{"rendered":"<p>Feandrea vattent\u00e4t hundfilt, Sherpa Fleece husdjursfilt f\u00f6r minihundar, katter, 73 x 63 cm, S, maskintv\u00e4ttbar, dubbelsidig soffskydds\u00f6verdrag, gr\u00e5 PPB029G01<\/p>\n","protected":false},"featured_media":45530,"comment_status":"open","ping_status":"closed","template":"","meta":[],"product_brand":[],"product_cat":[33],"product_tag":[],"class_list":{"0":"post-18525","1":"product","2":"type-product","3":"status-publish","4":"has-post-thumbnail","6":"product_cat-okategoriserad","8":"first","9":"instock","10":"shipping-taxable","11":"purchasable","12":"product-type-simple"},"_links":{"self":[{"href":"https:\/\/nordicmart.andreevmaster.com\/sv\/wp-json\/wp\/v2\/product\/18525","targetHints":{"allow":["GET"]}}],"collection":[{"href":"https:\/\/nordicmart.andreevmaster.com\/sv\/wp-json\/wp\/v2\/product"}],"about":[{"href":"https:\/\/nordicmart.andreevmaster.com\/sv\/wp-json\/wp\/v2\/types\/product"}],"replies":[{"embeddable":true,"href":"https:\/\/nordicmart.andreevmaster.com\/sv\/wp-json\/wp\/v2\/comments?post=18525"}],"wp:featuredmedia":[{"embeddable":true,"href":"https:\/\/nordicmart.andreevmaster.com\/sv\/wp-json\/wp\/v2\/media\/45530"}],"wp:attachment":[{"href":"https:\/\/nordicmart.andreevmaster.com\/sv\/wp-json\/wp\/v2\/media?parent=18525"}],"wp:term":[{"taxonomy":"product_brand","embeddable":true,"href":"https:\/\/nordicmart.andreevmaster.com\/sv\/wp-json\/wp\/v2\/product_brand?post=18525"},{"taxonomy":"product_cat","embeddable":true,"href":"https:\/\/nordicmart.andreevmaster.com\/sv\/wp-json\/wp\/v2\/product_cat?post=18525"},{"taxonomy":"product_tag","embeddable":true,"href":"https:\/\/nordicmart.andreevmaster.com\/sv\/wp-json\/wp\/v2\/product_tag?post=18525"}],"curies":[{"name":"wp","href":"https:\/\/api.w.org\/{rel}","templated":true}]}}