{"id":18519,"date":"2026-02-27T00:40:18","date_gmt":"2026-02-27T00:40:18","guid":{"rendered":"https:\/\/nordicmart.andreevmaster.com\/product\/feandrea-hundfilt-vattentat-73-x-63-cm\/"},"modified":"2026-02-27T08:28:45","modified_gmt":"2026-02-27T08:28:45","slug":"feandrea-hundfilt-vattentat-73-x-63-cm","status":"publish","type":"product","link":"https:\/\/nordicmart.andreevmaster.com\/sv\/produkt\/feandrea-hundfilt-vattentat-73-x-63-cm\/","title":{"rendered":"Feandrea hundfilt vattent\u00e4t 73 x 63 cm"},"content":{"rendered":"<p>Feandrea vattent\u00e4t hundfilt, Sherpa Fleece husdjursfilt f\u00f6r minihundar, katter, 73 x 63 cm, S, maskintv\u00e4ttbar, dubbelsidig soffskydds\u00f6verdrag, gr\u00e5 PPB029G01<br \/>\n&#8211; F\u00e4rg: Gr\u00e5<br \/>\n&#8211; Material: Sherpa, TPU-folie, flanell<br \/>\n&#8211; Storlek: 73 x 63 cm (L x B)<br \/>\n&#8211; Vikt: 0,2 kg<\/p>\n","protected":false},"excerpt":{"rendered":"<p>Feandrea vattent\u00e4t hundfilt, Sherpa Fleece husdjursfilt f\u00f6r minihundar, katter, 73 x 63 cm, S, maskintv\u00e4ttbar, dubbelsidig soffskydds\u00f6verdrag, gr\u00e5 PPB029G01<\/p>\n","protected":false},"featured_media":45524,"comment_status":"open","ping_status":"closed","template":"","meta":[],"product_brand":[],"product_cat":[33],"product_tag":[],"class_list":{"0":"post-18519","1":"product","2":"type-product","3":"status-publish","4":"has-post-thumbnail","6":"product_cat-okategoriserad","8":"first","9":"instock","10":"shipping-taxable","11":"purchasable","12":"product-type-simple"},"_links":{"self":[{"href":"https:\/\/nordicmart.andreevmaster.com\/sv\/wp-json\/wp\/v2\/product\/18519","targetHints":{"allow":["GET"]}}],"collection":[{"href":"https:\/\/nordicmart.andreevmaster.com\/sv\/wp-json\/wp\/v2\/product"}],"about":[{"href":"https:\/\/nordicmart.andreevmaster.com\/sv\/wp-json\/wp\/v2\/types\/product"}],"replies":[{"embeddable":true,"href":"https:\/\/nordicmart.andreevmaster.com\/sv\/wp-json\/wp\/v2\/comments?post=18519"}],"wp:featuredmedia":[{"embeddable":true,"href":"https:\/\/nordicmart.andreevmaster.com\/sv\/wp-json\/wp\/v2\/media\/45524"}],"wp:attachment":[{"href":"https:\/\/nordicmart.andreevmaster.com\/sv\/wp-json\/wp\/v2\/media?parent=18519"}],"wp:term":[{"taxonomy":"product_brand","embeddable":true,"href":"https:\/\/nordicmart.andreevmaster.com\/sv\/wp-json\/wp\/v2\/product_brand?post=18519"},{"taxonomy":"product_cat","embeddable":true,"href":"https:\/\/nordicmart.andreevmaster.com\/sv\/wp-json\/wp\/v2\/product_cat?post=18519"},{"taxonomy":"product_tag","embeddable":true,"href":"https:\/\/nordicmart.andreevmaster.com\/sv\/wp-json\/wp\/v2\/product_tag?post=18519"}],"curies":[{"name":"wp","href":"https:\/\/api.w.org\/{rel}","templated":true}]}}