{"id":18518,"date":"2026-02-27T00:40:17","date_gmt":"2026-02-27T00:40:17","guid":{"rendered":"https:\/\/nordicmart.andreevmaster.com\/product\/feandrea-vattentat-hundfilt-208-x-132-cm-med-halkfri-undersida-duvgra\/"},"modified":"2026-02-27T08:28:45","modified_gmt":"2026-02-27T08:28:45","slug":"feandrea-vattentat-hundfilt-208-x-132-cm-med-halkfri-undersida-duvgra","status":"publish","type":"product","link":"https:\/\/nordicmart.andreevmaster.com\/sv\/produkt\/feandrea-vattentat-hundfilt-208-x-132-cm-med-halkfri-undersida-duvgra\/","title":{"rendered":"Feandrea Vattent\u00e4t hundfilt 208 x 132 cm med halkfri undersida, duvgr\u00e5"},"content":{"rendered":"<p>Feandrea vattent\u00e4t hundfilt, filt f\u00f6r stora hundar, 178 x 76 cm, bilfilt f\u00f6r husdjur, soffskydd, maskintv\u00e4ttbar, halkfri undersida, quiltad design, duvgr\u00e5 PPB025G01<br \/>\nF\u00e4rg: Duvgr\u00e5<br \/>\nMaterial: mikrofibertyg, mikrofiberfyllning, TPU-folie, halkfritt tyg<br \/>\nStorlek: 208 x 132 cm (L x B)<br \/>\nVikt: 1,1 kg<\/p>\n","protected":false},"excerpt":{"rendered":"<p>Feandrea vattent\u00e4t hundfilt, filt f\u00f6r stora hundar, 178 x 76 cm, bilfilt f\u00f6r husdjur, soffskydd, maskintv\u00e4ttbar, halkfri undersida, quiltad design, duvgr\u00e5 PPB025G01<\/p>\n","protected":false},"featured_media":45523,"comment_status":"open","ping_status":"closed","template":"","meta":[],"product_brand":[],"product_cat":[33],"product_tag":[],"class_list":{"0":"post-18518","1":"product","2":"type-product","3":"status-publish","4":"has-post-thumbnail","6":"product_cat-okategoriserad","8":"first","9":"instock","10":"shipping-taxable","11":"purchasable","12":"product-type-simple"},"_links":{"self":[{"href":"https:\/\/nordicmart.andreevmaster.com\/sv\/wp-json\/wp\/v2\/product\/18518","targetHints":{"allow":["GET"]}}],"collection":[{"href":"https:\/\/nordicmart.andreevmaster.com\/sv\/wp-json\/wp\/v2\/product"}],"about":[{"href":"https:\/\/nordicmart.andreevmaster.com\/sv\/wp-json\/wp\/v2\/types\/product"}],"replies":[{"embeddable":true,"href":"https:\/\/nordicmart.andreevmaster.com\/sv\/wp-json\/wp\/v2\/comments?post=18518"}],"wp:featuredmedia":[{"embeddable":true,"href":"https:\/\/nordicmart.andreevmaster.com\/sv\/wp-json\/wp\/v2\/media\/45523"}],"wp:attachment":[{"href":"https:\/\/nordicmart.andreevmaster.com\/sv\/wp-json\/wp\/v2\/media?parent=18518"}],"wp:term":[{"taxonomy":"product_brand","embeddable":true,"href":"https:\/\/nordicmart.andreevmaster.com\/sv\/wp-json\/wp\/v2\/product_brand?post=18518"},{"taxonomy":"product_cat","embeddable":true,"href":"https:\/\/nordicmart.andreevmaster.com\/sv\/wp-json\/wp\/v2\/product_cat?post=18518"},{"taxonomy":"product_tag","embeddable":true,"href":"https:\/\/nordicmart.andreevmaster.com\/sv\/wp-json\/wp\/v2\/product_tag?post=18518"}],"curies":[{"name":"wp","href":"https:\/\/api.w.org\/{rel}","templated":true}]}}