{"id":18514,"date":"2026-02-27T00:40:16","date_gmt":"2026-02-27T00:40:16","guid":{"rendered":"https:\/\/nordicmart.andreevmaster.com\/product\/feandrea-hundfilt-m-75-x-50-cm-maskintvattbar-ljusgra\/"},"modified":"2026-02-27T08:28:44","modified_gmt":"2026-02-27T08:28:44","slug":"feandrea-hundfilt-m-75-x-50-cm-maskintvattbar-ljusgra","status":"publish","type":"product","link":"https:\/\/nordicmart.andreevmaster.com\/sv\/produkt\/feandrea-hundfilt-m-75-x-50-cm-maskintvattbar-ljusgra\/","title":{"rendered":"Feandrea hundfilt M 75 x 50 cm maskintv\u00e4ttbar ljusgr\u00e5"},"content":{"rendered":"<p>Feandrea hundfilt, husdjursfilt, f\u00f6r hundar, katter, 60 x 45 cm, S, maskintv\u00e4ttbar, torkmaskinst\u00e4mplad, halkfri, duvgr\u00e5 PPB001G01<br \/>\nF\u00e4rg: Ljusgr\u00e5<br \/>\nMaterial: Sherpa-tyg, aluminiumfolie, halkfritt tyg<br \/>\nStorlek: 75 x 50 cm (L x B)<br \/>\nVikt: 0,4 kg<\/p>\n","protected":false},"excerpt":{"rendered":"<p>Feandrea hundfilt, husdjursfilt, f\u00f6r hundar, katter, 60 x 45 cm, S, maskintv\u00e4ttbar, torkmaskinst\u00e4mplad, halkfri, duvgr\u00e5 PPB001G01<\/p>\n","protected":false},"featured_media":45519,"comment_status":"open","ping_status":"closed","template":"","meta":[],"product_brand":[],"product_cat":[33],"product_tag":[],"class_list":{"0":"post-18514","1":"product","2":"type-product","3":"status-publish","4":"has-post-thumbnail","6":"product_cat-okategoriserad","8":"first","9":"instock","10":"shipping-taxable","11":"purchasable","12":"product-type-simple"},"_links":{"self":[{"href":"https:\/\/nordicmart.andreevmaster.com\/sv\/wp-json\/wp\/v2\/product\/18514","targetHints":{"allow":["GET"]}}],"collection":[{"href":"https:\/\/nordicmart.andreevmaster.com\/sv\/wp-json\/wp\/v2\/product"}],"about":[{"href":"https:\/\/nordicmart.andreevmaster.com\/sv\/wp-json\/wp\/v2\/types\/product"}],"replies":[{"embeddable":true,"href":"https:\/\/nordicmart.andreevmaster.com\/sv\/wp-json\/wp\/v2\/comments?post=18514"}],"wp:featuredmedia":[{"embeddable":true,"href":"https:\/\/nordicmart.andreevmaster.com\/sv\/wp-json\/wp\/v2\/media\/45519"}],"wp:attachment":[{"href":"https:\/\/nordicmart.andreevmaster.com\/sv\/wp-json\/wp\/v2\/media?parent=18514"}],"wp:term":[{"taxonomy":"product_brand","embeddable":true,"href":"https:\/\/nordicmart.andreevmaster.com\/sv\/wp-json\/wp\/v2\/product_brand?post=18514"},{"taxonomy":"product_cat","embeddable":true,"href":"https:\/\/nordicmart.andreevmaster.com\/sv\/wp-json\/wp\/v2\/product_cat?post=18514"},{"taxonomy":"product_tag","embeddable":true,"href":"https:\/\/nordicmart.andreevmaster.com\/sv\/wp-json\/wp\/v2\/product_tag?post=18514"}],"curies":[{"name":"wp","href":"https:\/\/api.w.org\/{rel}","templated":true}]}}