{"id":18509,"date":"2026-02-27T00:40:15","date_gmt":"2026-02-27T00:40:15","guid":{"rendered":"https:\/\/nordicmart.andreevmaster.com\/product\/feandrea-hundfilt-3-pack-s-tvattbar-skiffergra\/"},"modified":"2026-02-27T08:28:43","modified_gmt":"2026-02-27T08:28:43","slug":"feandrea-hundfilt-3-pack-s-tvattbar-skiffergra","status":"publish","type":"product","link":"https:\/\/nordicmart.andreevmaster.com\/sv\/produkt\/feandrea-hundfilt-3-pack-s-tvattbar-skiffergra\/","title":{"rendered":"Feandrea hundfilt 3-pack S tv\u00e4ttbar skiffergr\u00e5"},"content":{"rendered":"<p>Feandrea kattfilt, 3-pack tv\u00e4ttbar husdjursfilt, XS, 60 x 40 cm, f\u00f6r kattungar och kattungar, flanell, skyddsfilt f\u00f6r soffa, skiffergr\u00e5 PPB011G01<br \/>\nF\u00e4rg: Skiffergr\u00e5<br \/>\nMaterial: Flanell<br \/>\nStorlek: 60 x 40 cm (L x B)<br \/>\nVikt: 0,2 kg<\/p>\n","protected":false},"excerpt":{"rendered":"<p>Feandrea kattfilt, 3-pack tv\u00e4ttbar husdjursfilt, XS, 60 x 40 cm, f\u00f6r kattungar och kattungar, flanell, skyddsfilt f\u00f6r soffa, skiffergr\u00e5 PPB011G01<\/p>\n","protected":false},"featured_media":45514,"comment_status":"open","ping_status":"closed","template":"","meta":[],"product_brand":[],"product_cat":[33],"product_tag":[],"class_list":{"0":"post-18509","1":"product","2":"type-product","3":"status-publish","4":"has-post-thumbnail","6":"product_cat-okategoriserad","8":"first","9":"instock","10":"shipping-taxable","11":"purchasable","12":"product-type-simple"},"_links":{"self":[{"href":"https:\/\/nordicmart.andreevmaster.com\/sv\/wp-json\/wp\/v2\/product\/18509","targetHints":{"allow":["GET"]}}],"collection":[{"href":"https:\/\/nordicmart.andreevmaster.com\/sv\/wp-json\/wp\/v2\/product"}],"about":[{"href":"https:\/\/nordicmart.andreevmaster.com\/sv\/wp-json\/wp\/v2\/types\/product"}],"replies":[{"embeddable":true,"href":"https:\/\/nordicmart.andreevmaster.com\/sv\/wp-json\/wp\/v2\/comments?post=18509"}],"wp:featuredmedia":[{"embeddable":true,"href":"https:\/\/nordicmart.andreevmaster.com\/sv\/wp-json\/wp\/v2\/media\/45514"}],"wp:attachment":[{"href":"https:\/\/nordicmart.andreevmaster.com\/sv\/wp-json\/wp\/v2\/media?parent=18509"}],"wp:term":[{"taxonomy":"product_brand","embeddable":true,"href":"https:\/\/nordicmart.andreevmaster.com\/sv\/wp-json\/wp\/v2\/product_brand?post=18509"},{"taxonomy":"product_cat","embeddable":true,"href":"https:\/\/nordicmart.andreevmaster.com\/sv\/wp-json\/wp\/v2\/product_cat?post=18509"},{"taxonomy":"product_tag","embeddable":true,"href":"https:\/\/nordicmart.andreevmaster.com\/sv\/wp-json\/wp\/v2\/product_tag?post=18509"}],"curies":[{"name":"wp","href":"https:\/\/api.w.org\/{rel}","templated":true}]}}