{"id":18507,"date":"2026-02-27T00:40:14","date_gmt":"2026-02-27T00:40:14","guid":{"rendered":"https:\/\/nordicmart.andreevmaster.com\/product\/feandrea-hundfilt-203-x-152-cm-kan-anvandas-pa-bada-sidor-tillverkad-av-sherpa-tyg\/"},"modified":"2026-02-27T08:28:43","modified_gmt":"2026-02-27T08:28:43","slug":"feandrea-hundfilt-203-x-152-cm-kan-anvandas-pa-bada-sidor-tillverkad-av-sherpa-tyg","status":"publish","type":"product","link":"https:\/\/nordicmart.andreevmaster.com\/sv\/produkt\/feandrea-hundfilt-203-x-152-cm-kan-anvandas-pa-bada-sidor-tillverkad-av-sherpa-tyg\/","title":{"rendered":"Feandrea hundfilt 203 x 152 cm, kan anv\u00e4ndas p\u00e5 b\u00e5da sidor, tillverkad av sherpa-tyg"},"content":{"rendered":"<p>Feandrea hundfilt, vattent\u00e4t filt, l\u00e5ng plysch, f\u00f6r miniatyrhundar, katter, sherpa-tyg, kan anv\u00e4ndas p\u00e5 b\u00e5da sidor, hundsoffa skyddsfilt<br \/>\nF\u00e4rg: Ombr\u00e9-gr\u00e5<br \/>\nMaterial: PV-plush, sherpa-tyg, TPU-folie<br \/>\nStorlek: 203 x 152 cm (L x B)<br \/>\nVikt: 1,5 kg<\/p>\n","protected":false},"excerpt":{"rendered":"<p>Feandrea hundfilt, vattent\u00e4t filt, l\u00e5ng plysch, f\u00f6r miniatyrhundar, katter, sherpa-tyg, kan anv\u00e4ndas p\u00e5 b\u00e5da sidor, hundsoffa skyddsfilt<\/p>\n","protected":false},"featured_media":45512,"comment_status":"open","ping_status":"closed","template":"","meta":[],"product_brand":[],"product_cat":[33],"product_tag":[],"class_list":{"0":"post-18507","1":"product","2":"type-product","3":"status-publish","4":"has-post-thumbnail","6":"product_cat-okategoriserad","8":"first","9":"instock","10":"shipping-taxable","11":"purchasable","12":"product-type-simple"},"_links":{"self":[{"href":"https:\/\/nordicmart.andreevmaster.com\/sv\/wp-json\/wp\/v2\/product\/18507","targetHints":{"allow":["GET"]}}],"collection":[{"href":"https:\/\/nordicmart.andreevmaster.com\/sv\/wp-json\/wp\/v2\/product"}],"about":[{"href":"https:\/\/nordicmart.andreevmaster.com\/sv\/wp-json\/wp\/v2\/types\/product"}],"replies":[{"embeddable":true,"href":"https:\/\/nordicmart.andreevmaster.com\/sv\/wp-json\/wp\/v2\/comments?post=18507"}],"wp:featuredmedia":[{"embeddable":true,"href":"https:\/\/nordicmart.andreevmaster.com\/sv\/wp-json\/wp\/v2\/media\/45512"}],"wp:attachment":[{"href":"https:\/\/nordicmart.andreevmaster.com\/sv\/wp-json\/wp\/v2\/media?parent=18507"}],"wp:term":[{"taxonomy":"product_brand","embeddable":true,"href":"https:\/\/nordicmart.andreevmaster.com\/sv\/wp-json\/wp\/v2\/product_brand?post=18507"},{"taxonomy":"product_cat","embeddable":true,"href":"https:\/\/nordicmart.andreevmaster.com\/sv\/wp-json\/wp\/v2\/product_cat?post=18507"},{"taxonomy":"product_tag","embeddable":true,"href":"https:\/\/nordicmart.andreevmaster.com\/sv\/wp-json\/wp\/v2\/product_tag?post=18507"}],"curies":[{"name":"wp","href":"https:\/\/api.w.org\/{rel}","templated":true}]}}