{"id":18504,"date":"2026-02-27T00:40:14","date_gmt":"2026-02-27T00:40:14","guid":{"rendered":"https:\/\/nordicmart.andreevmaster.com\/product\/feandrea-hundfilt-102-x-73-cm-kan-anvandas-pa-bada-sidor-tillverkad-av-sherpa-tyg\/"},"modified":"2026-02-27T08:28:42","modified_gmt":"2026-02-27T08:28:42","slug":"feandrea-hundfilt-102-x-73-cm-kan-anvandas-pa-bada-sidor-tillverkad-av-sherpa-tyg","status":"publish","type":"product","link":"https:\/\/nordicmart.andreevmaster.com\/sv\/produkt\/feandrea-hundfilt-102-x-73-cm-kan-anvandas-pa-bada-sidor-tillverkad-av-sherpa-tyg\/","title":{"rendered":"Feandrea hundfilt 102 x 73 cm, kan anv\u00e4ndas p\u00e5 b\u00e5da sidor, tillverkad av sherpa-tyg"},"content":{"rendered":"<p>Feandrea hundfilt, vattent\u00e4t filt, l\u00e5ng plysch, f\u00f6r miniatyrhundar, katter, sherpa-tyg, kan anv\u00e4ndas p\u00e5 b\u00e5da sidor, hundsoffa skyddsfilt<\/p>\n","protected":false},"excerpt":{"rendered":"<p>Feandrea hundfilt, vattent\u00e4t filt, l\u00e5ng plysch, f\u00f6r miniatyrhundar, katter, sherpa-tyg, kan anv\u00e4ndas p\u00e5 b\u00e5da sidor, hundsoffa skyddsfilt<\/p>\n","protected":false},"featured_media":45509,"comment_status":"open","ping_status":"closed","template":"","meta":[],"product_brand":[],"product_cat":[33],"product_tag":[],"class_list":{"0":"post-18504","1":"product","2":"type-product","3":"status-publish","4":"has-post-thumbnail","6":"product_cat-okategoriserad","8":"first","9":"instock","10":"shipping-taxable","11":"purchasable","12":"product-type-simple"},"_links":{"self":[{"href":"https:\/\/nordicmart.andreevmaster.com\/sv\/wp-json\/wp\/v2\/product\/18504","targetHints":{"allow":["GET"]}}],"collection":[{"href":"https:\/\/nordicmart.andreevmaster.com\/sv\/wp-json\/wp\/v2\/product"}],"about":[{"href":"https:\/\/nordicmart.andreevmaster.com\/sv\/wp-json\/wp\/v2\/types\/product"}],"replies":[{"embeddable":true,"href":"https:\/\/nordicmart.andreevmaster.com\/sv\/wp-json\/wp\/v2\/comments?post=18504"}],"wp:featuredmedia":[{"embeddable":true,"href":"https:\/\/nordicmart.andreevmaster.com\/sv\/wp-json\/wp\/v2\/media\/45509"}],"wp:attachment":[{"href":"https:\/\/nordicmart.andreevmaster.com\/sv\/wp-json\/wp\/v2\/media?parent=18504"}],"wp:term":[{"taxonomy":"product_brand","embeddable":true,"href":"https:\/\/nordicmart.andreevmaster.com\/sv\/wp-json\/wp\/v2\/product_brand?post=18504"},{"taxonomy":"product_cat","embeddable":true,"href":"https:\/\/nordicmart.andreevmaster.com\/sv\/wp-json\/wp\/v2\/product_cat?post=18504"},{"taxonomy":"product_tag","embeddable":true,"href":"https:\/\/nordicmart.andreevmaster.com\/sv\/wp-json\/wp\/v2\/product_tag?post=18504"}],"curies":[{"name":"wp","href":"https:\/\/api.w.org\/{rel}","templated":true}]}}