{"id":18501,"date":"2026-02-27T00:40:13","date_gmt":"2026-02-27T00:40:13","guid":{"rendered":"https:\/\/nordicmart.andreevmaster.com\/product\/feandrea-hundfilt-60-x-45-cm-maskintvattbar-storlek-s\/"},"modified":"2026-02-27T08:28:41","modified_gmt":"2026-02-27T08:28:41","slug":"feandrea-hundfilt-60-x-45-cm-maskintvattbar-storlek-s","status":"publish","type":"product","link":"https:\/\/nordicmart.andreevmaster.com\/sv\/produkt\/feandrea-hundfilt-60-x-45-cm-maskintvattbar-storlek-s\/","title":{"rendered":"Feandrea hundfilt 60 x 45 cm maskintv\u00e4ttbar storlek S"},"content":{"rendered":"<p>Feandrea hundfilt, husdjursfilt, f\u00f6r hundar, katter, 60 x 45 cm, S, maskintv\u00e4ttbar, torkmaskinst\u00e4mplad, halkfri, duvgr\u00e5 PPB001G01<br \/>\nF\u00e4rg: Duvgr\u00e5<br \/>\nMaterial: Sherpa-tyg, aluminiumfolie, halkfritt tyg<br \/>\nStorlek: 60 x 45 cm (L x B)<br \/>\nVikt: 0,3 kg<\/p>\n","protected":false},"excerpt":{"rendered":"<p>Feandrea hundfilt, husdjursfilt, f\u00f6r hundar, katter, 60 x 45 cm, S, maskintv\u00e4ttbar, torkmaskinst\u00e4mplad, halkfri, duvgr\u00e5 PPB001G01<\/p>\n","protected":false},"featured_media":45506,"comment_status":"open","ping_status":"closed","template":"","meta":[],"product_brand":[],"product_cat":[33],"product_tag":[],"class_list":{"0":"post-18501","1":"product","2":"type-product","3":"status-publish","4":"has-post-thumbnail","6":"product_cat-okategoriserad","8":"first","9":"instock","10":"shipping-taxable","11":"purchasable","12":"product-type-simple"},"_links":{"self":[{"href":"https:\/\/nordicmart.andreevmaster.com\/sv\/wp-json\/wp\/v2\/product\/18501","targetHints":{"allow":["GET"]}}],"collection":[{"href":"https:\/\/nordicmart.andreevmaster.com\/sv\/wp-json\/wp\/v2\/product"}],"about":[{"href":"https:\/\/nordicmart.andreevmaster.com\/sv\/wp-json\/wp\/v2\/types\/product"}],"replies":[{"embeddable":true,"href":"https:\/\/nordicmart.andreevmaster.com\/sv\/wp-json\/wp\/v2\/comments?post=18501"}],"wp:featuredmedia":[{"embeddable":true,"href":"https:\/\/nordicmart.andreevmaster.com\/sv\/wp-json\/wp\/v2\/media\/45506"}],"wp:attachment":[{"href":"https:\/\/nordicmart.andreevmaster.com\/sv\/wp-json\/wp\/v2\/media?parent=18501"}],"wp:term":[{"taxonomy":"product_brand","embeddable":true,"href":"https:\/\/nordicmart.andreevmaster.com\/sv\/wp-json\/wp\/v2\/product_brand?post=18501"},{"taxonomy":"product_cat","embeddable":true,"href":"https:\/\/nordicmart.andreevmaster.com\/sv\/wp-json\/wp\/v2\/product_cat?post=18501"},{"taxonomy":"product_tag","embeddable":true,"href":"https:\/\/nordicmart.andreevmaster.com\/sv\/wp-json\/wp\/v2\/product_tag?post=18501"}],"curies":[{"name":"wp","href":"https:\/\/api.w.org\/{rel}","templated":true}]}}