{"id":18495,"date":"2026-02-27T00:40:11","date_gmt":"2026-02-27T00:40:11","guid":{"rendered":"https:\/\/nordicmart.andreevmaster.com\/product\/pinette-bokhylla\/"},"modified":"2026-02-27T08:28:40","modified_gmt":"2026-02-27T08:28:40","slug":"pinette-bokhylla","status":"publish","type":"product","link":"https:\/\/nordicmart.andreevmaster.com\/sv\/produkt\/pinette-bokhylla\/","title":{"rendered":"Pinette bokhylla"},"content":{"rendered":"<p>Modern hyllm\u00f6bel med \u00f6ppen struktur, utrustad med en l\u00e5da och tv\u00e5 kubformade beh\u00e5llare som kan placeras p\u00e5 hyllan efter behov. Avst\u00e5ndet mellan hyllorna \u00e4r stort, s\u00e5 att du kan placera h\u00f6ga b\u00f6cker eller stora leksaker p\u00e5 dem. Avst\u00e5ndet kan ocks\u00e5 \u00e4ndras eftersom tv\u00e5 av hyllorna \u00e4r h\u00f6jdjusterbara. <\/p>\n<p>**De viktigaste f\u00f6rdelarna:**<br \/>\n&#8211; hyllor som skyddar mot fall<br \/>\n&#8211; tv\u00e5 hyllor med justerbar h\u00f6jd, tv\u00e5 fasta hyllor<br \/>\n&#8211; kan monteras p\u00e5 v\u00e4ggen \u2013 rekommenderas<br \/>\n&#8211; en l\u00e5da, tv\u00e5 sk\u00e5p<br \/>\n&#8211; uppfyller europeiska standarder och s\u00e4kerhetsnormer<\/p>\n<p>**M\u00e5tt (cm):**<br \/>\nh\u00f6jd: 190,3<br \/>\ndjup: 44<br \/>\nbredd: 100<\/p>\n<p>**M\u00f6beldesign och ytbehandling:**<br \/>\n&#8211; m\u00f6blerna \u00e4r tillverkade av h\u00f6gkvalitativ laminerad skiva som \u00e4r motst\u00e5ndskraftig mot skador och fukt och l\u00e4tt att h\u00e5lla ren<br \/>\n&#8211; tr\u00e4konstruktionen \u00e4r tillverkad av limmat furuvirke som kan ha vissa brister, t.ex. kvistar, mikrosprickor, oj\u00e4mn f\u00e4rg etc., vilket \u00e4r typiskt f\u00f6r naturliga r\u00e5varor. Tr\u00e4et \u00e4r lackerat med klar lack som \u00e4r s\u00e4ker f\u00f6r barn.<br \/>\n&#8211; L\u00e5dan \u00f6ppnas med systemet \u201dpush to open\u201d<\/p>\n<p>F\u00e4rger:<br \/>\n&#8211; sn\u00f6vit, neutral gr\u00e5, ljus furu, allt med matt yta<\/p>\n<p>Bruksanvisning:<br \/>\nM\u00f6blerna ska torkas av med en mjuk bomullsduk fuktad med vatten eller m\u00f6belpolish.Ytterligare information: M\u00f6blerna levereras i l\u00e5dor f\u00f6r sj\u00e4lvmontering. L\u00e5dorna inneh\u00e5ller en detaljerad monteringsanvisning samt tillbeh\u00f6r (skruvar etc.).<\/p>\n","protected":false},"excerpt":{"rendered":"<p>Modern hyllm\u00f6bel med \u00f6ppen struktur, utrustad med en l\u00e5da och tv\u00e5 kubformade beh\u00e5llare som kan placeras p\u00e5 hyllan efter behov. Avst\u00e5ndet mellan hyllorna \u00e4r stort, s\u00e5 att du kan placera h\u00f6ga b\u00f6cker eller stora leksaker p\u00e5 dem. Avst\u00e5ndet kan ocks\u00e5 \u00e4ndras eftersom tv\u00e5 av hyllorna \u00e4r h\u00f6jdjusterbara. **De viktigaste f\u00f6rdelarna:** &#8211; hyllor som skyddar mot [&hellip;]<\/p>\n","protected":false},"featured_media":0,"comment_status":"open","ping_status":"closed","template":"","meta":[],"product_brand":[],"product_cat":[33],"product_tag":[],"class_list":{"0":"post-18495","1":"product","2":"type-product","3":"status-publish","5":"product_cat-okategoriserad","7":"first","8":"instock","9":"shipping-taxable","10":"purchasable","11":"product-type-simple"},"_links":{"self":[{"href":"https:\/\/nordicmart.andreevmaster.com\/sv\/wp-json\/wp\/v2\/product\/18495","targetHints":{"allow":["GET"]}}],"collection":[{"href":"https:\/\/nordicmart.andreevmaster.com\/sv\/wp-json\/wp\/v2\/product"}],"about":[{"href":"https:\/\/nordicmart.andreevmaster.com\/sv\/wp-json\/wp\/v2\/types\/product"}],"replies":[{"embeddable":true,"href":"https:\/\/nordicmart.andreevmaster.com\/sv\/wp-json\/wp\/v2\/comments?post=18495"}],"wp:attachment":[{"href":"https:\/\/nordicmart.andreevmaster.com\/sv\/wp-json\/wp\/v2\/media?parent=18495"}],"wp:term":[{"taxonomy":"product_brand","embeddable":true,"href":"https:\/\/nordicmart.andreevmaster.com\/sv\/wp-json\/wp\/v2\/product_brand?post=18495"},{"taxonomy":"product_cat","embeddable":true,"href":"https:\/\/nordicmart.andreevmaster.com\/sv\/wp-json\/wp\/v2\/product_cat?post=18495"},{"taxonomy":"product_tag","embeddable":true,"href":"https:\/\/nordicmart.andreevmaster.com\/sv\/wp-json\/wp\/v2\/product_tag?post=18495"}],"curies":[{"name":"wp","href":"https:\/\/api.w.org\/{rel}","templated":true}]}}