{"id":18494,"date":"2026-02-27T00:40:11","date_gmt":"2026-02-27T00:40:11","guid":{"rendered":"https:\/\/nordicmart.andreevmaster.com\/product\/pinette-spjalsang-juniorbadd-70x140\/"},"modified":"2026-02-27T08:28:40","modified_gmt":"2026-02-27T08:28:40","slug":"pinette-spjalsang-juniorbadd-70x140","status":"publish","type":"product","link":"https:\/\/nordicmart.andreevmaster.com\/sv\/produkt\/pinette-spjalsang-juniorbadd-70x140\/","title":{"rendered":"Pinette spj\u00e4ls\u00e4ng\/juniorb\u00e4dd 70&#215;140"},"content":{"rendered":"<p>En central punkt i varje barnrum \u00e4r en spj\u00e4ls\u00e4ng som inte bara \u00e4r en plats att sova och vila p\u00e5, utan ocks\u00e5 att leka p\u00e5.Tack vare praktiska l\u00f6sningar \u00e4r spj\u00e4ls\u00e4ngen Pinette s\u00e4ker och st\u00f6der barnets utveckling. En tr\u00e4konstruktion i form av ett hus utg\u00f6r ett tidl\u00f6st och naturligt inslag. Den kan anv\u00e4ndas f\u00f6r att h\u00e4nga mobiler, lampor eller andra element som st\u00f6der barnets utveckling, f\u00f6r att h\u00e4nga ett myggn\u00e4t som skyddar mot insekter eller en baldakin som skapar en mysig sovplats.Tack vare en tv\u00e4rsl\u00e5 som f\u00f6rbinder spj\u00e4ls\u00e4ngens huvud\u00e4ndar \u00e4r spj\u00e4ls\u00e4ngen s\u00e4ker att anv\u00e4nda b\u00e5de f\u00f6r f\u00f6r\u00e4ldrar som utf\u00f6r dagliga sk\u00f6tselaktiviteter, sp\u00e4dbarn som testar sin styrka och aktiva sm\u00e5barn. Madrassramen kan placeras p\u00e5 tre olika h\u00f6jder. Den h\u00f6gsta niv\u00e5n \u00e4r avsedd f\u00f6r sp\u00e4dbarn, den mellersta niv\u00e5n f\u00f6r barn som sitter och kryper och den l\u00e4gsta niv\u00e5n f\u00f6r sm\u00e5barn som kl\u00e4ttrar. Ramens l\u00e4gsta l\u00e4ge ger en bekv\u00e4m h\u00f6jd fr\u00e5n golvet s\u00e5 att sp\u00e4dbarn fritt kan kliva i och ur spj\u00e4ls\u00e4ngen, vilket \u00e4r s\u00e4rskilt viktigt f\u00f6r att bygga upp deras sj\u00e4lvst\u00e4ndighet och autonomi. En rymlig l\u00e5da f\u00f6r olika tillbeh\u00f6r och skatter kan dras ut av varje sm\u00e5barn (utan risk f\u00f6r att golvet repas \uf04a). Ett \u00e4ldre barn kan anv\u00e4nda s\u00e4ngen lite l\u00e4ngre eftersom den kan dras ut till 160 cm.<br \/>\nEn s\u00e4ng med ett tr\u00e4hus erbjuder ocks\u00e5 m\u00e5nga m\u00f6jligheter att arrangera, inte bara n\u00e4r det g\u00e4ller att ha roligt. Den kan vara en god fe-stuga, ett piratskepp, ett sjukhus f\u00f6r skadade i en teddybj\u00f6rnskamp eller bara en bra g\u00f6mst\u00e4lle, vilket \u00e4r varje barns dr\u00f6m.<br \/>\n**De viktigaste f\u00f6rdelarna:**<br \/>\n&#8211; uppfyller europeiska standarder och s\u00e4kerhetsnormer<br \/>\n&#8211; **tv\u00e5 avtagbara st\u00e4nger** i en av ramarna som g\u00f6r det m\u00f6jligt att kliva i och ur s\u00e4ngen<br \/>\n&#8211; **tre niv\u00e5er f\u00f6r madrassramens position** som kan justeras efter barnets utveckling (55,6\/42,8\/25,2 cm fr\u00e5n golvet)<br \/>\n&#8211; **kan omvandlas till en soffa** genom att demontera en av ramarna<br \/>\n&#8211; **kan omvandlas till en divan** genom att demontera tv\u00e5 ramar och den \u00f6vre delen av huvud- och fotgaveln<br \/>\n&#8211; s\u00e4ngen kan dras ut till 160 cm och anv\u00e4ndas l\u00e4ngre, till ungef\u00e4r 10 \u00e5rs \u00e5lder<br \/>\n&#8211; rymlig l\u00e5da med rullar med gummid\u00e4ck, s\u00e4ker f\u00f6r golvet<br \/>\n&#8211; fallskydd f\u00f6r s\u00e4ngen finns dessutom (tillval)<\/p>\n<p>**M\u00e5tt (cm):**<br \/>\nl\u00e4ngd: 144 \u2013 163,6<br \/>\nbredd: 79,5<br \/>\nh\u00f6jd p\u00e5 huvud- och fotgavel: 86,5<br \/>\nh\u00f6jd p\u00e5 huset: 176<\/p>\n<p>**Ytterligare information:**<br \/>\n&#8211; madrass som passar till spj\u00e4ls\u00e4ngen: 140 cm x 70 cm<br \/>\n&#8211; madrass som passar till divanen: 70 cm x 160 cm<br \/>\n&#8211; livsl\u00e4ngd: till cirka 10 \u00e5rs \u00e5lder.<\/p>\n<p>**M\u00f6beldesign och ytbehandling:**<br \/>\n&#8211; Spj\u00e4ls\u00e4ngens huvud- och fotgavel, l\u00e5dan och divanens br\u00e4da \u00e4r tillverkade av h\u00f6gkvalitativ laminerad skiva som \u00e4r motst\u00e5ndskraftig mot skador och fukt och l\u00e4tt att h\u00e5lla ren.<br \/>\n&#8211; Tr\u00e4strukturen \u00e4r tillverkad av limmat furu som kan ha vissa brister, t.ex. kvistar, mikrosprickor, oj\u00e4mn f\u00e4rg etc., vilket \u00e4r typiskt f\u00f6r naturliga r\u00e5varor. Tr\u00e4et \u00e4r lackerat med klarlack som \u00e4r s\u00e4ker f\u00f6r barn. &#8211; L\u00e5dor och garderobsd\u00f6rrar \u00f6ppnas med systemet \u201dpush to open\u201d. &#8211; L\u00e5dan i spj\u00e4ls\u00e4ngen \u00e4r utrustad med rullar med gummid\u00e4ck (s\u00e4kra f\u00f6r golvet). &#8211; M\u00f6blerna kan monteras p\u00e5 v\u00e4ggen \u2013 rekommenderas. &#8211; Stegarna \u00e4r tillverkade av boktr\u00e4, lackade med vit f\u00e4rg som \u00e4r s\u00e4ker f\u00f6r barn, certifierad enligt standarden EN71\/3.- Madrassram tillverkad av bokplywood <\/p>\n<p>**F\u00e4rger:**<br \/>\n&#8211; sn\u00f6vit, neutral gr\u00e5, ljus furu, allt med matt yta<br \/>\nBruksanvisning:<br \/>\nM\u00f6blerna ska torkas av med en mjuk bomullsduk fuktad med vatten eller m\u00f6belpolish.<br \/>\nYtterligare information:<br \/>\nM\u00f6blerna levereras i l\u00e5dor f\u00f6r sj\u00e4lvmontering. L\u00e5dorna inneh\u00e5ller en detaljerad monteringsanvisning samt tillbeh\u00f6r (skruvar etc.).<\/p>\n","protected":false},"excerpt":{"rendered":"<p>En central punkt i varje barnrum \u00e4r en spj\u00e4ls\u00e4ng som inte bara \u00e4r en plats att sova och vila p\u00e5, utan ocks\u00e5 att leka p\u00e5.Tack vare praktiska l\u00f6sningar \u00e4r spj\u00e4ls\u00e4ngen Pinette s\u00e4ker och st\u00f6der barnets utveckling. En tr\u00e4konstruktion i form av ett hus utg\u00f6r ett tidl\u00f6st och naturligt inslag. Den kan anv\u00e4ndas f\u00f6r att h\u00e4nga [&hellip;]<\/p>\n","protected":false},"featured_media":0,"comment_status":"open","ping_status":"closed","template":"","meta":[],"product_brand":[],"product_cat":[33],"product_tag":[],"class_list":{"0":"post-18494","1":"product","2":"type-product","3":"status-publish","5":"product_cat-okategoriserad","7":"first","8":"instock","9":"shipping-taxable","10":"purchasable","11":"product-type-simple"},"_links":{"self":[{"href":"https:\/\/nordicmart.andreevmaster.com\/sv\/wp-json\/wp\/v2\/product\/18494","targetHints":{"allow":["GET"]}}],"collection":[{"href":"https:\/\/nordicmart.andreevmaster.com\/sv\/wp-json\/wp\/v2\/product"}],"about":[{"href":"https:\/\/nordicmart.andreevmaster.com\/sv\/wp-json\/wp\/v2\/types\/product"}],"replies":[{"embeddable":true,"href":"https:\/\/nordicmart.andreevmaster.com\/sv\/wp-json\/wp\/v2\/comments?post=18494"}],"wp:attachment":[{"href":"https:\/\/nordicmart.andreevmaster.com\/sv\/wp-json\/wp\/v2\/media?parent=18494"}],"wp:term":[{"taxonomy":"product_brand","embeddable":true,"href":"https:\/\/nordicmart.andreevmaster.com\/sv\/wp-json\/wp\/v2\/product_brand?post=18494"},{"taxonomy":"product_cat","embeddable":true,"href":"https:\/\/nordicmart.andreevmaster.com\/sv\/wp-json\/wp\/v2\/product_cat?post=18494"},{"taxonomy":"product_tag","embeddable":true,"href":"https:\/\/nordicmart.andreevmaster.com\/sv\/wp-json\/wp\/v2\/product_tag?post=18494"}],"curies":[{"name":"wp","href":"https:\/\/api.w.org\/{rel}","templated":true}]}}