{"id":18493,"date":"2026-02-27T00:40:10","date_gmt":"2026-02-27T00:40:10","guid":{"rendered":"https:\/\/nordicmart.andreevmaster.com\/product\/pinette-sang-90x200\/"},"modified":"2026-02-27T08:28:39","modified_gmt":"2026-02-27T08:28:39","slug":"pinette-sang-90x200","status":"publish","type":"product","link":"https:\/\/nordicmart.andreevmaster.com\/sv\/produkt\/pinette-sang-90x200\/","title":{"rendered":"Pinette-s\u00e4ng 90&#215;200"},"content":{"rendered":"<p>Ett barn som v\u00e4xer inneb\u00e4r v\u00e4xande behov. Med dessa behov i \u00e5tanke har vi designat den stora Pinette-s\u00e4ngen.<br \/>\nDen \u00e4r perfekt f\u00f6r ett \u00e4ldre barn eller en ton\u00e5ring tack vare sina standardm\u00e5tt (200 cm x 90 cm), vilket inneb\u00e4r att det inte \u00e4r n\u00e5got problem att v\u00e4lja r\u00e4tt madrass eller s\u00e4ngkl\u00e4der. S\u00e4ngen har en utdragbar l\u00e5da som \u00e4r perfekt f\u00f6r f\u00f6rvaring av s\u00e4ngkl\u00e4der, eller s\u00e5 kan du l\u00e4gga en madrass i den s\u00e5 att den fungerar som en extra s\u00e4ng \u2013 en utm\u00e4rkt l\u00f6sning f\u00f6r syskon eller \u00f6vernattande g\u00e4ster. L\u00e5dan \u00e4r l\u00e4tt att dra ut, \u00e4ven f\u00f6r barn. L\u00e5dan finns i tv\u00e5 f\u00e4rger: sn\u00f6vit och neutral gr\u00e5.<br \/>\nViktiga f\u00f6rdelar:<br \/>\n&#8211; tillverkad i enlighet med europeiska s\u00e4kerhetsstandarder,<br \/>\n&#8211; skandinavisk design,<br \/>\n&#8211; l\u00e5da med f\u00f6rst\u00e4rkt botten, som kan anv\u00e4ndas f\u00f6r f\u00f6rvaring eller som en extra s\u00e4ng (tillval)<br \/>\n&#8211; l\u00e5dan \u00e4r f\u00f6rsedd med hjul med gummikant, som \u00e4r s\u00e4kra f\u00f6r ditt golv,<br \/>\n&#8211; s\u00e4ngen kan f\u00f6rses med ett skyddsr\u00e4cke (tillval).<\/p>\n<p>S\u00e4ngens m\u00e5tt (cm):<br \/>\nl\u00e4ngd: 208<br \/>\nbredd: 98<br \/>\nh\u00f6jd: 72<\/p>\n<p>L\u00e5dans m\u00e5tt (cm):<br \/>\nl\u00e4ngd: 198<br \/>\nbredd: 92<br \/>\nh\u00f6jd: 20<\/p>\n<p>Ytterligare information:<br \/>\n&#8211; den \u00f6vre s\u00e4ngen passar f\u00f6r en madrass: 90 cm x 200 cm, h\u00f6jd: min. 12 cm<br \/>\n&#8211; l\u00e5dan kan f\u00f6rses med en madrass: 90 x 185. Med en 8 cm h\u00f6g madrass kan l\u00e5dan med madrass och s\u00e4ngkl\u00e4der enkelt skjutas in under s\u00e4ngen<br \/>\n&#8211; maximal belastning p\u00e5 s\u00e4ngen 120 kg<br \/>\n&#8211; maximal belastning p\u00e5 l\u00e5dan 100 kg<br \/>\n&#8211; avsedd f\u00f6r barn fr\u00e5n cirka 5\/6 \u00e5rs \u00e5lder<\/p>\n<p>M\u00f6beldesign och ytbehandling:<br \/>\n&#8211; M\u00f6blerna \u00e4r tillverkade av h\u00f6gkvalitativ laminerad skiva som \u00e4r motst\u00e5ndskraftig mot skador och fukt, l\u00e4tt att h\u00e5lla ren.<br \/>\n&#8211; Tr\u00e4strukturen \u00e4r tillverkad av tjockt limmat furuvirke som kan ha vissa brister, t.ex. kvistar, mikrosprickor, oj\u00e4mn f\u00e4rg etc., vilket \u00e4r typiskt f\u00f6r naturliga r\u00e5varor. Tr\u00e4et \u00e4r lackerat med klar lack som \u00e4r s\u00e4ker f\u00f6r barn.<br \/>\n&#8211; Madrassramen \u00e4r tillverkad av bokplywood.<br \/>\nF\u00e4rger:<br \/>\n&#8211; sn\u00f6vit, neutral gr\u00e5, ljus furu, allt med matt yta.<br \/>\nBruksanvisning:<br \/>\nM\u00f6blerna ska torkas av med en mjuk bomullsduk fuktad med vatten eller m\u00f6belpolish.<br \/>\nYtterligare information:<br \/>\nM\u00f6blerna levereras i l\u00e5dor f\u00f6r sj\u00e4lvmontering. L\u00e5dorna inneh\u00e5ller en detaljerad monteringsanvisning samt tillbeh\u00f6r (skruvar etc.).<\/p>\n","protected":false},"excerpt":{"rendered":"<p>Ett barn som v\u00e4xer inneb\u00e4r v\u00e4xande behov. Med dessa behov i \u00e5tanke har vi designat den stora Pinette-s\u00e4ngen. Den \u00e4r perfekt f\u00f6r ett \u00e4ldre barn eller en ton\u00e5ring tack vare sina standardm\u00e5tt (200 cm x 90 cm), vilket inneb\u00e4r att det inte \u00e4r n\u00e5got problem att v\u00e4lja r\u00e4tt madrass eller s\u00e4ngkl\u00e4der. S\u00e4ngen har en utdragbar [&hellip;]<\/p>\n","protected":false},"featured_media":0,"comment_status":"open","ping_status":"closed","template":"","meta":[],"product_brand":[],"product_cat":[33],"product_tag":[],"class_list":{"0":"post-18493","1":"product","2":"type-product","3":"status-publish","5":"product_cat-okategoriserad","7":"first","8":"instock","9":"shipping-taxable","10":"purchasable","11":"product-type-simple"},"_links":{"self":[{"href":"https:\/\/nordicmart.andreevmaster.com\/sv\/wp-json\/wp\/v2\/product\/18493","targetHints":{"allow":["GET"]}}],"collection":[{"href":"https:\/\/nordicmart.andreevmaster.com\/sv\/wp-json\/wp\/v2\/product"}],"about":[{"href":"https:\/\/nordicmart.andreevmaster.com\/sv\/wp-json\/wp\/v2\/types\/product"}],"replies":[{"embeddable":true,"href":"https:\/\/nordicmart.andreevmaster.com\/sv\/wp-json\/wp\/v2\/comments?post=18493"}],"wp:attachment":[{"href":"https:\/\/nordicmart.andreevmaster.com\/sv\/wp-json\/wp\/v2\/media?parent=18493"}],"wp:term":[{"taxonomy":"product_brand","embeddable":true,"href":"https:\/\/nordicmart.andreevmaster.com\/sv\/wp-json\/wp\/v2\/product_brand?post=18493"},{"taxonomy":"product_cat","embeddable":true,"href":"https:\/\/nordicmart.andreevmaster.com\/sv\/wp-json\/wp\/v2\/product_cat?post=18493"},{"taxonomy":"product_tag","embeddable":true,"href":"https:\/\/nordicmart.andreevmaster.com\/sv\/wp-json\/wp\/v2\/product_tag?post=18493"}],"curies":[{"name":"wp","href":"https:\/\/api.w.org\/{rel}","templated":true}]}}