{"id":18489,"date":"2026-02-27T00:40:09","date_gmt":"2026-02-27T00:40:09","guid":{"rendered":"https:\/\/nordicmart.andreevmaster.com\/product\/feandrea-hundbadd-o-65-cm\/"},"modified":"2026-02-27T08:28:39","modified_gmt":"2026-02-27T08:28:39","slug":"feandrea-hundbadd-o-65-cm","status":"publish","type":"product","link":"https:\/\/nordicmart.andreevmaster.com\/sv\/produkt\/feandrea-hundbadd-o-65-cm\/","title":{"rendered":"Feandrea hundb\u00e4dd \u00d8 65 cm"},"content":{"rendered":"<p>Hoppa in i korgen! Denna runda hundb\u00e4dd ger din fyrbenta v\u00e4n en mysig plats att dra sig tillbaka till, d\u00e4r den kan vila och sova. Korgen med en diameter p\u00e5 65 cm \u00e4r s\u00e4rskilt l\u00e4mplig f\u00f6r sm\u00e5 hundraser som chihuahua, malteser eller dv\u00e4rgpinscher. Men \u00e4ven katter som snowshoes, europeiska korth\u00e5riga katter eller australian mist kommer att trivas p\u00e5 denna b\u00e4dd. F\u00f6ljer din hund med \u00f6verallt? F\u00f6ljer din fyrbenta v\u00e4n dig vart du \u00e4n g\u00e5r? D\u00e5 kan du sk\u00e4mma bort din trogna v\u00e4n \u00e4ven p\u00e5 resor, p\u00e5 kontoret eller hos dina v\u00e4nner med denna fluffiga hundb\u00e4dd. Den \u00e4r s\u00e4rskilt l\u00e4tt, kompakt och kan vid behov vikas ihop och f\u00f6rvaras i en v\u00e4ska. P\u00e5 s\u00e5 s\u00e4tt f\u00e5r din \u00e4lskling h\u00f6gsta komfort \u00f6verallt och beh\u00f6ver inte alltid v\u00e4nja sig vid en fr\u00e4mmande sovplats. Produktdetaljer: &#8211; F\u00e4rg: Brun &#8211; Material: Imitation av linne, plysch, PP-fyllning (polypropen), stoppning av nya, oanv\u00e4nda minnesskumflingor &#8211; Storlek: 65 x 12 cm (\u00d8 x H) &#8211; Vikt: 0,8 kg Leveransomfattning: &#8211; 1 x hundb\u00e4dd i donutform FEANDREA Anm\u00e4rkningar:- Produkter med s\u00f6mmar kan avvika 2-3 cm fr\u00e5n de m\u00e5tt vi anger. Kontrollera ocks\u00e5 f\u00f6re k\u00f6pet att produktens storlek \u00e4r l\u00e4mplig f\u00f6r ditt husdjur. &#8211; Denna produkt levereras i en vakuumf\u00f6rpackning. Skaka den efter uppackningen s\u00e5 att den n\u00e5r sin fulla storlek. &#8211; Ej l\u00e4mplig f\u00f6r maskintv\u00e4tt.<\/p>\n","protected":false},"excerpt":{"rendered":"<p>Feandrea hundb\u00e4dd, hundkorg, kattb\u00e4dd, donut, rund, \u00d8 65 cm, brun PGW65C<\/p>\n","protected":false},"featured_media":45502,"comment_status":"open","ping_status":"closed","template":"","meta":[],"product_brand":[],"product_cat":[33],"product_tag":[],"class_list":{"0":"post-18489","1":"product","2":"type-product","3":"status-publish","4":"has-post-thumbnail","6":"product_cat-okategoriserad","8":"first","9":"instock","10":"shipping-taxable","11":"purchasable","12":"product-type-simple"},"_links":{"self":[{"href":"https:\/\/nordicmart.andreevmaster.com\/sv\/wp-json\/wp\/v2\/product\/18489","targetHints":{"allow":["GET"]}}],"collection":[{"href":"https:\/\/nordicmart.andreevmaster.com\/sv\/wp-json\/wp\/v2\/product"}],"about":[{"href":"https:\/\/nordicmart.andreevmaster.com\/sv\/wp-json\/wp\/v2\/types\/product"}],"replies":[{"embeddable":true,"href":"https:\/\/nordicmart.andreevmaster.com\/sv\/wp-json\/wp\/v2\/comments?post=18489"}],"wp:featuredmedia":[{"embeddable":true,"href":"https:\/\/nordicmart.andreevmaster.com\/sv\/wp-json\/wp\/v2\/media\/45502"}],"wp:attachment":[{"href":"https:\/\/nordicmart.andreevmaster.com\/sv\/wp-json\/wp\/v2\/media?parent=18489"}],"wp:term":[{"taxonomy":"product_brand","embeddable":true,"href":"https:\/\/nordicmart.andreevmaster.com\/sv\/wp-json\/wp\/v2\/product_brand?post=18489"},{"taxonomy":"product_cat","embeddable":true,"href":"https:\/\/nordicmart.andreevmaster.com\/sv\/wp-json\/wp\/v2\/product_cat?post=18489"},{"taxonomy":"product_tag","embeddable":true,"href":"https:\/\/nordicmart.andreevmaster.com\/sv\/wp-json\/wp\/v2\/product_tag?post=18489"}],"curies":[{"name":"wp","href":"https:\/\/api.w.org\/{rel}","templated":true}]}}