{"id":18487,"date":"2026-02-27T00:40:09","date_gmt":"2026-02-27T00:40:09","guid":{"rendered":"https:\/\/nordicmart.andreevmaster.com\/product\/feandrea-b07x9lxwtw-ortopediskt-hundkudde-100-x-70-x-10-cm\/"},"modified":"2026-02-27T08:28:38","modified_gmt":"2026-02-27T08:28:38","slug":"feandrea-b07x9lxwtw-ortopediskt-hundkudde-100-x-70-x-10-cm","status":"publish","type":"product","link":"https:\/\/nordicmart.andreevmaster.com\/sv\/produkt\/feandrea-b07x9lxwtw-ortopediskt-hundkudde-100-x-70-x-10-cm\/","title":{"rendered":"Feandrea B07X9LXWTW    Ortopediskt hundkudde 100 x 70 x 10 cm"},"content":{"rendered":"<p>Hoppa, hoppa, in i korgen! Med denna enkla, rektangul\u00e4ra hundb\u00e4dd f\u00e5r din fyrbenta v\u00e4n en mysig plats att dra sig tillbaka till, d\u00e4r han kan vila och sova. Den 100 x 70 cm stora liggytan \u00e4r s\u00e4rskilt l\u00e4mplig f\u00f6r medelstora hundraser som chow chows, australian shepherds eller beagles. Stannar kvar i minnet Hundb\u00e4dden har n\u00e5gra sm\u00e5 finesser: \u00d6verdraget p\u00e5 hundsoffan \u00e4r avtagbart s\u00e5 att du enkelt kan tv\u00e4tta det i maskinen \u2013 s\u00e5 har smutsiga hundtassar ingen chans! Dessutom best\u00e5r det \u00f6versta lagret av b\u00e4dden av minnesskum som anpassar sig efter din hunds kropp och d\u00e4rmed skonsamt belastar leder och ryggrad. Produktdetaljer: &#8211; F\u00e4rg: Brun &#8211; Material: Imitation av linne, plysch, minnesskum (5 cm), skum (5 cm) &#8211; Storlek: 100 x 70 x 10 cm (L x B x H) &#8211; Vikt: 2,7 kg Leveransomfattning: &#8211; 1 x hundb\u00e4dd FEANDREA Anm\u00e4rkningar:- Uts\u00e4tt inte produkten f\u00f6r direkt solljus och placera den inte i en fuktig milj\u00f6. &#8211; Hundb\u00e4dden \u00e4r inte ett tuggleksak f\u00f6r dina fyrbenta v\u00e4nner; se till att din hund inte tuggar p\u00e5 b\u00e4dden. &#8211; V\u00e5r hundb\u00e4dd \u00e4r hopvikt f\u00f6r f\u00f6rpacknings\u00e4ndam\u00e5l. Det kan d\u00e4rf\u00f6r ta 2-3 dagar innan den \u00e5terf\u00e5r sin normala form. P\u00e5 grund av s\u00f6msm\u00e5n kan produkter av denna typ avvika upp till 3 cm fr\u00e5n de m\u00e5tt vi anger. &#8211; Anv\u00e4nd inte denna produkt i n\u00e4rheten av v\u00e4rmek\u00e4llor \u00f6ver 40 \u00b0C. Om det finns golvv\u00e4rme, anv\u00e4nd en extra underl\u00e4ggsmadrass.<\/p>\n","protected":false},"excerpt":{"rendered":"<p>Feandrea hundb\u00e4dd, ortopediskt hundkudde, tv\u00e4ttbar, 100 x 70 cm PGW62CC<\/p>\n","protected":false},"featured_media":45500,"comment_status":"open","ping_status":"closed","template":"","meta":[],"product_brand":[],"product_cat":[33],"product_tag":[],"class_list":{"0":"post-18487","1":"product","2":"type-product","3":"status-publish","4":"has-post-thumbnail","6":"product_cat-okategoriserad","8":"first","9":"instock","10":"shipping-taxable","11":"purchasable","12":"product-type-simple"},"_links":{"self":[{"href":"https:\/\/nordicmart.andreevmaster.com\/sv\/wp-json\/wp\/v2\/product\/18487","targetHints":{"allow":["GET"]}}],"collection":[{"href":"https:\/\/nordicmart.andreevmaster.com\/sv\/wp-json\/wp\/v2\/product"}],"about":[{"href":"https:\/\/nordicmart.andreevmaster.com\/sv\/wp-json\/wp\/v2\/types\/product"}],"replies":[{"embeddable":true,"href":"https:\/\/nordicmart.andreevmaster.com\/sv\/wp-json\/wp\/v2\/comments?post=18487"}],"wp:featuredmedia":[{"embeddable":true,"href":"https:\/\/nordicmart.andreevmaster.com\/sv\/wp-json\/wp\/v2\/media\/45500"}],"wp:attachment":[{"href":"https:\/\/nordicmart.andreevmaster.com\/sv\/wp-json\/wp\/v2\/media?parent=18487"}],"wp:term":[{"taxonomy":"product_brand","embeddable":true,"href":"https:\/\/nordicmart.andreevmaster.com\/sv\/wp-json\/wp\/v2\/product_brand?post=18487"},{"taxonomy":"product_cat","embeddable":true,"href":"https:\/\/nordicmart.andreevmaster.com\/sv\/wp-json\/wp\/v2\/product_cat?post=18487"},{"taxonomy":"product_tag","embeddable":true,"href":"https:\/\/nordicmart.andreevmaster.com\/sv\/wp-json\/wp\/v2\/product_tag?post=18487"}],"curies":[{"name":"wp","href":"https:\/\/api.w.org\/{rel}","templated":true}]}}