{"id":18481,"date":"2026-02-27T00:40:07","date_gmt":"2026-02-27T00:40:07","guid":{"rendered":"https:\/\/nordicmart.andreevmaster.com\/product\/feandrea-tvattbar-hundbadd\/"},"modified":"2026-02-27T08:28:37","modified_gmt":"2026-02-27T08:28:37","slug":"feandrea-tvattbar-hundbadd","status":"publish","type":"product","link":"https:\/\/nordicmart.andreevmaster.com\/sv\/produkt\/feandrea-tvattbar-hundbadd\/","title":{"rendered":"Feandrea tv\u00e4ttbar hundb\u00e4dd"},"content":{"rendered":"<p>Hoppa in i korgen! Denna runda hundkorg ger din fyrbenta v\u00e4n en mysig plats att dra sig tillbaka till, d\u00e4r han kan vila och sova. Korgen \u00e4r 73 x 60 x 27 cm stor och passar s\u00e4rskilt bra f\u00f6r sm\u00e5 hundraser som tax, malteser eller dv\u00e4rgpinscher. V\u00e4nd den, tack! Hundb\u00e4dden har n\u00e5gra sm\u00e5 finesser: Kudden kan tas av och v\u00e4ndas, s\u00e5 att din hund kan mysa mot antingen imiterat linne eller plysch. \u00d6verdraget p\u00e5 kudden \u00e4r dessutom avtagbart, s\u00e5 att du enkelt kan tv\u00e4tta det i maskinen. Dessutom har hundkorgen en h\u00f6g kant som omger din fyrbenta v\u00e4n p\u00e5 ett tryggt s\u00e4tt. Produktdetaljer: &#8211; F\u00e4rg: Gr\u00e5 &#8211; Material: Imitation av linne, plysch, PP-fyllning (polypropen) &#8211; Storlek: 73 x 60 x 27 cm (L x B x H) &#8211; Vikt: 1,3 kg Leveransomfattning: &#8211; 1 x hundb\u00e4dd FEANDREA Anm\u00e4rkningar:- Uts\u00e4tt inte produkten f\u00f6r direkt solljus och placera den inte i en fuktig milj\u00f6. &#8211; Produkten f\u00e5r inte komma i kontakt med vassa f\u00f6rem\u00e5l.- Vi rekommenderar att du tv\u00e4ttar produkten f\u00f6r hand. &#8211; Hundb\u00e4dden \u00e4r inte ett tuggleksak f\u00f6r din fyrbenta v\u00e4n; se till att din hund inte tuggar p\u00e5 b\u00e4dden. &#8211; V\u00e5r hundb\u00e4dd \u00e4r hopvikt f\u00f6r f\u00f6rpacknings\u00e4ndam\u00e5l. Det kan d\u00e4rf\u00f6r ta 2\u20133 dagar innan den \u00e5terf\u00e5r sin normala form. P\u00e5 grund av s\u00f6msm\u00e5nen kan produkter av denna typ avvika upp till 3 cm fr\u00e5n de m\u00e5tt som vi anger. &#8211; Anv\u00e4nd inte denna produkt i n\u00e4rheten av v\u00e4rmek\u00e4llor \u00f6ver 40 \u00b0C. Om det finns golvv\u00e4rme, anv\u00e4nd en extra underl\u00e4gg. Produktbeskrivning<\/p>\n","protected":false},"excerpt":{"rendered":"<p>Feandrea hundb\u00e4dd, hundkorg, v\u00e4ndbart kudde, tv\u00e4ttbar, 70 x 58 x 27 cm PGW31GG<\/p>\n","protected":false},"featured_media":45495,"comment_status":"open","ping_status":"closed","template":"","meta":[],"product_brand":[],"product_cat":[33],"product_tag":[],"class_list":{"0":"post-18481","1":"product","2":"type-product","3":"status-publish","4":"has-post-thumbnail","6":"product_cat-okategoriserad","8":"first","9":"instock","10":"shipping-taxable","11":"purchasable","12":"product-type-simple"},"_links":{"self":[{"href":"https:\/\/nordicmart.andreevmaster.com\/sv\/wp-json\/wp\/v2\/product\/18481","targetHints":{"allow":["GET"]}}],"collection":[{"href":"https:\/\/nordicmart.andreevmaster.com\/sv\/wp-json\/wp\/v2\/product"}],"about":[{"href":"https:\/\/nordicmart.andreevmaster.com\/sv\/wp-json\/wp\/v2\/types\/product"}],"replies":[{"embeddable":true,"href":"https:\/\/nordicmart.andreevmaster.com\/sv\/wp-json\/wp\/v2\/comments?post=18481"}],"wp:featuredmedia":[{"embeddable":true,"href":"https:\/\/nordicmart.andreevmaster.com\/sv\/wp-json\/wp\/v2\/media\/45495"}],"wp:attachment":[{"href":"https:\/\/nordicmart.andreevmaster.com\/sv\/wp-json\/wp\/v2\/media?parent=18481"}],"wp:term":[{"taxonomy":"product_brand","embeddable":true,"href":"https:\/\/nordicmart.andreevmaster.com\/sv\/wp-json\/wp\/v2\/product_brand?post=18481"},{"taxonomy":"product_cat","embeddable":true,"href":"https:\/\/nordicmart.andreevmaster.com\/sv\/wp-json\/wp\/v2\/product_cat?post=18481"},{"taxonomy":"product_tag","embeddable":true,"href":"https:\/\/nordicmart.andreevmaster.com\/sv\/wp-json\/wp\/v2\/product_tag?post=18481"}],"curies":[{"name":"wp","href":"https:\/\/api.w.org\/{rel}","templated":true}]}}