{"id":18480,"date":"2026-02-27T00:40:07","date_gmt":"2026-02-27T00:40:07","guid":{"rendered":"https:\/\/nordicmart.andreevmaster.com\/product\/feandrea-lattskott-hundbadd-svart-xxl\/"},"modified":"2026-02-27T08:28:37","modified_gmt":"2026-02-27T08:28:37","slug":"feandrea-lattskott-hundbadd-svart-xxl","status":"publish","type":"product","link":"https:\/\/nordicmart.andreevmaster.com\/sv\/produkt\/feandrea-lattskott-hundbadd-svart-xxl\/","title":{"rendered":"Feandrea L\u00e4ttsk\u00f6tt hundb\u00e4dd Svart XXL"},"content":{"rendered":"<p>Uppfinnarna av v\u00e5rt nya varum\u00e4rke FEANDREA vet att ditt husdjur spelar en mycket speciell roll i ditt liv och att du vill ge det ett s\u00e5 bekv\u00e4mt och roligt liv som m\u00f6jligt. En hundb\u00e4dd med m\u00e5nga f\u00f6rdelar Denna hundb\u00e4dd har utformats med hundars komfort i \u00e5tanke. Kudden \u00e4r d\u00e4rf\u00f6r stoppad med en h\u00f6gkvalitativ och mycket elastisk PP-fyllning, som dessutom \u00e4r allergiv\u00e4nlig. Hundb\u00e4dden \u00e4r varken f\u00f6r h\u00e5rd eller f\u00f6r mjuk, vilket \u00e4r bra f\u00f6r din hunds ryggrad. De upph\u00f6jda kanterna kan fungera som nackst\u00f6d f\u00f6r din hund. Hundsoffan \u00e4r dessutom l\u00e4mplig f\u00f6r hundar av olika storlek. Dessutom \u00e4r undersidan av hundb\u00e4dden halkfri, fukt- och k\u00f6ldbest\u00e4ndig. Produktdetaljer: &#8211; Material: Oxford-tyg + polypropenfyllning + halkfritt tyg &#8211; Ytterm\u00e5tt: 120 x 30 x 85 cm (B x H x D) &#8211; Innerm\u00e5tt: 87 x 56 cm &#8211; F\u00e4rg: Svart Leveransomfattning: &#8211; 1 x hundb\u00e4dd FEANDREA Anm\u00e4rkningar: &#8211; Uts\u00e4tt inte produkten f\u00f6r direkt solljus och placera den inte i en fuktig milj\u00f6. &#8211; Produkten f\u00e5r inte komma i kontakt med vassa f\u00f6rem\u00e5l.- Hundb\u00e4dden \u00e4r inte ett tuggleksak f\u00f6r dina fyrbenta v\u00e4nner; se till att din hund inte tuggar p\u00e5 b\u00e4dden. &#8211; Observera att textiletiketten p\u00e5 denna produkt har ersatts med en etikett av h\u00f6gkvalitativt konstl\u00e4der. Det \u00e4r d\u00e4rf\u00f6r m\u00f6jligt att du f\u00e5r den gamla modellen eller den nya varianten. Leveransen av den ena eller andra modellen sker slumpm\u00e4ssigt.<\/p>\n","protected":false},"excerpt":{"rendered":"<p>Feandrea hundb\u00e4dd, XXL hundkorg, bekv\u00e4m hundsoffa, husdjursb\u00e4dd, hundmatta, i sovrummet, vardagsrummet och hallen, enkel reng\u00f6ring, halkfri (120 x 85 x 30 cm, svart)<\/p>\n","protected":false},"featured_media":45494,"comment_status":"open","ping_status":"closed","template":"","meta":[],"product_brand":[],"product_cat":[33],"product_tag":[],"class_list":{"0":"post-18480","1":"product","2":"type-product","3":"status-publish","4":"has-post-thumbnail","6":"product_cat-okategoriserad","8":"first","9":"instock","10":"shipping-taxable","11":"purchasable","12":"product-type-simple"},"_links":{"self":[{"href":"https:\/\/nordicmart.andreevmaster.com\/sv\/wp-json\/wp\/v2\/product\/18480","targetHints":{"allow":["GET"]}}],"collection":[{"href":"https:\/\/nordicmart.andreevmaster.com\/sv\/wp-json\/wp\/v2\/product"}],"about":[{"href":"https:\/\/nordicmart.andreevmaster.com\/sv\/wp-json\/wp\/v2\/types\/product"}],"replies":[{"embeddable":true,"href":"https:\/\/nordicmart.andreevmaster.com\/sv\/wp-json\/wp\/v2\/comments?post=18480"}],"wp:featuredmedia":[{"embeddable":true,"href":"https:\/\/nordicmart.andreevmaster.com\/sv\/wp-json\/wp\/v2\/media\/45494"}],"wp:attachment":[{"href":"https:\/\/nordicmart.andreevmaster.com\/sv\/wp-json\/wp\/v2\/media?parent=18480"}],"wp:term":[{"taxonomy":"product_brand","embeddable":true,"href":"https:\/\/nordicmart.andreevmaster.com\/sv\/wp-json\/wp\/v2\/product_brand?post=18480"},{"taxonomy":"product_cat","embeddable":true,"href":"https:\/\/nordicmart.andreevmaster.com\/sv\/wp-json\/wp\/v2\/product_cat?post=18480"},{"taxonomy":"product_tag","embeddable":true,"href":"https:\/\/nordicmart.andreevmaster.com\/sv\/wp-json\/wp\/v2\/product_tag?post=18480"}],"curies":[{"name":"wp","href":"https:\/\/api.w.org\/{rel}","templated":true}]}}