{"id":18479,"date":"2026-02-27T00:40:07","date_gmt":"2026-02-27T00:40:07","guid":{"rendered":"https:\/\/nordicmart.andreevmaster.com\/product\/feandrea-lattskott-hundbadd-svart-xl\/"},"modified":"2026-02-27T08:28:36","modified_gmt":"2026-02-27T08:28:36","slug":"feandrea-lattskott-hundbadd-svart-xl","status":"publish","type":"product","link":"https:\/\/nordicmart.andreevmaster.com\/sv\/produkt\/feandrea-lattskott-hundbadd-svart-xl\/","title":{"rendered":"Feandrea L\u00e4ttsk\u00f6tt hundb\u00e4dd Svart XL"},"content":{"rendered":"<p>Voff! &#8211; Vilken rymlig hundb\u00e4dd! Din hund borde f\u00e5 en egen mysig b\u00e4dd s\u00e5 att den kan vila sig efter en l\u00e5ng promenad ist\u00e4llet f\u00f6r att hoppa direkt upp i din s\u00e4ng. Denna hundsoffa \u00e4r precis vad du och din hund alltid har letat efter! Hundb\u00e4dden i Oxford-tyg har en stabil stoppning och kan best\u00e4llas i tv\u00e5 storlekar och f\u00e4rger. Ber\u00e4tta f\u00f6r oss i recensionerna vilken f\u00e4rg du har valt till din hund! Produktdetaljer:- Material: Oxford-tyg (300 x 300 D) + polypropylenfyllning + halkfri tyg &#8211; Ytterm\u00e5tt: 100 x 28 x 70 cm\uff08B x H x D\uff09- Innerm\u00e5tt: 72 x 46 cm- F\u00e4rg: svartLeveransomfattning: &#8211; 1 x hundb\u00e4dd Hundb\u00e4ddens l\u00e4ngd \/ l\u00e4mplig kroppsvikt 40-50 cm          upp till 2,5 kg    L\u00e4mpliga hundraser (endast f\u00f6r information): Chihuahua, Yorkshire Terrier, Kleinspitz, Zwergpinscher, etc. 50-60 cm          upp till 6 kg  L\u00e4mpliga hundraser (endast f\u00f6r information): Toy-pudel, dv\u00e4rgschnauzer, pekingese, mops, bichon fris\u00e9, papillon, etc.  60-75 cm          upp till 15 kg L\u00e4mplig hundras (endast f\u00f6r information): Welsh Corgi, amerikansk cocker spaniel, border collie, shetland sheepdog, japansk spets, osv. 75\u201390 cm          upp till 30 kg  L\u00e4mpliga hundraser (endast f\u00f6r information): Husky, samojed, golden retriever, chow-chow, bobtail, skotsk collie, japansk akita osv. 90\u2013100 cm        upp till 40 kg  L\u00e4mpliga hundraser (endast f\u00f6r information): Golden Retriever, Bobtail, Rottweiler, Labrador Retriever, Husky, etc. 100-120 cm      upp till 60 kg  L\u00e4mpliga hundraser (endast f\u00f6r information): Alaska Malamute, Tysk sch\u00e4ferhund, Pyren\u00e9erhund, Bernhardiner, Tysk dogge, etc. <\/p>\n","protected":false},"excerpt":{"rendered":"<p>Feandrea hundb\u00e4dd, XL, hundkudde, av Oxford-tyg, med halkskydd p\u00e5 undersidan, 100 x 70 cm PGW28H<\/p>\n","protected":false},"featured_media":45493,"comment_status":"open","ping_status":"closed","template":"","meta":[],"product_brand":[],"product_cat":[33],"product_tag":[],"class_list":{"0":"post-18479","1":"product","2":"type-product","3":"status-publish","4":"has-post-thumbnail","6":"product_cat-okategoriserad","8":"first","9":"instock","10":"shipping-taxable","11":"purchasable","12":"product-type-simple"},"_links":{"self":[{"href":"https:\/\/nordicmart.andreevmaster.com\/sv\/wp-json\/wp\/v2\/product\/18479","targetHints":{"allow":["GET"]}}],"collection":[{"href":"https:\/\/nordicmart.andreevmaster.com\/sv\/wp-json\/wp\/v2\/product"}],"about":[{"href":"https:\/\/nordicmart.andreevmaster.com\/sv\/wp-json\/wp\/v2\/types\/product"}],"replies":[{"embeddable":true,"href":"https:\/\/nordicmart.andreevmaster.com\/sv\/wp-json\/wp\/v2\/comments?post=18479"}],"wp:featuredmedia":[{"embeddable":true,"href":"https:\/\/nordicmart.andreevmaster.com\/sv\/wp-json\/wp\/v2\/media\/45493"}],"wp:attachment":[{"href":"https:\/\/nordicmart.andreevmaster.com\/sv\/wp-json\/wp\/v2\/media?parent=18479"}],"wp:term":[{"taxonomy":"product_brand","embeddable":true,"href":"https:\/\/nordicmart.andreevmaster.com\/sv\/wp-json\/wp\/v2\/product_brand?post=18479"},{"taxonomy":"product_cat","embeddable":true,"href":"https:\/\/nordicmart.andreevmaster.com\/sv\/wp-json\/wp\/v2\/product_cat?post=18479"},{"taxonomy":"product_tag","embeddable":true,"href":"https:\/\/nordicmart.andreevmaster.com\/sv\/wp-json\/wp\/v2\/product_tag?post=18479"}],"curies":[{"name":"wp","href":"https:\/\/api.w.org\/{rel}","templated":true}]}}