{"id":18475,"date":"2026-02-27T00:40:06","date_gmt":"2026-02-27T00:40:06","guid":{"rendered":"https:\/\/nordicmart.andreevmaster.com\/product\/feandrea-hundbadd-med-upphojda-kanter-91-x-68-x-18-cm-ljusgra\/"},"modified":"2026-02-27T08:28:36","modified_gmt":"2026-02-27T08:28:36","slug":"feandrea-hundbadd-med-upphojda-kanter-91-x-68-x-18-cm-ljusgra","status":"publish","type":"product","link":"https:\/\/nordicmart.andreevmaster.com\/sv\/produkt\/feandrea-hundbadd-med-upphojda-kanter-91-x-68-x-18-cm-ljusgra\/","title":{"rendered":"Feandrea hundb\u00e4dd med upph\u00f6jda kanter 91 x 68 x 18 cm ljusgr\u00e5"},"content":{"rendered":"<p>Feandrea hundb\u00e4dd, hundkudde, f\u00f6r stora hundar, 91 x 68 x 18 cm, ortopedisk, vattent\u00e4t innerlager, upph\u00f6jda kanter, avtagbart, tv\u00e4ttbart \u00f6verdrag, halkfritt, ljusgr\u00e5tt PGW282G01<br \/>\nF\u00e4rg: Ljusgr\u00e5<br \/>\nMaterial: Flanell, sammet, TPU-folie, halkfritt tyg, noppskum, PP-fyllning<br \/>\nStorlek: 91 x 68 x 18 cm (L x B x H)<br \/>\nVikt: 2,1 kg<\/p>\n","protected":false},"excerpt":{"rendered":"<p>Feandrea hundb\u00e4dd, hundkudde, f\u00f6r stora hundar, 91 x 68 x 18 cm, ortopedisk, vattent\u00e4t innerlager, upph\u00f6jda kanter, avtagbart, tv\u00e4ttbart \u00f6verdrag, halkfritt, ljusgr\u00e5tt PGW282G01<\/p>\n","protected":false},"featured_media":45489,"comment_status":"open","ping_status":"closed","template":"","meta":[],"product_brand":[],"product_cat":[33],"product_tag":[],"class_list":{"0":"post-18475","1":"product","2":"type-product","3":"status-publish","4":"has-post-thumbnail","6":"product_cat-okategoriserad","8":"first","9":"instock","10":"shipping-taxable","11":"purchasable","12":"product-type-simple"},"_links":{"self":[{"href":"https:\/\/nordicmart.andreevmaster.com\/sv\/wp-json\/wp\/v2\/product\/18475","targetHints":{"allow":["GET"]}}],"collection":[{"href":"https:\/\/nordicmart.andreevmaster.com\/sv\/wp-json\/wp\/v2\/product"}],"about":[{"href":"https:\/\/nordicmart.andreevmaster.com\/sv\/wp-json\/wp\/v2\/types\/product"}],"replies":[{"embeddable":true,"href":"https:\/\/nordicmart.andreevmaster.com\/sv\/wp-json\/wp\/v2\/comments?post=18475"}],"wp:featuredmedia":[{"embeddable":true,"href":"https:\/\/nordicmart.andreevmaster.com\/sv\/wp-json\/wp\/v2\/media\/45489"}],"wp:attachment":[{"href":"https:\/\/nordicmart.andreevmaster.com\/sv\/wp-json\/wp\/v2\/media?parent=18475"}],"wp:term":[{"taxonomy":"product_brand","embeddable":true,"href":"https:\/\/nordicmart.andreevmaster.com\/sv\/wp-json\/wp\/v2\/product_brand?post=18475"},{"taxonomy":"product_cat","embeddable":true,"href":"https:\/\/nordicmart.andreevmaster.com\/sv\/wp-json\/wp\/v2\/product_cat?post=18475"},{"taxonomy":"product_tag","embeddable":true,"href":"https:\/\/nordicmart.andreevmaster.com\/sv\/wp-json\/wp\/v2\/product_tag?post=18475"}],"curies":[{"name":"wp","href":"https:\/\/api.w.org\/{rel}","templated":true}]}}