{"id":18469,"date":"2026-02-27T00:40:04","date_gmt":"2026-02-27T00:40:04","guid":{"rendered":"https:\/\/nordicmart.andreevmaster.com\/product\/feandrea-hundkorg-med-vandbart-kudde-80-x-60-x-26-cm\/"},"modified":"2026-02-27T08:28:34","modified_gmt":"2026-02-27T08:28:34","slug":"feandrea-hundkorg-med-vandbart-kudde-80-x-60-x-26-cm","status":"publish","type":"product","link":"https:\/\/nordicmart.andreevmaster.com\/sv\/produkt\/feandrea-hundkorg-med-vandbart-kudde-80-x-60-x-26-cm\/","title":{"rendered":"Feandrea hundkorg med v\u00e4ndbart kudde 80 x 60 x 26 cm"},"content":{"rendered":"<p>Kvalitet eller stil? Med denna s\u00e4ng f\u00f6r husdjur beh\u00f6ver du inte v\u00e4lja, eftersom den kombinerar b\u00e5da komponenterna. Det robusta bomulls-polyester-blandtyget p\u00e5 utsidan t\u00e5l \u00e4ven h\u00e5rdare kl\u00f6sningar, men tack vare det eleganta svarta tyget \u00e4r hundsoffan samtidigt en stilfull inredningsdetalj. Det bidrar \u00e4ven det ljusa v\u00e4ndbara kudden av PV-fleece till, som skapar en effektfull kontrast till det svarta yttertyget. En trygg plats Tack vare de upph\u00f6jda kanterna p\u00e5 denna hundkorg k\u00e4nner sig din fyrbenta v\u00e4n helt skyddad. Framf\u00f6r allt h\u00e5lls drag och kyla fr\u00e5n golvet borta tack vare de h\u00f6ga v\u00e4ggarna och den utm\u00e4rkta stoppningen. Saknar din hund fortfarande en mysig s\u00e4ng? &#8211; Ge honom d\u00e5 denna hundkorg f\u00f6r djur upp till 15 kg. Produktdetaljer: &#8211; F\u00e4rg: Svart &#8211; Material: Blandv\u00e4v (bomull, polyester), PV-fleece, polypropenfyllning &#8211; Ytterm\u00e5tt: 80 x 60 x 26 cm (L x B x H) &#8211; Innerm\u00e5tt: 53 x 40 cm &#8211; Nettovikt: 2 kg Leveransomfattning: &#8211; 1 x hundb\u00e4dd FEANDREA Anvisningar: &#8211; Uts\u00e4tt inte produkten f\u00f6r direkt solljus och placera den inte i en fuktig milj\u00f6. &#8211; Produkten f\u00e5r inte komma i kontakt med vassa f\u00f6rem\u00e5l.- Vi rekommenderar att du tv\u00e4ttar produkten f\u00f6r hand. &#8211; Hundb\u00e4dden \u00e4r inte ett tuggleksak f\u00f6r din fyrbenta v\u00e4n; se till att din hund inte tuggar p\u00e5 b\u00e4dden. &#8211; P\u00e5 grund av s\u00f6msm\u00e5nen kan produkter av denna typ avvika upp till 3 cm fr\u00e5n de m\u00e5tt vi anger. &#8211; Anv\u00e4nd inte produkten i n\u00e4rheten av v\u00e4rmek\u00e4llor \u00f6ver 40 \u00b0C. Om du har golvv\u00e4rme, anv\u00e4nd g\u00e4rna en extra underl\u00e4ggsmadrass.<\/p>\n","protected":false},"excerpt":{"rendered":"<p>Feandrea hundb\u00e4dd, hundkorg med v\u00e4ndbart kudde, hundsoffa, hundmatta, bekv\u00e4m, andningsbar, halkfri, f\u00f6rh\u00f6jd kant, 80 x 60 x 26 cm, f\u00f6r hundar upp till 15 kg, gr\u00e5 melerad PGW26G<\/p>\n","protected":false},"featured_media":45483,"comment_status":"open","ping_status":"closed","template":"","meta":[],"product_brand":[],"product_cat":[33],"product_tag":[],"class_list":{"0":"post-18469","1":"product","2":"type-product","3":"status-publish","4":"has-post-thumbnail","6":"product_cat-okategoriserad","8":"first","9":"instock","10":"shipping-taxable","11":"purchasable","12":"product-type-simple"},"_links":{"self":[{"href":"https:\/\/nordicmart.andreevmaster.com\/sv\/wp-json\/wp\/v2\/product\/18469","targetHints":{"allow":["GET"]}}],"collection":[{"href":"https:\/\/nordicmart.andreevmaster.com\/sv\/wp-json\/wp\/v2\/product"}],"about":[{"href":"https:\/\/nordicmart.andreevmaster.com\/sv\/wp-json\/wp\/v2\/types\/product"}],"replies":[{"embeddable":true,"href":"https:\/\/nordicmart.andreevmaster.com\/sv\/wp-json\/wp\/v2\/comments?post=18469"}],"wp:featuredmedia":[{"embeddable":true,"href":"https:\/\/nordicmart.andreevmaster.com\/sv\/wp-json\/wp\/v2\/media\/45483"}],"wp:attachment":[{"href":"https:\/\/nordicmart.andreevmaster.com\/sv\/wp-json\/wp\/v2\/media?parent=18469"}],"wp:term":[{"taxonomy":"product_brand","embeddable":true,"href":"https:\/\/nordicmart.andreevmaster.com\/sv\/wp-json\/wp\/v2\/product_brand?post=18469"},{"taxonomy":"product_cat","embeddable":true,"href":"https:\/\/nordicmart.andreevmaster.com\/sv\/wp-json\/wp\/v2\/product_cat?post=18469"},{"taxonomy":"product_tag","embeddable":true,"href":"https:\/\/nordicmart.andreevmaster.com\/sv\/wp-json\/wp\/v2\/product_tag?post=18469"}],"curies":[{"name":"wp","href":"https:\/\/api.w.org\/{rel}","templated":true}]}}