{"id":18464,"date":"2026-02-27T00:40:03","date_gmt":"2026-02-27T00:40:03","guid":{"rendered":"https:\/\/nordicmart.andreevmaster.com\/product\/feandrea-ortopedisk-hundbadd-med-plyschoverdrag-skiffergra\/"},"modified":"2026-02-27T08:28:33","modified_gmt":"2026-02-27T08:28:33","slug":"feandrea-ortopedisk-hundbadd-med-plyschoverdrag-skiffergra","status":"publish","type":"product","link":"https:\/\/nordicmart.andreevmaster.com\/sv\/produkt\/feandrea-ortopedisk-hundbadd-med-plyschoverdrag-skiffergra\/","title":{"rendered":"Feandrea ortopedisk hundb\u00e4dd med plysch\u00f6verdrag, skiffergr\u00e5"},"content":{"rendered":"<p>Feandrea ortopedisk hundb\u00e4dd f\u00f6r sm\u00e5 hundar, vattent\u00e4t hundsoffa med avtagbart plysch\u00f6verdrag, 71 x 58 x 16 cm, duvgr\u00e5 PGW251G01<br \/>\nF\u00e4rg: Skiffergr\u00e5<br \/>\nMaterial: 280 g\/m\u00b2 PV-plush med rosendesign, 230 g\/m\u00b2 sammetstyg, noppskum, PP-fyllning<br \/>\nStorlek: 91 x 68 x 16 cm (L x B x H)<br \/>\nVikt: 2,6 kg<\/p>\n","protected":false},"excerpt":{"rendered":"<p>Feandrea ortopedisk hundb\u00e4dd f\u00f6r sm\u00e5 hundar, vattent\u00e4t hundsoffa med avtagbart plysch\u00f6verdrag, 71 x 58 x 16 cm, duvgr\u00e5 PGW251G01<\/p>\n","protected":false},"featured_media":45478,"comment_status":"open","ping_status":"closed","template":"","meta":[],"product_brand":[],"product_cat":[33],"product_tag":[],"class_list":{"0":"post-18464","1":"product","2":"type-product","3":"status-publish","4":"has-post-thumbnail","6":"product_cat-okategoriserad","8":"first","9":"instock","10":"shipping-taxable","11":"purchasable","12":"product-type-simple"},"_links":{"self":[{"href":"https:\/\/nordicmart.andreevmaster.com\/sv\/wp-json\/wp\/v2\/product\/18464","targetHints":{"allow":["GET"]}}],"collection":[{"href":"https:\/\/nordicmart.andreevmaster.com\/sv\/wp-json\/wp\/v2\/product"}],"about":[{"href":"https:\/\/nordicmart.andreevmaster.com\/sv\/wp-json\/wp\/v2\/types\/product"}],"replies":[{"embeddable":true,"href":"https:\/\/nordicmart.andreevmaster.com\/sv\/wp-json\/wp\/v2\/comments?post=18464"}],"wp:featuredmedia":[{"embeddable":true,"href":"https:\/\/nordicmart.andreevmaster.com\/sv\/wp-json\/wp\/v2\/media\/45478"}],"wp:attachment":[{"href":"https:\/\/nordicmart.andreevmaster.com\/sv\/wp-json\/wp\/v2\/media?parent=18464"}],"wp:term":[{"taxonomy":"product_brand","embeddable":true,"href":"https:\/\/nordicmart.andreevmaster.com\/sv\/wp-json\/wp\/v2\/product_brand?post=18464"},{"taxonomy":"product_cat","embeddable":true,"href":"https:\/\/nordicmart.andreevmaster.com\/sv\/wp-json\/wp\/v2\/product_cat?post=18464"},{"taxonomy":"product_tag","embeddable":true,"href":"https:\/\/nordicmart.andreevmaster.com\/sv\/wp-json\/wp\/v2\/product_tag?post=18464"}],"curies":[{"name":"wp","href":"https:\/\/api.w.org\/{rel}","templated":true}]}}