{"id":18459,"date":"2026-02-27T00:40:01","date_gmt":"2026-02-27T00:40:01","guid":{"rendered":"https:\/\/nordicmart.andreevmaster.com\/product\/feandrea-ortopedisk-hundbadd-91-x-68-x-8-cm-storlek-l\/"},"modified":"2026-02-27T08:28:32","modified_gmt":"2026-02-27T08:28:32","slug":"feandrea-ortopedisk-hundbadd-91-x-68-x-8-cm-storlek-l","status":"publish","type":"product","link":"https:\/\/nordicmart.andreevmaster.com\/sv\/produkt\/feandrea-ortopedisk-hundbadd-91-x-68-x-8-cm-storlek-l\/","title":{"rendered":"Feandrea ortopedisk hundb\u00e4dd 91 x 68 x 8 cm storlek L"},"content":{"rendered":"<p>Feandrea hundb\u00e4dd, tv\u00e4ttbar hundkudde, avtagbar hundmatta, vattent\u00e4t, 76 x 51 x 8 cm, storlek M, f\u00f6r sm\u00e5 och minihundar, duvgr\u00e5 PGW241G01<br \/>\nF\u00e4rg: Duvgr\u00e5<br \/>\nMaterial: Flanell 240 g\/m\u00b2, Oxford-tyg, noppskum<br \/>\nStorlek: 91 x 68 x 8 cm (L x B x H)<br \/>\nVikt: 1,7 kg<\/p>\n","protected":false},"excerpt":{"rendered":"<p>Feandrea hundb\u00e4dd, tv\u00e4ttbar hundkudde, avtagbar hundmatta, vattent\u00e4t, 76 x 51 x 8 cm, storlek M, f\u00f6r sm\u00e5 och minihundar, duvgr\u00e5 PGW241G01<\/p>\n","protected":false},"featured_media":45473,"comment_status":"open","ping_status":"closed","template":"","meta":[],"product_brand":[],"product_cat":[33],"product_tag":[],"class_list":{"0":"post-18459","1":"product","2":"type-product","3":"status-publish","4":"has-post-thumbnail","6":"product_cat-okategoriserad","8":"first","9":"instock","10":"shipping-taxable","11":"purchasable","12":"product-type-simple"},"_links":{"self":[{"href":"https:\/\/nordicmart.andreevmaster.com\/sv\/wp-json\/wp\/v2\/product\/18459","targetHints":{"allow":["GET"]}}],"collection":[{"href":"https:\/\/nordicmart.andreevmaster.com\/sv\/wp-json\/wp\/v2\/product"}],"about":[{"href":"https:\/\/nordicmart.andreevmaster.com\/sv\/wp-json\/wp\/v2\/types\/product"}],"replies":[{"embeddable":true,"href":"https:\/\/nordicmart.andreevmaster.com\/sv\/wp-json\/wp\/v2\/comments?post=18459"}],"wp:featuredmedia":[{"embeddable":true,"href":"https:\/\/nordicmart.andreevmaster.com\/sv\/wp-json\/wp\/v2\/media\/45473"}],"wp:attachment":[{"href":"https:\/\/nordicmart.andreevmaster.com\/sv\/wp-json\/wp\/v2\/media?parent=18459"}],"wp:term":[{"taxonomy":"product_brand","embeddable":true,"href":"https:\/\/nordicmart.andreevmaster.com\/sv\/wp-json\/wp\/v2\/product_brand?post=18459"},{"taxonomy":"product_cat","embeddable":true,"href":"https:\/\/nordicmart.andreevmaster.com\/sv\/wp-json\/wp\/v2\/product_cat?post=18459"},{"taxonomy":"product_tag","embeddable":true,"href":"https:\/\/nordicmart.andreevmaster.com\/sv\/wp-json\/wp\/v2\/product_tag?post=18459"}],"curies":[{"name":"wp","href":"https:\/\/api.w.org\/{rel}","templated":true}]}}