{"id":18449,"date":"2026-02-27T00:39:58","date_gmt":"2026-02-27T00:39:58","guid":{"rendered":"https:\/\/nordicmart.andreevmaster.com\/product\/feandrea-hundbadd-med-vandbart-kudde-60-cm-gra\/"},"modified":"2026-02-27T08:28:30","modified_gmt":"2026-02-27T08:28:30","slug":"feandrea-hundbadd-med-vandbart-kudde-60-cm-gra","status":"publish","type":"product","link":"https:\/\/nordicmart.andreevmaster.com\/sv\/produkt\/feandrea-hundbadd-med-vandbart-kudde-60-cm-gra\/","title":{"rendered":"Feandrea hundb\u00e4dd med v\u00e4ndbart kudde 60 cm gr\u00e5"},"content":{"rendered":"<p>Husdjursb\u00e4dden fr\u00e5n FEANDREA \u00e4r en perfekt sov- och viloplats f\u00f6r din \u00e4lskling! Husdjursb\u00e4dden i fyrkantig form k\u00e4nnetecknas av sin robusthet och h\u00f6ga kvalitet. Utsidan \u00e4r tillverkad av robust olyester-tyg. De glittrande silvertr\u00e5darna ger produkten ett vackert utseende. Insidan \u00e4r tillverkad av mjukt flortyg. Man kan v\u00e4nda p\u00e5 insidan beroende p\u00e5 hur man vill ha det. Din hund kommer att trivas riktigt bra i denna s\u00e4ng. Tack vare den mjuka stoppningen k\u00e4nner sig din fyrbenta v\u00e4n v\u00e4l skyddad och trygg fr\u00e5n alla h\u00e5ll. \u00c4ven drag och kyla undviks tack vare de h\u00f6ga v\u00e4ggarna och stoppningen i liggkudden. Denna modell har garanterat l\u00e5ng livsl\u00e4ngd. Den passar till n\u00e4stan alla inredningsstilar. Produktdetaljer: &#8211; Material: polyesterv\u00e4v + plysch (polyester) + polypropenfyllning + halkfri tyg &#8211; Ytterm\u00e5tt: 60 x 22 x 50 cm (B x H x D) &#8211; Innerm\u00e5tt: 40 x 33 cm &#8211; F\u00e4rg: Gr\u00e5 Leveransomfattning: &#8211; 1 x hundb\u00e4dd &#8211; 1 x avtagbart innerkudde FEANDREA Obs: &#8211; Ej l\u00e4mplig f\u00f6r maskintv\u00e4tt. Borsta endast av vid smuts. Om hundh\u00e5r lossnar kraftigt kan du reng\u00f6ra ytan med en dammsugare.- P\u00e5 grund av s\u00f6msm\u00e5n kan produkter av denna typ avvika upp till 3 cm fr\u00e5n de m\u00e5tt vi anger. &#8211; Observera att textiletiketten p\u00e5 denna produkt har ersatts med en h\u00f6gkvalitativ etikett i konstl\u00e4der. Det \u00e4r d\u00e4rf\u00f6r m\u00f6jligt att du f\u00e5r den gamla modellen eller den nya varianten. Leveransen av den ena eller andra modellen sker slumpm\u00e4ssigt.<\/p>\n","protected":false},"excerpt":{"rendered":"<p>Feandrea Liten hundb\u00e4dd med v\u00e4ndbart kudde och halkskydd, ytterm\u00e5tt: 60 x 50 cm, PGW22G<\/p>\n","protected":false},"featured_media":45463,"comment_status":"open","ping_status":"closed","template":"","meta":[],"product_brand":[],"product_cat":[33],"product_tag":[],"class_list":{"0":"post-18449","1":"product","2":"type-product","3":"status-publish","4":"has-post-thumbnail","6":"product_cat-okategoriserad","8":"first","9":"instock","10":"shipping-taxable","11":"purchasable","12":"product-type-simple"},"_links":{"self":[{"href":"https:\/\/nordicmart.andreevmaster.com\/sv\/wp-json\/wp\/v2\/product\/18449","targetHints":{"allow":["GET"]}}],"collection":[{"href":"https:\/\/nordicmart.andreevmaster.com\/sv\/wp-json\/wp\/v2\/product"}],"about":[{"href":"https:\/\/nordicmart.andreevmaster.com\/sv\/wp-json\/wp\/v2\/types\/product"}],"replies":[{"embeddable":true,"href":"https:\/\/nordicmart.andreevmaster.com\/sv\/wp-json\/wp\/v2\/comments?post=18449"}],"wp:featuredmedia":[{"embeddable":true,"href":"https:\/\/nordicmart.andreevmaster.com\/sv\/wp-json\/wp\/v2\/media\/45463"}],"wp:attachment":[{"href":"https:\/\/nordicmart.andreevmaster.com\/sv\/wp-json\/wp\/v2\/media?parent=18449"}],"wp:term":[{"taxonomy":"product_brand","embeddable":true,"href":"https:\/\/nordicmart.andreevmaster.com\/sv\/wp-json\/wp\/v2\/product_brand?post=18449"},{"taxonomy":"product_cat","embeddable":true,"href":"https:\/\/nordicmart.andreevmaster.com\/sv\/wp-json\/wp\/v2\/product_cat?post=18449"},{"taxonomy":"product_tag","embeddable":true,"href":"https:\/\/nordicmart.andreevmaster.com\/sv\/wp-json\/wp\/v2\/product_tag?post=18449"}],"curies":[{"name":"wp","href":"https:\/\/api.w.org\/{rel}","templated":true}]}}