{"id":18445,"date":"2026-02-27T00:39:57","date_gmt":"2026-02-27T00:39:57","guid":{"rendered":"https:\/\/nordicmart.andreevmaster.com\/product\/feandrea-hundbadd-xl-varm-och-mysig-110-x-95-x-18-cm-molnvit\/"},"modified":"2026-02-27T08:28:29","modified_gmt":"2026-02-27T08:28:29","slug":"feandrea-hundbadd-xl-varm-och-mysig-110-x-95-x-18-cm-molnvit","status":"publish","type":"product","link":"https:\/\/nordicmart.andreevmaster.com\/sv\/produkt\/feandrea-hundbadd-xl-varm-och-mysig-110-x-95-x-18-cm-molnvit\/","title":{"rendered":"Feandrea hundb\u00e4dd XL varm och mysig 110 x 95 x 18 cm molnvit"},"content":{"rendered":"<p>Feandrea FluffyHug hundb\u00e4dd i plysch, hundfiltsoffa, soffskydd f\u00f6r hundar, hundkudde, storlek XL, f\u00f6r medelstora och stora hundar, 110 x 95 x 18 cm, ombr\u00e9gr\u00e5 PGW223G01<br \/>\nF\u00e4rg: Molnvit<br \/>\nMaterial: plysch, TPU-bel\u00e4ggning, PP-fyllning<br \/>\nStorlek: 110 x 95 x 18 cm (L x B x H)<br \/>\nVikt: 1,9 kg<\/p>\n","protected":false},"excerpt":{"rendered":"<p>Feandrea FluffyHug hundb\u00e4dd i plysch, hundfiltsoffa, soffskydd f\u00f6r hundar, hundkudde, storlek XL, f\u00f6r medelstora och stora hundar, 110 x 95 x 18 cm, ombr\u00e9gr\u00e5 PGW223G01<\/p>\n","protected":false},"featured_media":45459,"comment_status":"open","ping_status":"closed","template":"","meta":[],"product_brand":[],"product_cat":[33],"product_tag":[],"class_list":{"0":"post-18445","1":"product","2":"type-product","3":"status-publish","4":"has-post-thumbnail","6":"product_cat-okategoriserad","8":"first","9":"instock","10":"shipping-taxable","11":"purchasable","12":"product-type-simple"},"_links":{"self":[{"href":"https:\/\/nordicmart.andreevmaster.com\/sv\/wp-json\/wp\/v2\/product\/18445","targetHints":{"allow":["GET"]}}],"collection":[{"href":"https:\/\/nordicmart.andreevmaster.com\/sv\/wp-json\/wp\/v2\/product"}],"about":[{"href":"https:\/\/nordicmart.andreevmaster.com\/sv\/wp-json\/wp\/v2\/types\/product"}],"replies":[{"embeddable":true,"href":"https:\/\/nordicmart.andreevmaster.com\/sv\/wp-json\/wp\/v2\/comments?post=18445"}],"wp:featuredmedia":[{"embeddable":true,"href":"https:\/\/nordicmart.andreevmaster.com\/sv\/wp-json\/wp\/v2\/media\/45459"}],"wp:attachment":[{"href":"https:\/\/nordicmart.andreevmaster.com\/sv\/wp-json\/wp\/v2\/media?parent=18445"}],"wp:term":[{"taxonomy":"product_brand","embeddable":true,"href":"https:\/\/nordicmart.andreevmaster.com\/sv\/wp-json\/wp\/v2\/product_brand?post=18445"},{"taxonomy":"product_cat","embeddable":true,"href":"https:\/\/nordicmart.andreevmaster.com\/sv\/wp-json\/wp\/v2\/product_cat?post=18445"},{"taxonomy":"product_tag","embeddable":true,"href":"https:\/\/nordicmart.andreevmaster.com\/sv\/wp-json\/wp\/v2\/product_tag?post=18445"}],"curies":[{"name":"wp","href":"https:\/\/api.w.org\/{rel}","templated":true}]}}