{"id":18437,"date":"2026-02-27T00:39:55","date_gmt":"2026-02-27T00:39:55","guid":{"rendered":"https:\/\/nordicmart.andreevmaster.com\/product\/feandrea-feandrea-fluffyhug-hundbadd-plysch-hundfilt-soffa-soffskydd-hund-hundkudde-storlek-m-for-sma-och-medelstora-hundar-80-x-75-x-16-cm-morkgra-pgw221g02\/"},"modified":"2026-02-27T08:28:27","modified_gmt":"2026-02-27T08:28:27","slug":"feandrea-feandrea-fluffyhug-hundbadd-plysch-hundfilt-soffa-soffskydd-hund-hundkudde-storlek-m-for-sma-och-medelstora-hundar-80-x-75-x-16-cm-morkgra-pgw221g02","status":"publish","type":"product","link":"https:\/\/nordicmart.andreevmaster.com\/sv\/produkt\/feandrea-feandrea-fluffyhug-hundbadd-plysch-hundfilt-soffa-soffskydd-hund-hundkudde-storlek-m-for-sma-och-medelstora-hundar-80-x-75-x-16-cm-morkgra-pgw221g02\/","title":{"rendered":"Feandrea Feandrea FluffyHug hundb\u00e4dd plysch, hundfilt soffa, soffskydd hund, hundkudde, storlek M, f\u00f6r sm\u00e5 och medelstora hundar, 80 x 75 x 16 cm, m\u00f6rkgr\u00e5 PGW221G02"},"content":{"rendered":"<p>Produktdetaljer:<\/p>\n<p>F\u00e4rg: M\u00f6rkgr\u00e5<br \/>\nMaterial: Plush, TPU-bel\u00e4ggning, PP-fyllning<br \/>\nStorlek: 80 x 75 x 16 cm (L x B x H)<br \/>\nVikt: 1,2 kg<br \/>\nLeveransomfattning:<\/p>\n<p>1 x hundb\u00e4dd f\u00f6r soffan<br \/>\nFeandrea Anm\u00e4rkningar:<\/p>\n<p>Sydda produkter kan ha en storleksavvikelse p\u00e5 2-3 cm. M\u00e4t ditt husdjur f\u00f6r att s\u00e4kerst\u00e4lla att denna hundb\u00e4dd passar dess storlek.<br \/>\nHundsoffan levereras i en vakuumf\u00f6rpackning. Du kan skaka och fluffa upp den f\u00f6r att anv\u00e4nda den direkt, men den blir \u00e4nnu fluffigare om du l\u00e5ter den st\u00e5 i 48 timmar tills den har n\u00e5tt sin fulla storlek.<br \/>\nSkaka hundkudden efter reng\u00f6ring s\u00e5 att den \u00e5terf\u00e5r sin ursprungliga form.<br \/>\nH\u00e5ll hundkudden borta fr\u00e5n v\u00e4rmek\u00e4llor med en temperatur p\u00e5 40 \u00b0C eller mer, t.ex. radiatorer. Om du anv\u00e4nder golvv\u00e4rme, placera hundkudden p\u00e5 mattan.<br \/>\nVi rekommenderar att du tv\u00e4ttar \u00f6verdraget i varmt vatten med en temperatur p\u00e5 h\u00f6gst 40 \u00b0C. Observera att PP-fyllningen inte kan tv\u00e4ttas.<\/p>\n","protected":false},"excerpt":{"rendered":"<p>Produktdetaljer: F\u00e4rg: M\u00f6rkgr\u00e5 Material: Plush, TPU-bel\u00e4ggning, PP-fyllning Storlek: 80 x 75 x 16 cm (L x B x H) Vikt: 1,2 kg Leveransomfattning: 1 x hundb\u00e4dd f\u00f6r soffan Feandrea Anm\u00e4rkningar: Sydda produkter kan ha en storleksavvikelse p\u00e5 2-3 cm. M\u00e4t ditt husdjur f\u00f6r att s\u00e4kerst\u00e4lla att denna hundb\u00e4dd passar dess storlek. Hundsoffan levereras i en [&hellip;]<\/p>\n","protected":false},"featured_media":46696,"comment_status":"open","ping_status":"closed","template":"","meta":[],"product_brand":[],"product_cat":[33],"product_tag":[],"class_list":{"0":"post-18437","1":"product","2":"type-product","3":"status-publish","4":"has-post-thumbnail","6":"product_cat-okategoriserad","8":"first","9":"instock","10":"shipping-taxable","11":"purchasable","12":"product-type-simple"},"_links":{"self":[{"href":"https:\/\/nordicmart.andreevmaster.com\/sv\/wp-json\/wp\/v2\/product\/18437","targetHints":{"allow":["GET"]}}],"collection":[{"href":"https:\/\/nordicmart.andreevmaster.com\/sv\/wp-json\/wp\/v2\/product"}],"about":[{"href":"https:\/\/nordicmart.andreevmaster.com\/sv\/wp-json\/wp\/v2\/types\/product"}],"replies":[{"embeddable":true,"href":"https:\/\/nordicmart.andreevmaster.com\/sv\/wp-json\/wp\/v2\/comments?post=18437"}],"wp:featuredmedia":[{"embeddable":true,"href":"https:\/\/nordicmart.andreevmaster.com\/sv\/wp-json\/wp\/v2\/media\/46696"}],"wp:attachment":[{"href":"https:\/\/nordicmart.andreevmaster.com\/sv\/wp-json\/wp\/v2\/media?parent=18437"}],"wp:term":[{"taxonomy":"product_brand","embeddable":true,"href":"https:\/\/nordicmart.andreevmaster.com\/sv\/wp-json\/wp\/v2\/product_brand?post=18437"},{"taxonomy":"product_cat","embeddable":true,"href":"https:\/\/nordicmart.andreevmaster.com\/sv\/wp-json\/wp\/v2\/product_cat?post=18437"},{"taxonomy":"product_tag","embeddable":true,"href":"https:\/\/nordicmart.andreevmaster.com\/sv\/wp-json\/wp\/v2\/product_tag?post=18437"}],"curies":[{"name":"wp","href":"https:\/\/api.w.org\/{rel}","templated":true}]}}