{"id":18431,"date":"2026-02-27T00:39:54","date_gmt":"2026-02-27T00:39:54","guid":{"rendered":"https:\/\/nordicmart.andreevmaster.com\/product\/feandrea-hundbadd-plysch-95-x-60-x-8-cm-morkgra-l\/"},"modified":"2026-02-27T08:28:26","modified_gmt":"2026-02-27T08:28:26","slug":"feandrea-hundbadd-plysch-95-x-60-x-8-cm-morkgra-l","status":"publish","type":"product","link":"https:\/\/nordicmart.andreevmaster.com\/sv\/produkt\/feandrea-hundbadd-plysch-95-x-60-x-8-cm-morkgra-l\/","title":{"rendered":"Feandrea hundb\u00e4dd plysch 95 x 60 x 8 cm m\u00f6rkgr\u00e5 L"},"content":{"rendered":"<p>Feandrea hundb\u00e4dd, hundkudde i plysch, hundmatta, hundsoffa, f\u00f6r husdjur, avtagbart och tv\u00e4ttbart \u00f6verdrag, storlek XL, f\u00f6r medelstora och stora hundar, 110 x 73 x 10 cm, ombr\u00e9gr\u00e5 PGW213G01<br \/>\nF\u00e4rg: M\u00f6rkgr\u00e5<br \/>\nMaterial: plysch, noppskum<br \/>\nStorlek: 95 x 60 x 8 cm (L x B x H)<br \/>\nVikt: 1,3 kg<\/p>\n","protected":false},"excerpt":{"rendered":"<p>Feandrea hundb\u00e4dd, hundkudde i plysch, hundmatta, hundsoffa, f\u00f6r husdjur, avtagbart och tv\u00e4ttbart \u00f6verdrag, storlek XL, f\u00f6r medelstora och stora hundar, 110 x 73 x 10 cm, ombr\u00e9gr\u00e5 PGW213G01<\/p>\n","protected":false},"featured_media":45447,"comment_status":"open","ping_status":"closed","template":"","meta":[],"product_brand":[],"product_cat":[33],"product_tag":[],"class_list":{"0":"post-18431","1":"product","2":"type-product","3":"status-publish","4":"has-post-thumbnail","6":"product_cat-okategoriserad","8":"first","9":"instock","10":"shipping-taxable","11":"purchasable","12":"product-type-simple"},"_links":{"self":[{"href":"https:\/\/nordicmart.andreevmaster.com\/sv\/wp-json\/wp\/v2\/product\/18431","targetHints":{"allow":["GET"]}}],"collection":[{"href":"https:\/\/nordicmart.andreevmaster.com\/sv\/wp-json\/wp\/v2\/product"}],"about":[{"href":"https:\/\/nordicmart.andreevmaster.com\/sv\/wp-json\/wp\/v2\/types\/product"}],"replies":[{"embeddable":true,"href":"https:\/\/nordicmart.andreevmaster.com\/sv\/wp-json\/wp\/v2\/comments?post=18431"}],"wp:featuredmedia":[{"embeddable":true,"href":"https:\/\/nordicmart.andreevmaster.com\/sv\/wp-json\/wp\/v2\/media\/45447"}],"wp:attachment":[{"href":"https:\/\/nordicmart.andreevmaster.com\/sv\/wp-json\/wp\/v2\/media?parent=18431"}],"wp:term":[{"taxonomy":"product_brand","embeddable":true,"href":"https:\/\/nordicmart.andreevmaster.com\/sv\/wp-json\/wp\/v2\/product_brand?post=18431"},{"taxonomy":"product_cat","embeddable":true,"href":"https:\/\/nordicmart.andreevmaster.com\/sv\/wp-json\/wp\/v2\/product_cat?post=18431"},{"taxonomy":"product_tag","embeddable":true,"href":"https:\/\/nordicmart.andreevmaster.com\/sv\/wp-json\/wp\/v2\/product_tag?post=18431"}],"curies":[{"name":"wp","href":"https:\/\/api.w.org\/{rel}","templated":true}]}}