{"id":18421,"date":"2026-02-27T00:39:51","date_gmt":"2026-02-27T00:39:51","guid":{"rendered":"https:\/\/nordicmart.andreevmaster.com\/product\/feandrea-mysig-hundbadd-110-x-73-cm\/"},"modified":"2026-02-27T08:28:24","modified_gmt":"2026-02-27T08:28:24","slug":"feandrea-mysig-hundbadd-110-x-73-cm","status":"publish","type":"product","link":"https:\/\/nordicmart.andreevmaster.com\/sv\/produkt\/feandrea-mysig-hundbadd-110-x-73-cm\/","title":{"rendered":"Feandrea Mysig hundb\u00e4dd 110 x 73 cm"},"content":{"rendered":"<p>Produktdetaljer: &#8211; F\u00e4rg: Ljusgr\u00e5 &#8211; Material: PV-plysch, PP-fyllning, tyg med gummiknoppar &#8211; Storlek: 80 x 50 cm (L x B) &#8211; Tjocklek p\u00e5 hundmattan: 10 cm &#8211; Vikt: 1,2 kg Leveransomfattning: &#8211; 1 x hundb\u00e4dd FEANDREA Anm\u00e4rkningar:- Denna produkt levereras i en vakuumf\u00f6rpackning. Skaka den efter uppackning och l\u00e5t den st\u00e5 i 48-72 timmar s\u00e5 att den n\u00e5r sin fulla storlek. &#8211; Produkter med s\u00f6mmar kan avvika 2-3 cm fr\u00e5n de m\u00e5tt vi anger. M\u00e4t din fyrbenta v\u00e4n f\u00f6r att s\u00e4kerst\u00e4lla att denna hundkorg passar hans storlek. &#8211; H\u00e5ll hundkorgen borta fr\u00e5n v\u00e4rmek\u00e4llor med en temperatur p\u00e5 40 \u2103 eller mer, t.ex. radiatorer. Om du anv\u00e4nder golvv\u00e4rme, placera produkten p\u00e5 mattan.<\/p>\n","protected":false},"excerpt":{"rendered":"<p>Feandrea hundb\u00e4dd, hundkudde, fluffig hundmatta, l\u00e5ng plysch, 80 x 50 cm, mjuk stoppning, maskintv\u00e4ttbar, hundkorg, multifunktionell, b\u00e4rbar, ljusgr\u00e5 PGW201G01<\/p>\n","protected":false},"featured_media":45437,"comment_status":"open","ping_status":"closed","template":"","meta":[],"product_brand":[],"product_cat":[33],"product_tag":[],"class_list":{"0":"post-18421","1":"product","2":"type-product","3":"status-publish","4":"has-post-thumbnail","6":"product_cat-okategoriserad","8":"first","9":"instock","10":"shipping-taxable","11":"purchasable","12":"product-type-simple"},"_links":{"self":[{"href":"https:\/\/nordicmart.andreevmaster.com\/sv\/wp-json\/wp\/v2\/product\/18421","targetHints":{"allow":["GET"]}}],"collection":[{"href":"https:\/\/nordicmart.andreevmaster.com\/sv\/wp-json\/wp\/v2\/product"}],"about":[{"href":"https:\/\/nordicmart.andreevmaster.com\/sv\/wp-json\/wp\/v2\/types\/product"}],"replies":[{"embeddable":true,"href":"https:\/\/nordicmart.andreevmaster.com\/sv\/wp-json\/wp\/v2\/comments?post=18421"}],"wp:featuredmedia":[{"embeddable":true,"href":"https:\/\/nordicmart.andreevmaster.com\/sv\/wp-json\/wp\/v2\/media\/45437"}],"wp:attachment":[{"href":"https:\/\/nordicmart.andreevmaster.com\/sv\/wp-json\/wp\/v2\/media?parent=18421"}],"wp:term":[{"taxonomy":"product_brand","embeddable":true,"href":"https:\/\/nordicmart.andreevmaster.com\/sv\/wp-json\/wp\/v2\/product_brand?post=18421"},{"taxonomy":"product_cat","embeddable":true,"href":"https:\/\/nordicmart.andreevmaster.com\/sv\/wp-json\/wp\/v2\/product_cat?post=18421"},{"taxonomy":"product_tag","embeddable":true,"href":"https:\/\/nordicmart.andreevmaster.com\/sv\/wp-json\/wp\/v2\/product_tag?post=18421"}],"curies":[{"name":"wp","href":"https:\/\/api.w.org\/{rel}","templated":true}]}}