{"id":18419,"date":"2026-02-27T00:39:50","date_gmt":"2026-02-27T00:39:50","guid":{"rendered":"https:\/\/nordicmart.andreevmaster.com\/product\/feandrea-fluffig-hundmatta\/"},"modified":"2026-02-27T08:28:24","modified_gmt":"2026-02-27T08:28:24","slug":"feandrea-fluffig-hundmatta","status":"publish","type":"product","link":"https:\/\/nordicmart.andreevmaster.com\/sv\/produkt\/feandrea-fluffig-hundmatta\/","title":{"rendered":"Feandrea Fluffig hundmatta"},"content":{"rendered":"<p>Feandrea hundb\u00e4dd, hundkudde, fluffig hundmatta, l\u00e5ng plysch, 80 x 50 cm, mjuk stoppning, maskintv\u00e4ttbar, hundkorg, multifunktionell, b\u00e4rbar, ljusgr\u00e5 PGW201G01<br \/>\nF\u00e4rg: Ljusgr\u00e5<br \/>\nMaterial: PV-plysch, PP-fyllning, tyg med gummiknoppar<br \/>\nStorlek: 95 x 60 cm (L x B)<br \/>\nTjocklek p\u00e5 hundmattan: 10 cm<br \/>\nVikt: 1,5 kg<\/p>\n","protected":false},"excerpt":{"rendered":"<p>Feandrea hundb\u00e4dd, hundkudde, fluffig hundmatta, l\u00e5ng plysch, 80 x 50 cm, mjuk stoppning, maskintv\u00e4ttbar, hundkorg, multifunktionell, b\u00e4rbar, ljusgr\u00e5 PGW201G01<\/p>\n","protected":false},"featured_media":45435,"comment_status":"open","ping_status":"closed","template":"","meta":[],"product_brand":[],"product_cat":[33],"product_tag":[],"class_list":{"0":"post-18419","1":"product","2":"type-product","3":"status-publish","4":"has-post-thumbnail","6":"product_cat-okategoriserad","8":"first","9":"instock","10":"shipping-taxable","11":"purchasable","12":"product-type-simple"},"_links":{"self":[{"href":"https:\/\/nordicmart.andreevmaster.com\/sv\/wp-json\/wp\/v2\/product\/18419","targetHints":{"allow":["GET"]}}],"collection":[{"href":"https:\/\/nordicmart.andreevmaster.com\/sv\/wp-json\/wp\/v2\/product"}],"about":[{"href":"https:\/\/nordicmart.andreevmaster.com\/sv\/wp-json\/wp\/v2\/types\/product"}],"replies":[{"embeddable":true,"href":"https:\/\/nordicmart.andreevmaster.com\/sv\/wp-json\/wp\/v2\/comments?post=18419"}],"wp:featuredmedia":[{"embeddable":true,"href":"https:\/\/nordicmart.andreevmaster.com\/sv\/wp-json\/wp\/v2\/media\/45435"}],"wp:attachment":[{"href":"https:\/\/nordicmart.andreevmaster.com\/sv\/wp-json\/wp\/v2\/media?parent=18419"}],"wp:term":[{"taxonomy":"product_brand","embeddable":true,"href":"https:\/\/nordicmart.andreevmaster.com\/sv\/wp-json\/wp\/v2\/product_brand?post=18419"},{"taxonomy":"product_cat","embeddable":true,"href":"https:\/\/nordicmart.andreevmaster.com\/sv\/wp-json\/wp\/v2\/product_cat?post=18419"},{"taxonomy":"product_tag","embeddable":true,"href":"https:\/\/nordicmart.andreevmaster.com\/sv\/wp-json\/wp\/v2\/product_tag?post=18419"}],"curies":[{"name":"wp","href":"https:\/\/api.w.org\/{rel}","templated":true}]}}