{"id":18413,"date":"2026-02-27T00:39:49","date_gmt":"2026-02-27T00:39:49","guid":{"rendered":"https:\/\/nordicmart.andreevmaster.com\/product\/feandrea-ortopedisk-hundsang-110-x-80-x-26-cm\/"},"modified":"2026-02-27T08:28:22","modified_gmt":"2026-02-27T08:28:22","slug":"feandrea-ortopedisk-hundsang-110-x-80-x-26-cm","status":"publish","type":"product","link":"https:\/\/nordicmart.andreevmaster.com\/sv\/produkt\/feandrea-ortopedisk-hundsang-110-x-80-x-26-cm\/","title":{"rendered":"Feandrea ortopedisk hunds\u00e4ng 110 x 80 x 26 cm"},"content":{"rendered":"<p>Feandrea Hundb\u00e4dd f\u00f6r stora hundar, ortopedisk hundsoffa, tv\u00e4ttbar, gr\u00e5 PGW15GV1<\/p>\n","protected":false},"excerpt":{"rendered":"<p>Feandrea Hundb\u00e4dd f\u00f6r stora hundar, ortopedisk hundsoffa, tv\u00e4ttbar, gr\u00e5 PGW15GV1<\/p>\n","protected":false},"featured_media":45429,"comment_status":"open","ping_status":"closed","template":"","meta":[],"product_brand":[],"product_cat":[33],"product_tag":[],"class_list":{"0":"post-18413","1":"product","2":"type-product","3":"status-publish","4":"has-post-thumbnail","6":"product_cat-okategoriserad","8":"first","9":"instock","10":"shipping-taxable","11":"purchasable","12":"product-type-simple"},"_links":{"self":[{"href":"https:\/\/nordicmart.andreevmaster.com\/sv\/wp-json\/wp\/v2\/product\/18413","targetHints":{"allow":["GET"]}}],"collection":[{"href":"https:\/\/nordicmart.andreevmaster.com\/sv\/wp-json\/wp\/v2\/product"}],"about":[{"href":"https:\/\/nordicmart.andreevmaster.com\/sv\/wp-json\/wp\/v2\/types\/product"}],"replies":[{"embeddable":true,"href":"https:\/\/nordicmart.andreevmaster.com\/sv\/wp-json\/wp\/v2\/comments?post=18413"}],"wp:featuredmedia":[{"embeddable":true,"href":"https:\/\/nordicmart.andreevmaster.com\/sv\/wp-json\/wp\/v2\/media\/45429"}],"wp:attachment":[{"href":"https:\/\/nordicmart.andreevmaster.com\/sv\/wp-json\/wp\/v2\/media?parent=18413"}],"wp:term":[{"taxonomy":"product_brand","embeddable":true,"href":"https:\/\/nordicmart.andreevmaster.com\/sv\/wp-json\/wp\/v2\/product_brand?post=18413"},{"taxonomy":"product_cat","embeddable":true,"href":"https:\/\/nordicmart.andreevmaster.com\/sv\/wp-json\/wp\/v2\/product_cat?post=18413"},{"taxonomy":"product_tag","embeddable":true,"href":"https:\/\/nordicmart.andreevmaster.com\/sv\/wp-json\/wp\/v2\/product_tag?post=18413"}],"curies":[{"name":"wp","href":"https:\/\/api.w.org\/{rel}","templated":true}]}}