{"id":18411,"date":"2026-02-27T00:39:48","date_gmt":"2026-02-27T00:39:48","guid":{"rendered":"https:\/\/nordicmart.andreevmaster.com\/product\/feandrea-ortopediskt-hundbadd-90-x-75-x-25-cm\/"},"modified":"2026-02-27T08:28:22","modified_gmt":"2026-02-27T08:28:22","slug":"feandrea-ortopediskt-hundbadd-90-x-75-x-25-cm","status":"publish","type":"product","link":"https:\/\/nordicmart.andreevmaster.com\/sv\/produkt\/feandrea-ortopediskt-hundbadd-90-x-75-x-25-cm\/","title":{"rendered":"Feandrea ortopediskt hundb\u00e4dd 90 x 75 x 25 cm"},"content":{"rendered":"<p>S\u00e4rskilt stora hundar och bulldoggar drabbas ofta av ledbesv\u00e4r, till exempel h\u00f6ftledsdysplasi, p\u00e5 grund av sin vikt och skelettstruktur. \u00c4ldre fyrbenta v\u00e4nner lider dessutom ofta av artrit eller liknande sjukdomar. De b\u00f6r d\u00e4rf\u00f6r inte beh\u00f6va sova p\u00e5 en f\u00f6r h\u00e5rd eller instabil hundb\u00e4dd. Designerna p\u00e5 FEANDREA har d\u00e4rf\u00f6r skapat en hundsoffa med ett 8 cm tjockt lager minnesskum som anpassar sig efter din \u00e4lsklings kropp och avlastar dess leder. Ytterligare f\u00f6rdelar med den ortopediska hundb\u00e4dden: &#8211; V\u00e4ndbart kudde av robust imitationsmocka och mjuk PV-fleece &#8211; Kudde- och b\u00e4dd\u00f6verdrag avtagbara; enkel reng\u00f6ring &#8211; Gott om plats f\u00f6r stora hundar upp till 30 kg &#8211; F\u00f6rsedd med halkfria noppor Produktdetaljer:- F\u00e4rg: Gr\u00e5 &#8211; Material: Imitationsmocka, PV-fleece (polyester), minnesskum &#8211; Total storlek: 90 x 75 x 25 cm (L x B x H) &#8211; Storlek liggyta: 60 x 50 cm (L x B) &#8211; Vikt: 2,8 kg &#8211; Max. statisk belastningsf\u00f6rm\u00e5ga: 30 kg Leveransomfattning:- 1 x hundb\u00e4dd &#8211; 1 x bruksanvisning (DE, EN, FR, ES, IT) FEANDREA Anvisningar: &#8211; Skydda produkten fr\u00e5n fukt och direkt solljus. &#8211; H\u00e5ll produkten borta fr\u00e5n vassa och skarpa f\u00f6rem\u00e5l. &#8211; Hundar f\u00e5r under inga omst\u00e4ndigheter tugga p\u00e5 b\u00e4dden. &#8211; Hundsoffan levereras komprimerad. V\u00e4nta 1\u20132 dagar tills den \u00e5terg\u00e5tt till sin normala storlek. &#8211; Anv\u00e4nd inte denna produkt i n\u00e4rheten av v\u00e4rmek\u00e4llor \u00f6ver 40 \u00b0C. Om golvv\u00e4rme finns, anv\u00e4nd dessutom en underl\u00e4ggsmadrass.<\/p>\n","protected":false},"excerpt":{"rendered":"<p>Feandrea Hundb\u00e4dd f\u00f6r medelstora hundar, ortopedisk hundsoffa, tv\u00e4ttbar, gr\u00e5 PGW14GV1<\/p>\n","protected":false},"featured_media":45428,"comment_status":"open","ping_status":"closed","template":"","meta":[],"product_brand":[],"product_cat":[33],"product_tag":[],"class_list":{"0":"post-18411","1":"product","2":"type-product","3":"status-publish","4":"has-post-thumbnail","6":"product_cat-okategoriserad","8":"first","9":"instock","10":"shipping-taxable","11":"purchasable","12":"product-type-simple"},"_links":{"self":[{"href":"https:\/\/nordicmart.andreevmaster.com\/sv\/wp-json\/wp\/v2\/product\/18411","targetHints":{"allow":["GET"]}}],"collection":[{"href":"https:\/\/nordicmart.andreevmaster.com\/sv\/wp-json\/wp\/v2\/product"}],"about":[{"href":"https:\/\/nordicmart.andreevmaster.com\/sv\/wp-json\/wp\/v2\/types\/product"}],"replies":[{"embeddable":true,"href":"https:\/\/nordicmart.andreevmaster.com\/sv\/wp-json\/wp\/v2\/comments?post=18411"}],"wp:featuredmedia":[{"embeddable":true,"href":"https:\/\/nordicmart.andreevmaster.com\/sv\/wp-json\/wp\/v2\/media\/45428"}],"wp:attachment":[{"href":"https:\/\/nordicmart.andreevmaster.com\/sv\/wp-json\/wp\/v2\/media?parent=18411"}],"wp:term":[{"taxonomy":"product_brand","embeddable":true,"href":"https:\/\/nordicmart.andreevmaster.com\/sv\/wp-json\/wp\/v2\/product_brand?post=18411"},{"taxonomy":"product_cat","embeddable":true,"href":"https:\/\/nordicmart.andreevmaster.com\/sv\/wp-json\/wp\/v2\/product_cat?post=18411"},{"taxonomy":"product_tag","embeddable":true,"href":"https:\/\/nordicmart.andreevmaster.com\/sv\/wp-json\/wp\/v2\/product_tag?post=18411"}],"curies":[{"name":"wp","href":"https:\/\/api.w.org\/{rel}","templated":true}]}}