{"id":18410,"date":"2026-02-27T00:39:48","date_gmt":"2026-02-27T00:39:48","guid":{"rendered":"https:\/\/nordicmart.andreevmaster.com\/product\/ortopedisk-hundsang-90-x-75-x-25-cm\/"},"modified":"2026-02-27T08:28:21","modified_gmt":"2026-02-27T08:28:21","slug":"ortopedisk-hundsang-90-x-75-x-25-cm","status":"publish","type":"product","link":"https:\/\/nordicmart.andreevmaster.com\/sv\/produkt\/ortopedisk-hundsang-90-x-75-x-25-cm\/","title":{"rendered":"Ortopedisk hunds\u00e4ng 90 x 75 x 25 cm"},"content":{"rendered":"<p>Stora hundar, och s\u00e4rskilt bulldoggar, lider ofta av ledproblem, s\u00e5som h\u00f6ftledsdysplasi, p\u00e5 grund av sin vikt och benstruktur. \u00c4ven \u00e4ldre fyrbenta v\u00e4nner lider ofta av ledinflammation eller liknande sjukdomar. De b\u00f6r d\u00e4rf\u00f6r inte beh\u00f6va sova p\u00e5 en f\u00f6r h\u00e5rd eller instabil hunds\u00e4ng. FEANDREAs designers har d\u00e4rf\u00f6r skapat en hundsoffa med ett 8 cm tjockt lager minneskum som anpassar sig efter ditt husdjurs kropp och lindrar trycket p\u00e5 dess leder. Andra f\u00f6rdelar med den ortopediska hundb\u00e4dden:- V\u00e4ndbar kudde tillverkad av slitstarkt mockaimitation och mjuk PV-fleece &#8211; Avtagbar kudde och s\u00e4ng\u00f6verdrag; l\u00e4tt att reng\u00f6ra &#8211; Gott om plats f\u00f6r stora hundar upp till 30 kg &#8211; Utrustad med halkfria nitar Produktinformation:- F\u00e4rg: gr\u00e5 &#8211; Material: mockalika, PV-fleece (polyester), minnesskum &#8211; Totalstorlek: 90 x 75 x 25 cm (L x B x H) &#8211; Storlek p\u00e5 liggunderlag: 60 x 50 cm (L x B) &#8211; Vikt: 2,8 kg. Vikt: 1,5 kg.8 kg- Max. Statisk belastningsf\u00f6rm\u00e5ga: 30 kg. Statisk belastningsf\u00f6rm\u00e5ga: 30 kg Leveransomfattning:- 1 x hunds\u00e4ng- 1 x bruksanvisning (DE, EN, FR, ES, IT)FEANDREA Anm\u00e4rkningar:- Skydda produkten fr\u00e5n fukt och direkt solljus. H\u00e5ll produkten borta fr\u00e5n vassa och spetsiga f\u00f6rem\u00e5l. &#8211; Hundar f\u00e5r aldrig tugga p\u00e5 s\u00e4ngen. &#8211; Hundsoffan levereras ihopf\u00e4lld. V\u00e4nta 1-2 dagar tills den \u00e5terf\u00e5r sin normala storlek. &#8211; Anv\u00e4nd inte denna produkt n\u00e4ra v\u00e4rmek\u00e4llor \u00f6ver 40 \u00b0C. Om du har golvv\u00e4rme, anv\u00e4nd ett extra underlag.<\/p>\n","protected":false},"excerpt":{"rendered":"<p>Stora hundar, och s\u00e4rskilt bulldoggar, lider ofta av ledproblem, s\u00e5som h\u00f6ftledsdysplasi, p\u00e5 grund av sin vikt och benstruktur. \u00c4ven \u00e4ldre fyrbenta v\u00e4nner lider ofta av ledinflammation eller liknande sjukdomar. De b\u00f6r d\u00e4rf\u00f6r inte beh\u00f6va sova p\u00e5 en f\u00f6r h\u00e5rd eller instabil hunds\u00e4ng. FEANDREAs designers har d\u00e4rf\u00f6r skapat en hundsoffa med ett 8 cm tjockt lager [&hellip;]<\/p>\n","protected":false},"featured_media":0,"comment_status":"open","ping_status":"closed","template":"","meta":[],"product_brand":[],"product_cat":[33],"product_tag":[],"class_list":{"0":"post-18410","1":"product","2":"type-product","3":"status-publish","5":"product_cat-okategoriserad","7":"first","8":"instock","9":"shipping-taxable","10":"product-type-simple"},"_links":{"self":[{"href":"https:\/\/nordicmart.andreevmaster.com\/sv\/wp-json\/wp\/v2\/product\/18410","targetHints":{"allow":["GET"]}}],"collection":[{"href":"https:\/\/nordicmart.andreevmaster.com\/sv\/wp-json\/wp\/v2\/product"}],"about":[{"href":"https:\/\/nordicmart.andreevmaster.com\/sv\/wp-json\/wp\/v2\/types\/product"}],"replies":[{"embeddable":true,"href":"https:\/\/nordicmart.andreevmaster.com\/sv\/wp-json\/wp\/v2\/comments?post=18410"}],"wp:attachment":[{"href":"https:\/\/nordicmart.andreevmaster.com\/sv\/wp-json\/wp\/v2\/media?parent=18410"}],"wp:term":[{"taxonomy":"product_brand","embeddable":true,"href":"https:\/\/nordicmart.andreevmaster.com\/sv\/wp-json\/wp\/v2\/product_brand?post=18410"},{"taxonomy":"product_cat","embeddable":true,"href":"https:\/\/nordicmart.andreevmaster.com\/sv\/wp-json\/wp\/v2\/product_cat?post=18410"},{"taxonomy":"product_tag","embeddable":true,"href":"https:\/\/nordicmart.andreevmaster.com\/sv\/wp-json\/wp\/v2\/product_tag?post=18410"}],"curies":[{"name":"wp","href":"https:\/\/api.w.org\/{rel}","templated":true}]}}