{"id":18407,"date":"2026-02-27T00:39:47","date_gmt":"2026-02-27T00:39:47","guid":{"rendered":"https:\/\/nordicmart.andreevmaster.com\/product\/feandrea-tvattbar-hundbadd-90-cm-gra\/"},"modified":"2026-02-27T08:28:21","modified_gmt":"2026-02-27T08:28:21","slug":"feandrea-tvattbar-hundbadd-90-cm-gra","status":"publish","type":"product","link":"https:\/\/nordicmart.andreevmaster.com\/sv\/produkt\/feandrea-tvattbar-hundbadd-90-cm-gra\/","title":{"rendered":"Feandrea tv\u00e4ttbar hundb\u00e4dd 90 cm gr\u00e5"},"content":{"rendered":"<p>Ge din fyrbenta v\u00e4n en egen s\u00e4ng! \u00c4ntligen f\u00e5r din hund en egen s\u00e4ng som \u00e4r mysig och bekv\u00e4m. FEANDREA vill att din fyrbenta v\u00e4n ska k\u00e4nna sig som en del av familjen, d\u00e4rf\u00f6r har vi utvecklat denna h\u00e5llbara hunds\u00e4ng som s\u00e4kert kommer att bli din hunds absoluta favoritplats. Tack vare den extra mjuka liggytan kan han koppla av ordentligt. Dessutom \u00e4r \u00f6verdraget avtagbart och tv\u00e4ttbart i maskin, s\u00e5 att d\u00e5lig lukt undviks. V\u00e4nta inte l\u00e4ngre och k\u00f6p hundb\u00e4dden nu. Din hund f\u00f6rtj\u00e4nar ett bekv\u00e4mt hem! Produktdetaljer: &#8211; F\u00e4rg: Gr\u00e5 &#8211; Material: Imitation av linne, polyestertyg med noppor, PP-fyllning, plysch &#8211; M\u00e5tt: 90 x 75 x 25 cm (L x B x H) &#8211; Vikt: 2,2 kg Leveransomfattning: &#8211; 1 x hundb\u00e4dd FEANDREA Anvisningar:- Uts\u00e4tt inte produkten f\u00f6r direkt solljus och placera den inte i en fuktig milj\u00f6. &#8211; Produkten f\u00e5r inte komma i kontakt med vassa f\u00f6rem\u00e5l.- Hundb\u00e4dden \u00e4r inte ett tuggleksak f\u00f6r dina fyrbenta v\u00e4nner; se till att din hund inte biter p\u00e5 b\u00e4dden. &#8211; V\u00e5r hundb\u00e4dd \u00e4r hopvikt f\u00f6r f\u00f6rpacknings\u00e4ndam\u00e5l. Det kan d\u00e4rf\u00f6r ta 2-3 dagar innan den \u00e5terf\u00e5r sin normala form. P\u00e5 grund av s\u00f6msm\u00e5n kan produkter av denna typ avvika upp till 3 cm fr\u00e5n de m\u00e5tt vi anger.<\/p>\n","protected":false},"excerpt":{"rendered":"<p>Feandrea Hundsoffa, tv\u00e4ttbar hundb\u00e4dd, kattb\u00e4dd, mysigt hundkudde, avtagbart och maskintv\u00e4ttbart \u00f6verdrag, 90 x 25 x 75 cm, brun PGW11CC<\/p>\n","protected":false},"featured_media":45425,"comment_status":"open","ping_status":"closed","template":"","meta":[],"product_brand":[],"product_cat":[33],"product_tag":[],"class_list":{"0":"post-18407","1":"product","2":"type-product","3":"status-publish","4":"has-post-thumbnail","6":"product_cat-okategoriserad","8":"first","9":"instock","10":"shipping-taxable","11":"purchasable","12":"product-type-simple"},"_links":{"self":[{"href":"https:\/\/nordicmart.andreevmaster.com\/sv\/wp-json\/wp\/v2\/product\/18407","targetHints":{"allow":["GET"]}}],"collection":[{"href":"https:\/\/nordicmart.andreevmaster.com\/sv\/wp-json\/wp\/v2\/product"}],"about":[{"href":"https:\/\/nordicmart.andreevmaster.com\/sv\/wp-json\/wp\/v2\/types\/product"}],"replies":[{"embeddable":true,"href":"https:\/\/nordicmart.andreevmaster.com\/sv\/wp-json\/wp\/v2\/comments?post=18407"}],"wp:featuredmedia":[{"embeddable":true,"href":"https:\/\/nordicmart.andreevmaster.com\/sv\/wp-json\/wp\/v2\/media\/45425"}],"wp:attachment":[{"href":"https:\/\/nordicmart.andreevmaster.com\/sv\/wp-json\/wp\/v2\/media?parent=18407"}],"wp:term":[{"taxonomy":"product_brand","embeddable":true,"href":"https:\/\/nordicmart.andreevmaster.com\/sv\/wp-json\/wp\/v2\/product_brand?post=18407"},{"taxonomy":"product_cat","embeddable":true,"href":"https:\/\/nordicmart.andreevmaster.com\/sv\/wp-json\/wp\/v2\/product_cat?post=18407"},{"taxonomy":"product_tag","embeddable":true,"href":"https:\/\/nordicmart.andreevmaster.com\/sv\/wp-json\/wp\/v2\/product_tag?post=18407"}],"curies":[{"name":"wp","href":"https:\/\/api.w.org\/{rel}","templated":true}]}}