{"id":18404,"date":"2026-02-27T00:39:47","date_gmt":"2026-02-27T00:39:47","guid":{"rendered":"https:\/\/nordicmart.andreevmaster.com\/product\/feandrea-tvattbar-hundbadd-75-cm-brun\/"},"modified":"2026-02-27T08:28:20","modified_gmt":"2026-02-27T08:28:20","slug":"feandrea-tvattbar-hundbadd-75-cm-brun","status":"publish","type":"product","link":"https:\/\/nordicmart.andreevmaster.com\/sv\/produkt\/feandrea-tvattbar-hundbadd-75-cm-brun\/","title":{"rendered":"Feandrea tv\u00e4ttbar hundb\u00e4dd 75 cm brun"},"content":{"rendered":"<p>Ge din fyrbenta v\u00e4n en egen s\u00e4ng! \u00c4ntligen f\u00e5r din hund en egen s\u00e4ng som \u00e4r mysig och bekv\u00e4m. FEANDREA vill att din fyrbenta v\u00e4n ska k\u00e4nna sig som en del av familjen, d\u00e4rf\u00f6r har vi utvecklat denna h\u00e5llbara hunds\u00e4ng som s\u00e4kert kommer att bli din hunds absoluta favoritplats. Tack vare den extra mjuka liggytan kan han koppla av ordentligt. Dessutom \u00e4r \u00f6verdraget avtagbart och tv\u00e4ttbart i maskin, s\u00e5 att d\u00e5lig lukt undviks. V\u00e4nta inte l\u00e4ngre och k\u00f6p hundb\u00e4dden nu. Din hund f\u00f6rtj\u00e4nar ett mysigt hem! Produktdetaljer: &#8211; F\u00e4rg: Brun &#8211; Material: imitation av linne, polyester-tyg med noppor, PP-fyllning, plysch- M\u00e5tt: 70 x 55 x 21 cm- Vikt: 1,7 kg FEANDREA Anm\u00e4rkningar: &#8211; V\u00e5r hundb\u00e4dd \u00e4r hopvikt f\u00f6r f\u00f6rpacknings\u00e4ndam\u00e5l. Det \u00e4r d\u00e4rf\u00f6r m\u00f6jligt att den f\u00f6rst \u00e5terg\u00e5r till sin normala form efter 2-3 dagar. &#8211; P\u00e5 grund av s\u00f6msm\u00e5nen kan produkter av denna typ avvika upp till 3 cm fr\u00e5n de m\u00e5tt vi anger. &#8211; Observera att textiletiketten p\u00e5 denna produkt har ersatts med en h\u00f6gkvalitativ etikett i konstl\u00e4der. Det \u00e4r d\u00e4rf\u00f6r m\u00f6jligt att du f\u00e5r den gamla modellen eller den nya varianten. Leveransen av den ena eller andra modellen sker slumpm\u00e4ssigt.<\/p>\n","protected":false},"excerpt":{"rendered":"<p>Feandrea tv\u00e4ttbar hunds\u00e4ng, avtagbart och maskintv\u00e4ttbart \u00f6verdrag, mysigt hundkudde, brun 70 x 55 x 21 cm PGW10CC<\/p>\n","protected":false},"featured_media":45422,"comment_status":"open","ping_status":"closed","template":"","meta":[],"product_brand":[],"product_cat":[33],"product_tag":[],"class_list":{"0":"post-18404","1":"product","2":"type-product","3":"status-publish","4":"has-post-thumbnail","6":"product_cat-okategoriserad","8":"first","9":"instock","10":"shipping-taxable","11":"purchasable","12":"product-type-simple"},"_links":{"self":[{"href":"https:\/\/nordicmart.andreevmaster.com\/sv\/wp-json\/wp\/v2\/product\/18404","targetHints":{"allow":["GET"]}}],"collection":[{"href":"https:\/\/nordicmart.andreevmaster.com\/sv\/wp-json\/wp\/v2\/product"}],"about":[{"href":"https:\/\/nordicmart.andreevmaster.com\/sv\/wp-json\/wp\/v2\/types\/product"}],"replies":[{"embeddable":true,"href":"https:\/\/nordicmart.andreevmaster.com\/sv\/wp-json\/wp\/v2\/comments?post=18404"}],"wp:featuredmedia":[{"embeddable":true,"href":"https:\/\/nordicmart.andreevmaster.com\/sv\/wp-json\/wp\/v2\/media\/45422"}],"wp:attachment":[{"href":"https:\/\/nordicmart.andreevmaster.com\/sv\/wp-json\/wp\/v2\/media?parent=18404"}],"wp:term":[{"taxonomy":"product_brand","embeddable":true,"href":"https:\/\/nordicmart.andreevmaster.com\/sv\/wp-json\/wp\/v2\/product_brand?post=18404"},{"taxonomy":"product_cat","embeddable":true,"href":"https:\/\/nordicmart.andreevmaster.com\/sv\/wp-json\/wp\/v2\/product_cat?post=18404"},{"taxonomy":"product_tag","embeddable":true,"href":"https:\/\/nordicmart.andreevmaster.com\/sv\/wp-json\/wp\/v2\/product_tag?post=18404"}],"curies":[{"name":"wp","href":"https:\/\/api.w.org\/{rel}","templated":true}]}}