{"id":18403,"date":"2026-02-27T00:39:46","date_gmt":"2026-02-27T00:39:46","guid":{"rendered":"https:\/\/nordicmart.andreevmaster.com\/product\/feandrea-hundbadd-med-kant-110-x-75-x-27-cm\/"},"modified":"2026-02-27T08:28:20","modified_gmt":"2026-02-27T08:28:20","slug":"feandrea-hundbadd-med-kant-110-x-75-x-27-cm","status":"publish","type":"product","link":"https:\/\/nordicmart.andreevmaster.com\/sv\/produkt\/feandrea-hundbadd-med-kant-110-x-75-x-27-cm\/","title":{"rendered":"Feandrea hundb\u00e4dd med kant 110 x 75 x 27 cm"},"content":{"rendered":"<p>Feandrea Mysigt XXL lyxigt hundb\u00e4dd med mjukt avtagbart kudde, f\u00f6r stora hundar, 110 x 27 x 75 cm, brun, beige PGW07YC<\/p>\n","protected":false},"excerpt":{"rendered":"<p>Feandrea Mysigt XXL lyxigt hundb\u00e4dd med mjukt avtagbart kudde, f\u00f6r stora hundar, 110 x 27 x 75 cm, brun, beige PGW07YC<\/p>\n","protected":false},"featured_media":45421,"comment_status":"open","ping_status":"closed","template":"","meta":[],"product_brand":[],"product_cat":[33],"product_tag":[],"class_list":{"0":"post-18403","1":"product","2":"type-product","3":"status-publish","4":"has-post-thumbnail","6":"product_cat-okategoriserad","8":"first","9":"instock","10":"shipping-taxable","11":"purchasable","12":"product-type-simple"},"_links":{"self":[{"href":"https:\/\/nordicmart.andreevmaster.com\/sv\/wp-json\/wp\/v2\/product\/18403","targetHints":{"allow":["GET"]}}],"collection":[{"href":"https:\/\/nordicmart.andreevmaster.com\/sv\/wp-json\/wp\/v2\/product"}],"about":[{"href":"https:\/\/nordicmart.andreevmaster.com\/sv\/wp-json\/wp\/v2\/types\/product"}],"replies":[{"embeddable":true,"href":"https:\/\/nordicmart.andreevmaster.com\/sv\/wp-json\/wp\/v2\/comments?post=18403"}],"wp:featuredmedia":[{"embeddable":true,"href":"https:\/\/nordicmart.andreevmaster.com\/sv\/wp-json\/wp\/v2\/media\/45421"}],"wp:attachment":[{"href":"https:\/\/nordicmart.andreevmaster.com\/sv\/wp-json\/wp\/v2\/media?parent=18403"}],"wp:term":[{"taxonomy":"product_brand","embeddable":true,"href":"https:\/\/nordicmart.andreevmaster.com\/sv\/wp-json\/wp\/v2\/product_brand?post=18403"},{"taxonomy":"product_cat","embeddable":true,"href":"https:\/\/nordicmart.andreevmaster.com\/sv\/wp-json\/wp\/v2\/product_cat?post=18403"},{"taxonomy":"product_tag","embeddable":true,"href":"https:\/\/nordicmart.andreevmaster.com\/sv\/wp-json\/wp\/v2\/product_tag?post=18403"}],"curies":[{"name":"wp","href":"https:\/\/api.w.org\/{rel}","templated":true}]}}