{"id":18399,"date":"2026-02-27T00:39:45","date_gmt":"2026-02-27T00:39:45","guid":{"rendered":"https:\/\/nordicmart.andreevmaster.com\/product\/feandrea-ortopedisk-hundbadd-ljusgra\/"},"modified":"2026-02-27T08:28:19","modified_gmt":"2026-02-27T08:28:19","slug":"feandrea-ortopedisk-hundbadd-ljusgra","status":"publish","type":"product","link":"https:\/\/nordicmart.andreevmaster.com\/sv\/produkt\/feandrea-ortopedisk-hundbadd-ljusgra\/","title":{"rendered":"Feandrea ortopedisk hundb\u00e4dd ljusgr\u00e5"},"content":{"rendered":"<p>Produktdetaljer: F\u00e4rg: Ljusgr\u00e5 Material: Plush med TPU-bel\u00e4ggning, imiterat velourl\u00e4der med PU-bel\u00e4ggning, PP-stoppning, skumplast Storlek: 120 x 85 x 25 cm (L x B x H) Vikt: 4,8 kg Leveransomfattning: 1 x hundb\u00e4dd FEANDREA Anm\u00e4rkningar:Denna produkt levereras i en vakuumf\u00f6rpackning. Skaka den efter uppackning och l\u00e5t den st\u00e5 i 48\u201372 timmar s\u00e5 att den n\u00e5r sin fulla storlek. Produkter med s\u00f6mmar kan avvika 2\u20133 cm fr\u00e5n de m\u00e5tt vi anger. M\u00e4t din fyrbenta v\u00e4n f\u00f6r att s\u00e4kerst\u00e4lla att denna hundkorg passar hans storlek. H\u00e5ll produkten borta fr\u00e5n v\u00e4rmek\u00e4llor med en temperatur p\u00e5 40 \u2103 eller mer, t.ex. radiatorer. Om du anv\u00e4nder golvv\u00e4rme, placera produkten p\u00e5 mattan.<\/p>\n","protected":false},"excerpt":{"rendered":"<p>Feandrea ortopedisk hundb\u00e4dd, hundkudde, hundkorg, mjuk stoppning, hundsoffa, upph\u00f6jda kanter, avtagbart och tv\u00e4ttbart \u00f6verdrag, 91 x 71 x 25 cm, halkfri undersida, ljusgr\u00e5 PGW076G02<\/p>\n","protected":false},"featured_media":45417,"comment_status":"open","ping_status":"closed","template":"","meta":[],"product_brand":[],"product_cat":[33],"product_tag":[],"class_list":{"0":"post-18399","1":"product","2":"type-product","3":"status-publish","4":"has-post-thumbnail","6":"product_cat-okategoriserad","8":"first","9":"instock","10":"shipping-taxable","11":"purchasable","12":"product-type-simple"},"_links":{"self":[{"href":"https:\/\/nordicmart.andreevmaster.com\/sv\/wp-json\/wp\/v2\/product\/18399","targetHints":{"allow":["GET"]}}],"collection":[{"href":"https:\/\/nordicmart.andreevmaster.com\/sv\/wp-json\/wp\/v2\/product"}],"about":[{"href":"https:\/\/nordicmart.andreevmaster.com\/sv\/wp-json\/wp\/v2\/types\/product"}],"replies":[{"embeddable":true,"href":"https:\/\/nordicmart.andreevmaster.com\/sv\/wp-json\/wp\/v2\/comments?post=18399"}],"wp:featuredmedia":[{"embeddable":true,"href":"https:\/\/nordicmart.andreevmaster.com\/sv\/wp-json\/wp\/v2\/media\/45417"}],"wp:attachment":[{"href":"https:\/\/nordicmart.andreevmaster.com\/sv\/wp-json\/wp\/v2\/media?parent=18399"}],"wp:term":[{"taxonomy":"product_brand","embeddable":true,"href":"https:\/\/nordicmart.andreevmaster.com\/sv\/wp-json\/wp\/v2\/product_brand?post=18399"},{"taxonomy":"product_cat","embeddable":true,"href":"https:\/\/nordicmart.andreevmaster.com\/sv\/wp-json\/wp\/v2\/product_cat?post=18399"},{"taxonomy":"product_tag","embeddable":true,"href":"https:\/\/nordicmart.andreevmaster.com\/sv\/wp-json\/wp\/v2\/product_tag?post=18399"}],"curies":[{"name":"wp","href":"https:\/\/api.w.org\/{rel}","templated":true}]}}