{"id":18398,"date":"2026-02-27T00:39:45","date_gmt":"2026-02-27T00:39:45","guid":{"rendered":"https:\/\/nordicmart.andreevmaster.com\/product\/feandrea-ortopedisk-hundbadd-med-forhojd-kant-120-x-85-x-25-cm\/"},"modified":"2026-02-27T08:28:19","modified_gmt":"2026-02-27T08:28:19","slug":"feandrea-ortopedisk-hundbadd-med-forhojd-kant-120-x-85-x-25-cm","status":"publish","type":"product","link":"https:\/\/nordicmart.andreevmaster.com\/sv\/produkt\/feandrea-ortopedisk-hundbadd-med-forhojd-kant-120-x-85-x-25-cm\/","title":{"rendered":"Feandrea ortopedisk hundb\u00e4dd med f\u00f6rh\u00f6jd kant 120 x 85 x 25 cm"},"content":{"rendered":"<p>Feandrea ortopedisk hundb\u00e4dd, hundkudde, hundkorg, mjuk stoppning, hundsoffa, upph\u00f6jda kanter, avtagbart och tv\u00e4ttbart \u00f6verdrag, 91 x 71 x 25 cm, halkfri undersida, ljusgr\u00e5 PGW076G02<\/p>\n","protected":false},"excerpt":{"rendered":"<p>Feandrea ortopedisk hundb\u00e4dd, hundkudde, hundkorg, mjuk stoppning, hundsoffa, upph\u00f6jda kanter, avtagbart och tv\u00e4ttbart \u00f6verdrag, 91 x 71 x 25 cm, halkfri undersida, ljusgr\u00e5 PGW076G02<\/p>\n","protected":false},"featured_media":45416,"comment_status":"open","ping_status":"closed","template":"","meta":[],"product_brand":[],"product_cat":[33],"product_tag":[],"class_list":{"0":"post-18398","1":"product","2":"type-product","3":"status-publish","4":"has-post-thumbnail","6":"product_cat-okategoriserad","8":"first","9":"instock","10":"shipping-taxable","11":"purchasable","12":"product-type-simple"},"_links":{"self":[{"href":"https:\/\/nordicmart.andreevmaster.com\/sv\/wp-json\/wp\/v2\/product\/18398","targetHints":{"allow":["GET"]}}],"collection":[{"href":"https:\/\/nordicmart.andreevmaster.com\/sv\/wp-json\/wp\/v2\/product"}],"about":[{"href":"https:\/\/nordicmart.andreevmaster.com\/sv\/wp-json\/wp\/v2\/types\/product"}],"replies":[{"embeddable":true,"href":"https:\/\/nordicmart.andreevmaster.com\/sv\/wp-json\/wp\/v2\/comments?post=18398"}],"wp:featuredmedia":[{"embeddable":true,"href":"https:\/\/nordicmart.andreevmaster.com\/sv\/wp-json\/wp\/v2\/media\/45416"}],"wp:attachment":[{"href":"https:\/\/nordicmart.andreevmaster.com\/sv\/wp-json\/wp\/v2\/media?parent=18398"}],"wp:term":[{"taxonomy":"product_brand","embeddable":true,"href":"https:\/\/nordicmart.andreevmaster.com\/sv\/wp-json\/wp\/v2\/product_brand?post=18398"},{"taxonomy":"product_cat","embeddable":true,"href":"https:\/\/nordicmart.andreevmaster.com\/sv\/wp-json\/wp\/v2\/product_cat?post=18398"},{"taxonomy":"product_tag","embeddable":true,"href":"https:\/\/nordicmart.andreevmaster.com\/sv\/wp-json\/wp\/v2\/product_tag?post=18398"}],"curies":[{"name":"wp","href":"https:\/\/api.w.org\/{rel}","templated":true}]}}