{"id":18389,"date":"2026-02-27T00:39:42","date_gmt":"2026-02-27T00:39:42","guid":{"rendered":"https:\/\/nordicmart.andreevmaster.com\/product\/feandrea-hundbadd-for-stora-hundar-120-x-85-x-28-cm\/"},"modified":"2026-02-27T08:28:17","modified_gmt":"2026-02-27T08:28:17","slug":"feandrea-hundbadd-for-stora-hundar-120-x-85-x-28-cm","status":"publish","type":"product","link":"https:\/\/nordicmart.andreevmaster.com\/sv\/produkt\/feandrea-hundbadd-for-stora-hundar-120-x-85-x-28-cm\/","title":{"rendered":"Feandrea hundb\u00e4dd f\u00f6r stora hundar 120 x 85 x 28 cm"},"content":{"rendered":"<p>Bra hundb\u00e4dd, bra hundliv: Enkel, stilfull, mjuk och ger bra st\u00f6d \u2013 denna hundb\u00e4dd ger stil till ditt hem och komfort f\u00f6r ditt husdjur. Oavsett om din p\u00e4lskl\u00e4dda huskamrat rullar ihop sig f\u00f6r att sova eller vilar huvudet p\u00e5 de bekv\u00e4ma upph\u00f6jda kanterna, kommer den att ha s\u00f6ta och lugnande dr\u00f6mmar n\u00e4r den ligger i sin nya b\u00e4dd.Produktdetaljer: F\u00e4rg: Gr\u00e5-m\u00f6rkgr\u00e5 Material: Imitation av linne, PP-stoppning Storlek: 120 x 85 x 28 cm (L x B x H) Vikt: 4,5 kg Leveransomfattning: 1 x hundb\u00e4dd FEANDREA Anm\u00e4rkningar: \u00d6verdraget \u00e4r avtagbart och tv\u00e4ttbart. Tv\u00e4tta inte hela hundb\u00e4dden. Denna produkt levereras i en vakuumf\u00f6rpackning. Det \u00e4r m\u00f6jligt att b\u00e4dden \u00e4r mycket platt efter uppackningen och att den f\u00f6rst efter 24-48 timmar \u00e5terf\u00e5r sin normala form. Skaka den efter uppackningen s\u00e5 att den snabbare \u00e5terf\u00e5r sin fulla storlek.<\/p>\n","protected":false},"excerpt":{"rendered":"<p>Feandrea hundb\u00e4dd f\u00f6r stora hundar, hundkudde med kant, hundkorg, hundsoffa, kan anv\u00e4ndas fr\u00e5n tv\u00e5 sidor, avtagbart och tv\u00e4ttbart \u00f6verdrag, 120 x 85 x 28 cm, gr\u00e5-m\u00f6rkgr\u00e5 PGW073G01<\/p>\n","protected":false},"featured_media":45407,"comment_status":"open","ping_status":"closed","template":"","meta":[],"product_brand":[],"product_cat":[33],"product_tag":[],"class_list":{"0":"post-18389","1":"product","2":"type-product","3":"status-publish","4":"has-post-thumbnail","6":"product_cat-okategoriserad","8":"first","9":"instock","10":"shipping-taxable","11":"purchasable","12":"product-type-simple"},"_links":{"self":[{"href":"https:\/\/nordicmart.andreevmaster.com\/sv\/wp-json\/wp\/v2\/product\/18389","targetHints":{"allow":["GET"]}}],"collection":[{"href":"https:\/\/nordicmart.andreevmaster.com\/sv\/wp-json\/wp\/v2\/product"}],"about":[{"href":"https:\/\/nordicmart.andreevmaster.com\/sv\/wp-json\/wp\/v2\/types\/product"}],"replies":[{"embeddable":true,"href":"https:\/\/nordicmart.andreevmaster.com\/sv\/wp-json\/wp\/v2\/comments?post=18389"}],"wp:featuredmedia":[{"embeddable":true,"href":"https:\/\/nordicmart.andreevmaster.com\/sv\/wp-json\/wp\/v2\/media\/45407"}],"wp:attachment":[{"href":"https:\/\/nordicmart.andreevmaster.com\/sv\/wp-json\/wp\/v2\/media?parent=18389"}],"wp:term":[{"taxonomy":"product_brand","embeddable":true,"href":"https:\/\/nordicmart.andreevmaster.com\/sv\/wp-json\/wp\/v2\/product_brand?post=18389"},{"taxonomy":"product_cat","embeddable":true,"href":"https:\/\/nordicmart.andreevmaster.com\/sv\/wp-json\/wp\/v2\/product_cat?post=18389"},{"taxonomy":"product_tag","embeddable":true,"href":"https:\/\/nordicmart.andreevmaster.com\/sv\/wp-json\/wp\/v2\/product_tag?post=18389"}],"curies":[{"name":"wp","href":"https:\/\/api.w.org\/{rel}","templated":true}]}}