{"id":18383,"date":"2026-02-27T00:39:40","date_gmt":"2026-02-27T00:39:40","guid":{"rendered":"https:\/\/nordicmart.andreevmaster.com\/product\/feandrea-mjuk-hundsoffa-90-cm-brun-beige\/"},"modified":"2026-02-27T08:28:16","modified_gmt":"2026-02-27T08:28:16","slug":"feandrea-mjuk-hundsoffa-90-cm-brun-beige","status":"publish","type":"product","link":"https:\/\/nordicmart.andreevmaster.com\/sv\/produkt\/feandrea-mjuk-hundsoffa-90-cm-brun-beige\/","title":{"rendered":"Feandrea Mjuk hundsoffa 90 cm brun-beige"},"content":{"rendered":"<p>Ge din fyrbenta v\u00e4n en egen s\u00e4ng! \u00c4ntligen f\u00e5r din hund en egen s\u00e4ng som \u00e4r mysig och bekv\u00e4m. FEANDREA vill att din fyrbenta v\u00e4n ska k\u00e4nna sig som en del av familjen, d\u00e4rf\u00f6r har vi utvecklat denna h\u00e5llbara hunds\u00e4ng som garanterat kommer att bli din hunds absoluta favoritplats. Tack vare den extra mjuka liggytan kan den koppla av ordentligt. Det v\u00e4lstoppade kudden kan tas bort och anv\u00e4ndas separat. V\u00e4nta inte l\u00e4ngre och k\u00f6p hundb\u00e4dden nu. Din hund f\u00f6rtj\u00e4nar ett mysigt hem. Produktdetaljer: &#8211; F\u00e4rg: brun+beige &#8211; Material: Velourl\u00e4der, polyester-tyg med noppor, PP-fyllning, plysch- M\u00e5tt: 90 x 25 x 75 cm (B x H x D)- Vikt: 2,2 kg Leveransomfattning: &#8211; 1 x hundb\u00e4dd FEANDREA Anm\u00e4rkningar: &#8211; Uts\u00e4tt inte produkten f\u00f6r direkt solljus och placera den inte i en fuktig milj\u00f6.- Produkten f\u00e5r inte komma i kontakt med vassa f\u00f6rem\u00e5l. &#8211; Hundb\u00e4dden \u00e4r inte ett tuggleksak f\u00f6r dina fyrbenta v\u00e4nner; se till att din hund inte tuggar p\u00e5 b\u00e4dden. &#8211; Observera att textiletiketten p\u00e5 denna produkt har ersatts med en h\u00f6gkvalitativ etikett i konstl\u00e4der och att tassm\u00f6nstret i det nedre h\u00f6gra h\u00f6rnet har tagits bort. Det \u00e4r d\u00e4rf\u00f6r m\u00f6jligt att du f\u00e5r den gamla modellen eller den nya varianten. Leveransen av den ena eller andra modellen sker slumpm\u00e4ssigt.<\/p>\n","protected":false},"excerpt":{"rendered":"<p>Feandrea hundb\u00e4dd, mjuk hundkorg, L, med avtagbart kudde, 90 x 25 x 75 cm, brun och beige PGW06YC<\/p>\n","protected":false},"featured_media":45401,"comment_status":"open","ping_status":"closed","template":"","meta":[],"product_brand":[],"product_cat":[33],"product_tag":[],"class_list":{"0":"post-18383","1":"product","2":"type-product","3":"status-publish","4":"has-post-thumbnail","6":"product_cat-okategoriserad","8":"first","9":"instock","10":"shipping-taxable","11":"purchasable","12":"product-type-simple"},"_links":{"self":[{"href":"https:\/\/nordicmart.andreevmaster.com\/sv\/wp-json\/wp\/v2\/product\/18383","targetHints":{"allow":["GET"]}}],"collection":[{"href":"https:\/\/nordicmart.andreevmaster.com\/sv\/wp-json\/wp\/v2\/product"}],"about":[{"href":"https:\/\/nordicmart.andreevmaster.com\/sv\/wp-json\/wp\/v2\/types\/product"}],"replies":[{"embeddable":true,"href":"https:\/\/nordicmart.andreevmaster.com\/sv\/wp-json\/wp\/v2\/comments?post=18383"}],"wp:featuredmedia":[{"embeddable":true,"href":"https:\/\/nordicmart.andreevmaster.com\/sv\/wp-json\/wp\/v2\/media\/45401"}],"wp:attachment":[{"href":"https:\/\/nordicmart.andreevmaster.com\/sv\/wp-json\/wp\/v2\/media?parent=18383"}],"wp:term":[{"taxonomy":"product_brand","embeddable":true,"href":"https:\/\/nordicmart.andreevmaster.com\/sv\/wp-json\/wp\/v2\/product_brand?post=18383"},{"taxonomy":"product_cat","embeddable":true,"href":"https:\/\/nordicmart.andreevmaster.com\/sv\/wp-json\/wp\/v2\/product_cat?post=18383"},{"taxonomy":"product_tag","embeddable":true,"href":"https:\/\/nordicmart.andreevmaster.com\/sv\/wp-json\/wp\/v2\/product_tag?post=18383"}],"curies":[{"name":"wp","href":"https:\/\/api.w.org\/{rel}","templated":true}]}}